{"id":105535,"date":"2025-01-23T20:27:47","date_gmt":"2025-01-23T20:27:47","guid":{"rendered":"https:\/\/berberedesign.com\/vintage-inspired-berber-armchair-with-geometric-tufted-fabric\/"},"modified":"2025-02-22T17:24:20","modified_gmt":"2025-02-22T17:24:20","slug":"fauteuil-berbere-dinspiration-vintage-avec-tissu-tufte-geometrique","status":"publish","type":"product","link":"https:\/\/berberedesign.com\/fr\/fauteuil-berbere-dinspiration-vintage-avec-tissu-tufte-geometrique\/","title":{"rendered":"Fauteuil berb\u00e8re d'inspiration vintage avec tissu touffet\u00e9 g\u00e9om\u00e9trique"},"content":{"rendered":"<div data-elementor-type=\"product-post\" data-elementor-id=\"105535\" class=\"elementor elementor-105535\" data-elementor-post-type=\"product\">\n\t\t\t\t<div class=\"elementor-element elementor-element-56e9c314 e-flex e-con-boxed e-con e-parent\" data-id=\"56e9c314\" data-element_type=\"container\" data-e-type=\"container\">\n\t\t\t\t\t<div class=\"e-con-inner\">\n\t\t\t\t<div class=\"elementor-element elementor-element-43065a96 elementor-widget elementor-widget-text-editor\" data-id=\"43065a96\" data-element_type=\"widget\" data-e-type=\"widget\" data-widget_type=\"text-editor.default\">\n\t\t\t\t<div class=\"elementor-widget-container\">\n\t\t\t\t\t\t\t\t\t<div>\n<h2>Fauteuil berb\u00e8re d'inspiration vintage avec tissu touffet\u00e9 g\u00e9om\u00e9trique<\/h2>\n<iframe title=\"Lecteur vid\u00e9o YouTube\" src=\"https:\/\/www.youtube.com\/embed\/BnSNNAZJTCg?si=dSd5Ooa9tJSg-64A\" width=\"560\" height=\"315\" frameborder=\"0\" allowfullscreen=\"allowfullscreen\"><\/iframe>\n\nApportez un charme marocain authentique \u00e0 votre int\u00e9rieur avec ce fauteuil berb\u00e8re exquis. Con\u00e7u pour refl\u00e9ter l'artisanat traditionnel, ce meuble pr\u00e9sente les caract\u00e9ristiques suivantes :\n<ul>\n \t<li><strong>Tissu tuft\u00e9 de premi\u00e8re qualit\u00e9 :<\/strong> Orn\u00e9 de motifs g\u00e9om\u00e9triques pour un look distinctif.<\/li>\n \t<li><strong>Cadre en bois robuste :<\/strong> Le design circulaire unique ajoute une touche vintage tout en garantissant la durabilit\u00e9.<\/li>\n \t<li><strong>Un compl\u00e9ment de d\u00e9cor polyvalent :<\/strong> Parfait pour les salons, les coins lecture ou les chambres \u00e0 coucher.<\/li>\n<\/ul>\nChaque fauteuil est fabriqu\u00e9 par des artisans marocains qualifi\u00e9s, alliant techniques traditionnelles et esth\u00e9tique moderne. Que vous souhaitiez enrichir votre espace d'une profondeur culturelle ou que vous recherchiez simplement un si\u00e8ge confortable et \u00e9l\u00e9gant, ce fauteuil berb\u00e8re est le choix id\u00e9al.\n\n<\/div>\t\t\t\t\t\t\t\t<\/div>\n\t\t\t\t<\/div>\n\t\t\t\t\t<\/div>\n\t\t\t\t<\/div>\n\t\t\t\t<\/div>","protected":false},"excerpt":{"rendered":"<p>Ce fauteuil berb\u00e8re d'inspiration vintage est un m\u00e9lange parfait de confort et d'artisanat marocain. Dot\u00e9 d'un design g\u00e9om\u00e9trique en tissu tuft\u00e9 et d'un cadre en bois circulaire unique, c'est une pi\u00e8ce de choix pour votre espace de vie.<\/p>","protected":false},"featured_media":105536,"comment_status":"open","ping_status":"closed","template":"","meta":[],"product_brand":[],"product_cat":[351,15],"product_tag":[],"class_list":{"0":"post-105535","1":"product","2":"type-product","3":"status-publish","4":"has-post-thumbnail","6":"product_cat-chair","7":"product_cat-uncategorized","9":"first","10":"instock","11":"sale","12":"shipping-taxable","13":"purchasable","14":"product-type-simple"},"jetpack_sharing_enabled":true,"_links":{"self":[{"href":"https:\/\/berberedesign.com\/fr\/wp-json\/wp\/v2\/product\/105535","targetHints":{"allow":["GET"]}}],"collection":[{"href":"https:\/\/berberedesign.com\/fr\/wp-json\/wp\/v2\/product"}],"about":[{"href":"https:\/\/berberedesign.com\/fr\/wp-json\/wp\/v2\/types\/product"}],"replies":[{"embeddable":true,"href":"https:\/\/berberedesign.com\/fr\/wp-json\/wp\/v2\/comments?post=105535"}],"version-history":[{"count":4,"href":"https:\/\/berberedesign.com\/fr\/wp-json\/wp\/v2\/product\/105535\/revisions"}],"predecessor-version":[{"id":106181,"href":"https:\/\/berberedesign.com\/fr\/wp-json\/wp\/v2\/product\/105535\/revisions\/106181"}],"wp:featuredmedia":[{"embeddable":true,"href":"https:\/\/berberedesign.com\/fr\/wp-json\/wp\/v2\/media\/105536"}],"wp:attachment":[{"href":"https:\/\/berberedesign.com\/fr\/wp-json\/wp\/v2\/media?parent=105535"}],"wp:term":[{"taxonomy":"product_brand","embeddable":true,"href":"https:\/\/berberedesign.com\/fr\/wp-json\/wp\/v2\/product_brand?post=105535"},{"taxonomy":"product_cat","embeddable":true,"href":"https:\/\/berberedesign.com\/fr\/wp-json\/wp\/v2\/product_cat?post=105535"},{"taxonomy":"product_tag","embeddable":true,"href":"https:\/\/berberedesign.com\/fr\/wp-json\/wp\/v2\/product_tag?post=105535"}],"curies":[{"name":"wp","href":"https:\/\/api.w.org\/{rel}","templated":true}]}}