{"id":105516,"date":"2025-01-23T20:27:42","date_gmt":"2025-01-23T20:27:42","guid":{"rendered":"https:\/\/berberedesign.com\/elegant-handmade-green-wool-armchair-with-solid-wood-frame\/"},"modified":"2025-04-02T11:04:01","modified_gmt":"2025-04-02T11:04:01","slug":"elegant-fauteuil-en-laine-verte-fait-main-avec-structure-en-bois-massif","status":"publish","type":"product","link":"https:\/\/berberedesign.com\/fr\/elegant-fauteuil-en-laine-verte-fait-main-avec-structure-en-bois-massif\/","title":{"rendered":"Fauteuil \u00e9l\u00e9gant en laine verte fait \u00e0 la main avec cadre en bois massif"},"content":{"rendered":"<div data-elementor-type=\"product-post\" data-elementor-id=\"105516\" class=\"elementor elementor-105516\" data-elementor-post-type=\"product\">\n\t\t\t\t<div class=\"elementor-element elementor-element-66ae3871 e-flex e-con-boxed e-con e-parent\" data-id=\"66ae3871\" data-element_type=\"container\">\n\t\t\t\t\t<div class=\"e-con-inner\">\n\t\t\t\t<div class=\"elementor-element elementor-element-13eb1e4 elementor-widget elementor-widget-text-editor\" data-id=\"13eb1e4\" data-element_type=\"widget\" data-widget_type=\"text-editor.default\">\n\t\t\t\t<div class=\"elementor-widget-container\">\n\t\t\t\t\t\t\t\t\t<h2>Fauteuil \u00e9l\u00e9gant en laine verte fait \u00e0 la main<\/h2>\nApportez un charme et un confort intemporels \u00e0 votre maison gr\u00e2ce \u00e0 cette exquise <strong>fauteuil fait main<\/strong>. Tapiss\u00e9e de laine verte vibrante, cette chaise offre une sensation chaleureuse et accueillante tout en affichant un design audacieux. Le cadre en bois massif est le fruit d'un travail artisanal, gage de durabilit\u00e9 et d'\u00e9l\u00e9gance.\n\n<iframe title=\"Lecteur vid\u00e9o YouTube\" src=\"https:\/\/www.youtube.com\/embed\/llLuzzCVG0A?si=vM6kSOE3SwVmVn1p\" width=\"560\" height=\"315\" frameborder=\"0\" allowfullscreen=\"allowfullscreen\"><\/iframe>\n\nQue vous soyez \u00e0 la recherche d'une pi\u00e8ce d'accent unique ou d'un fauteuil de lecture confortable, ce fauteuil associe des mat\u00e9riaux traditionnels \u00e0 une esth\u00e9tique moderne. Les pieds et les accoudoirs en bois m\u00e9ticuleusement travaill\u00e9s soulignent la qualit\u00e9 du design marocain, ce qui en fait une pi\u00e8ce remarquable dans n'importe quel environnement.\n\n \n\nTransformez votre espace de vie avec ce magnifique fauteuil, con\u00e7u pour offrir confort et style. Parfait pour les salons, les bureaux ou les espaces cr\u00e9atifs, ce fauteuil ne manquera pas d'impressionner.\n\n&nbsp;\t\t\t\t\t\t\t\t<\/div>\n\t\t\t\t<\/div>\n\t\t\t\t\t<\/div>\n\t\t\t\t<\/div>\n\t\t\t\t<\/div>","protected":false},"excerpt":{"rendered":"<p>Cet \u00e9l\u00e9gant fauteuil est dot\u00e9 d'un rev\u00eatement en laine d'un vert \u00e9clatant et d'un cadre en bois robuste fabriqu\u00e9 \u00e0 la main. Il est parfait pour ajouter une touche \u00e0 la fois confortable et sophistiqu\u00e9e \u00e0 votre espace de vie.<\/p>","protected":false},"featured_media":105517,"comment_status":"open","ping_status":"closed","template":"","meta":[],"product_brand":[],"product_cat":[15,351],"product_tag":[],"class_list":{"0":"post-105516","1":"product","2":"type-product","3":"status-publish","4":"has-post-thumbnail","6":"product_cat-uncategorized","7":"product_cat-chair","9":"first","10":"instock","11":"sale","12":"shipping-taxable","13":"purchasable","14":"product-type-simple"},"jetpack_sharing_enabled":true,"_links":{"self":[{"href":"https:\/\/berberedesign.com\/fr\/wp-json\/wp\/v2\/product\/105516","targetHints":{"allow":["GET"]}}],"collection":[{"href":"https:\/\/berberedesign.com\/fr\/wp-json\/wp\/v2\/product"}],"about":[{"href":"https:\/\/berberedesign.com\/fr\/wp-json\/wp\/v2\/types\/product"}],"replies":[{"embeddable":true,"href":"https:\/\/berberedesign.com\/fr\/wp-json\/wp\/v2\/comments?post=105516"}],"version-history":[{"count":5,"href":"https:\/\/berberedesign.com\/fr\/wp-json\/wp\/v2\/product\/105516\/revisions"}],"predecessor-version":[{"id":106178,"href":"https:\/\/berberedesign.com\/fr\/wp-json\/wp\/v2\/product\/105516\/revisions\/106178"}],"wp:featuredmedia":[{"embeddable":true,"href":"https:\/\/berberedesign.com\/fr\/wp-json\/wp\/v2\/media\/105517"}],"wp:attachment":[{"href":"https:\/\/berberedesign.com\/fr\/wp-json\/wp\/v2\/media?parent=105516"}],"wp:term":[{"taxonomy":"product_brand","embeddable":true,"href":"https:\/\/berberedesign.com\/fr\/wp-json\/wp\/v2\/product_brand?post=105516"},{"taxonomy":"product_cat","embeddable":true,"href":"https:\/\/berberedesign.com\/fr\/wp-json\/wp\/v2\/product_cat?post=105516"},{"taxonomy":"product_tag","embeddable":true,"href":"https:\/\/berberedesign.com\/fr\/wp-json\/wp\/v2\/product_tag?post=105516"}],"curies":[{"name":"wp","href":"https:\/\/api.w.org\/{rel}","templated":true}]}}