{"id":105508,"date":"2025-01-23T20:27:40","date_gmt":"2025-01-23T20:27:40","guid":{"rendered":"https:\/\/berberedesign.com\/vibrant-orange-checkered-handmade-chair\/"},"modified":"2025-02-04T20:00:16","modified_gmt":"2025-02-04T20:00:16","slug":"chaise-a-carreaux-orange-vibrante-faite-a-la-main","status":"publish","type":"product","link":"https:\/\/berberedesign.com\/fr\/chaise-a-carreaux-orange-vibrante-faite-a-la-main\/","title":{"rendered":"Chaise \u00e0 carreaux orange vibrante faite \u00e0 la main"},"content":{"rendered":"<div data-elementor-type=\"product-post\" data-elementor-id=\"105508\" class=\"elementor elementor-105508\" data-elementor-post-type=\"product\">\n\t\t\t\t<div class=\"elementor-element elementor-element-1d1ffa34 e-flex e-con-boxed e-con e-parent\" data-id=\"1d1ffa34\" data-element_type=\"container\">\n\t\t\t\t\t<div class=\"e-con-inner\">\n\t\t\t\t<div class=\"elementor-element elementor-element-4761d209 elementor-widget elementor-widget-text-editor\" data-id=\"4761d209\" data-element_type=\"widget\" data-widget_type=\"text-editor.default\">\n\t\t\t\t<div class=\"elementor-widget-container\">\n\t\t\t\t\t\t\t\t\t<div>\n<h2>Chaise \u00e0 carreaux orange vibrante faite \u00e0 la main<\/h2>\n&nbsp;\n\nCette superbe chaise fabriqu\u00e9e \u00e0 la main pr\u00e9sente un motif \u00e0 carreaux orange et blanc audacieux, qui donne de l'\u00e9nergie et du charme \u00e0 n'importe quelle pi\u00e8ce. Tapiss\u00e9 de laine marocaine douce tiss\u00e9e \u00e0 la main, il offre une exp\u00e9rience d'assise confortable et luxueuse.\n\nLe cadre en bois est fabriqu\u00e9 \u00e0 partir de bois durable provenant de sources \u00e9thiques, ce qui garantit la stabilit\u00e9 et la long\u00e9vit\u00e9. Parfait pour ajouter une touche d'artisanat \u00e0 votre salon, votre chambre ou votre bureau.\n<ul>\n \t<li>Fabriqu\u00e9 \u00e0 la main avec de la laine marocaine authentique<\/li>\n \t<li>Un motif \u00e0 carreaux unique pour une d\u00e9claration audacieuse<\/li>\n \t<li>Cadre en bois robuste et durable<\/li>\n \t<li>Parfait pour les int\u00e9rieurs modernes, boh\u00e8mes ou \u00e9clectiques<\/li>\n<\/ul>\n<\/div>\n<iframe title=\"Lecteur vid\u00e9o YouTube\" src=\"https:\/\/www.youtube.com\/embed\/Ok-VWXnA5lM?si=6asMuS8lJXtkTrLL\" width=\"560\" height=\"315\" frameborder=\"0\" allowfullscreen=\"allowfullscreen\"><\/iframe>\n<div>\n\nC\u00e9l\u00e9brez l'art de l'artisanat marocain avec ce meuble unique en son genre. Transformez votre maison en un espace vibrant et accueillant !\n\n<\/div>\t\t\t\t\t\t\t\t<\/div>\n\t\t\t\t<\/div>\n\t\t\t\t\t<\/div>\n\t\t\t\t<\/div>\n\t\t\t\t<\/div>","protected":false},"excerpt":{"rendered":"<p>Ajoutez une touche de couleur \u00e0 votre espace avec cette chaise artisanale \u00e0 carreaux orange et blancs. Fabriqu\u00e9e avec de la laine marocaine de premi\u00e8re qualit\u00e9 et un cadre en bois robuste, elle est un m\u00e9lange parfait de confort et de style.<\/p>","protected":false},"featured_media":105509,"comment_status":"open","ping_status":"closed","template":"","meta":[],"product_brand":[],"product_cat":[15,351],"product_tag":[],"class_list":{"0":"post-105508","1":"product","2":"type-product","3":"status-publish","4":"has-post-thumbnail","6":"product_cat-uncategorized","7":"product_cat-chair","9":"first","10":"instock","11":"sale","12":"shipping-taxable","13":"purchasable","14":"product-type-simple"},"jetpack_sharing_enabled":true,"_links":{"self":[{"href":"https:\/\/berberedesign.com\/fr\/wp-json\/wp\/v2\/product\/105508","targetHints":{"allow":["GET"]}}],"collection":[{"href":"https:\/\/berberedesign.com\/fr\/wp-json\/wp\/v2\/product"}],"about":[{"href":"https:\/\/berberedesign.com\/fr\/wp-json\/wp\/v2\/types\/product"}],"replies":[{"embeddable":true,"href":"https:\/\/berberedesign.com\/fr\/wp-json\/wp\/v2\/comments?post=105508"}],"version-history":[{"count":4,"href":"https:\/\/berberedesign.com\/fr\/wp-json\/wp\/v2\/product\/105508\/revisions"}],"predecessor-version":[{"id":106149,"href":"https:\/\/berberedesign.com\/fr\/wp-json\/wp\/v2\/product\/105508\/revisions\/106149"}],"wp:featuredmedia":[{"embeddable":true,"href":"https:\/\/berberedesign.com\/fr\/wp-json\/wp\/v2\/media\/105509"}],"wp:attachment":[{"href":"https:\/\/berberedesign.com\/fr\/wp-json\/wp\/v2\/media?parent=105508"}],"wp:term":[{"taxonomy":"product_brand","embeddable":true,"href":"https:\/\/berberedesign.com\/fr\/wp-json\/wp\/v2\/product_brand?post=105508"},{"taxonomy":"product_cat","embeddable":true,"href":"https:\/\/berberedesign.com\/fr\/wp-json\/wp\/v2\/product_cat?post=105508"},{"taxonomy":"product_tag","embeddable":true,"href":"https:\/\/berberedesign.com\/fr\/wp-json\/wp\/v2\/product_tag?post=105508"}],"curies":[{"name":"wp","href":"https:\/\/api.w.org\/{rel}","templated":true}]}}