{"id":105500,"date":"2025-01-23T20:27:38","date_gmt":"2025-01-23T20:27:38","guid":{"rendered":"https:\/\/berberedesign.com\/vintage-purple-boucle-moroccan-lounge-chair-handmade-comfort-and-style\/"},"modified":"2025-08-28T04:58:28","modified_gmt":"2025-08-28T04:58:28","slug":"chaise-de-salon-marocaine-vintage-en-boucle-violette-faite-a-la-main-confort-et-style","status":"publish","type":"product","link":"https:\/\/berberedesign.com\/fr\/chaise-de-salon-marocaine-vintage-en-boucle-violette-faite-a-la-main-confort-et-style\/","title":{"rendered":"Chaise longue marocaine Vintage Purple Boucle - Handmade Comfort and Style"},"content":{"rendered":"<div data-elementor-type=\"product-post\" data-elementor-id=\"105500\" class=\"elementor elementor-105500\" data-elementor-post-type=\"product\">\n\t\t\t\t<div class=\"elementor-element elementor-element-4c556d34 e-flex e-con-boxed e-con e-parent\" data-id=\"4c556d34\" data-element_type=\"container\">\n\t\t\t\t\t<div class=\"e-con-inner\">\n\t\t\t\t<div class=\"elementor-element elementor-element-1fe69589 elementor-widget elementor-widget-text-editor\" data-id=\"1fe69589\" data-element_type=\"widget\" data-widget_type=\"text-editor.default\">\n\t\t\t\t<div class=\"elementor-widget-container\">\n\t\t\t\t\t\t\t\t\t<div>\n<h2>Chaise longue marocaine vintage en bouclier violet<\/h2>\nAjoutez une touche de couleur audacieuse et de texture luxueuse \u00e0 votre espace de vie avec cette magnifique\n<strong>Chaise longue marocaine fabriqu\u00e9e \u00e0 la main<\/strong>. Avec son rev\u00eatement en laine boucl\u00e9e violette et son cadre en bois aux courbes uniques, cette chaise est \u00e0 la fois une pi\u00e8ce d'apparat et un refuge douillet.\n\n \n\nChaque chaise est fabriqu\u00e9e par des artisans qualifi\u00e9s, alliant les techniques marocaines traditionnelles \u00e0 des \u00e9l\u00e9ments de design modernes.\nLe rev\u00eatement en laine boucl\u00e9e offre une texture riche et une excellente durabilit\u00e9, tandis que le design ergonomique assure un confort durable.\n\n \n\nQu'il soit utilis\u00e9 comme pi\u00e8ce d'accent dans votre salon ou comme fauteuil de lecture dans un coin douillet, ce fauteuil de salon offre style et fonctionnalit\u00e9.\nV\u00e9ritable incarnation de l'artisanat marocain, il s'int\u00e8gre parfaitement aux int\u00e9rieurs contemporains et boh\u00e8mes.\n\n<iframe title=\"Lecteur vid\u00e9o YouTube\" src=\"https:\/\/www.youtube.com\/embed\/W0lNWRMsJkI?si=mRTVruFq3rbAFXnu\" width=\"560\" height=\"315\" frameborder=\"0\" allowfullscreen=\"allowfullscreen\"><\/iframe>\n\n<strong>Caract\u00e9ristiques principales :<\/strong>\n<ul>\n \t<li>Tapis en laine bouclette violette tiss\u00e9e \u00e0 la main<\/li>\n \t<li>\u00c9l\u00e9gant cadre en bois courb\u00e9<\/li>\n \t<li>Authentique artisanat marocain<\/li>\n \t<li>Conception luxueuse et durable<\/li>\n<\/ul>\nApportez une touche d'art marocain \u00e0 votre int\u00e9rieur avec cette chaise longue unique en son genre.\nSon design accrocheur et ses mat\u00e9riaux de qualit\u00e9 sup\u00e9rieure en feront un objet de conversation pour les ann\u00e9es \u00e0 venir.\n\n<\/div>\t\t\t\t\t\t\t\t<\/div>\n\t\t\t\t<\/div>\n\t\t\t\t\t<\/div>\n\t\t\t\t<\/div>\n\t\t\t\t<\/div>","protected":false},"excerpt":{"rendered":"<p>Chaise longue marocaine fabriqu\u00e9e \u00e0 la main avec un rev\u00eatement en laine bouclette violette et un \u00e9l\u00e9gant cadre en bois. Parfait pour ajouter une touche luxueuse et rustique \u00e0 votre int\u00e9rieur.<\/p>","protected":false},"featured_media":105501,"comment_status":"open","ping_status":"closed","template":"","meta":[],"product_brand":[],"product_cat":[15,351],"product_tag":[],"class_list":{"0":"post-105500","1":"product","2":"type-product","3":"status-publish","4":"has-post-thumbnail","6":"product_cat-uncategorized","7":"product_cat-chair","9":"first","10":"instock","11":"sale","12":"shipping-taxable","13":"purchasable","14":"product-type-simple"},"jetpack_sharing_enabled":true,"_links":{"self":[{"href":"https:\/\/berberedesign.com\/fr\/wp-json\/wp\/v2\/product\/105500","targetHints":{"allow":["GET"]}}],"collection":[{"href":"https:\/\/berberedesign.com\/fr\/wp-json\/wp\/v2\/product"}],"about":[{"href":"https:\/\/berberedesign.com\/fr\/wp-json\/wp\/v2\/types\/product"}],"replies":[{"embeddable":true,"href":"https:\/\/berberedesign.com\/fr\/wp-json\/wp\/v2\/comments?post=105500"}],"version-history":[{"count":4,"href":"https:\/\/berberedesign.com\/fr\/wp-json\/wp\/v2\/product\/105500\/revisions"}],"predecessor-version":[{"id":106157,"href":"https:\/\/berberedesign.com\/fr\/wp-json\/wp\/v2\/product\/105500\/revisions\/106157"}],"wp:featuredmedia":[{"embeddable":true,"href":"https:\/\/berberedesign.com\/fr\/wp-json\/wp\/v2\/media\/105501"}],"wp:attachment":[{"href":"https:\/\/berberedesign.com\/fr\/wp-json\/wp\/v2\/media?parent=105500"}],"wp:term":[{"taxonomy":"product_brand","embeddable":true,"href":"https:\/\/berberedesign.com\/fr\/wp-json\/wp\/v2\/product_brand?post=105500"},{"taxonomy":"product_cat","embeddable":true,"href":"https:\/\/berberedesign.com\/fr\/wp-json\/wp\/v2\/product_cat?post=105500"},{"taxonomy":"product_tag","embeddable":true,"href":"https:\/\/berberedesign.com\/fr\/wp-json\/wp\/v2\/product_tag?post=105500"}],"curies":[{"name":"wp","href":"https:\/\/api.w.org\/{rel}","templated":true}]}}