{"id":105492,"date":"2025-01-23T20:27:36","date_gmt":"2025-01-23T20:27:36","guid":{"rendered":"https:\/\/berberedesign.com\/moroccan-wool-armchair-with-diamond-pattern\/"},"modified":"2025-02-04T20:06:31","modified_gmt":"2025-02-04T20:06:31","slug":"fauteuil-en-laine-marocaine-avec-motif-en-losange","status":"publish","type":"product","link":"https:\/\/berberedesign.com\/fr\/fauteuil-en-laine-marocaine-avec-motif-en-losange\/","title":{"rendered":"Fauteuil marocain en laine avec motif en losange"},"content":{"rendered":"<div data-elementor-type=\"product-post\" data-elementor-id=\"105492\" class=\"elementor elementor-105492\" data-elementor-post-type=\"product\">\n\t\t\t\t<div class=\"elementor-element elementor-element-37742f99 e-flex e-con-boxed e-con e-parent\" data-id=\"37742f99\" data-element_type=\"container\">\n\t\t\t\t\t<div class=\"e-con-inner\">\n\t\t\t\t<div class=\"elementor-element elementor-element-6cb1c7af elementor-widget elementor-widget-text-editor\" data-id=\"6cb1c7af\" data-element_type=\"widget\" data-widget_type=\"text-editor.default\">\n\t\t\t\t<div class=\"elementor-widget-container\">\n\t\t\t\t\t\t\t\t\t<div>Transformez votre espace de vie avec cette \u00e9l\u00e9gante <strong>Fauteuil en laine marocain<\/strong>Ce fauteuil est un mod\u00e8le d'une grande \u00e9l\u00e9gance, avec un design intemporel en forme de diamant noir et blanc. Fabriqu\u00e9e \u00e0 la main avec de la laine naturelle de premi\u00e8re qualit\u00e9, cette chaise allie une texture luxueuse \u00e0 un savoir-faire artisanal, ce qui en fait une pi\u00e8ce remarquable pour n'importe quel int\u00e9rieur.<\/div>\n<iframe title=\"Lecteur vid\u00e9o YouTube\" src=\"https:\/\/www.youtube.com\/embed\/hU58qrvK_4A?si=HXmrS5yR26wzYS8G\" width=\"560\" height=\"315\" frameborder=\"0\" allowfullscreen=\"allowfullscreen\"><\/iframe>\n\n&nbsp;\n<div>\n\nLe cadre en bois robuste du fauteuil compl\u00e8te son rev\u00eatement en laine doux et confortable, offrant \u00e0 la fois durabilit\u00e9 et esth\u00e9tique chaleureuse. Son design ergonomique assure un confort exceptionnel, ce qui le rend parfait pour la d\u00e9tente ou comme fauteuil d'appoint.\n\nRehaussez votre d\u00e9coration int\u00e9rieure avec cette combinaison unique d'h\u00e9ritage marocain et d'\u00e9l\u00e9gance moderne. Id\u00e9al pour les salons, les chambres \u00e0 coucher ou tout autre espace n\u00e9cessitant une touche de charme.\n\n<\/div>\t\t\t\t\t\t\t\t<\/div>\n\t\t\t\t<\/div>\n\t\t\t\t\t<\/div>\n\t\t\t\t<\/div>\n\t\t\t\t<\/div>","protected":false},"excerpt":{"rendered":"<p>Un superbe fauteuil en laine marocaine avec un doux motif en losange noir et blanc, con\u00e7u pour le confort et le style avec un cadre en bois durable.<\/p>","protected":false},"featured_media":105493,"comment_status":"open","ping_status":"closed","template":"","meta":[],"product_brand":[],"product_cat":[15,351],"product_tag":[],"class_list":{"0":"post-105492","1":"product","2":"type-product","3":"status-publish","4":"has-post-thumbnail","6":"product_cat-uncategorized","7":"product_cat-chair","9":"first","10":"instock","11":"sale","12":"shipping-taxable","13":"purchasable","14":"product-type-simple"},"jetpack_sharing_enabled":true,"_links":{"self":[{"href":"https:\/\/berberedesign.com\/fr\/wp-json\/wp\/v2\/product\/105492","targetHints":{"allow":["GET"]}}],"collection":[{"href":"https:\/\/berberedesign.com\/fr\/wp-json\/wp\/v2\/product"}],"about":[{"href":"https:\/\/berberedesign.com\/fr\/wp-json\/wp\/v2\/types\/product"}],"replies":[{"embeddable":true,"href":"https:\/\/berberedesign.com\/fr\/wp-json\/wp\/v2\/comments?post=105492"}],"version-history":[{"count":4,"href":"https:\/\/berberedesign.com\/fr\/wp-json\/wp\/v2\/product\/105492\/revisions"}],"predecessor-version":[{"id":106173,"href":"https:\/\/berberedesign.com\/fr\/wp-json\/wp\/v2\/product\/105492\/revisions\/106173"}],"wp:featuredmedia":[{"embeddable":true,"href":"https:\/\/berberedesign.com\/fr\/wp-json\/wp\/v2\/media\/105493"}],"wp:attachment":[{"href":"https:\/\/berberedesign.com\/fr\/wp-json\/wp\/v2\/media?parent=105492"}],"wp:term":[{"taxonomy":"product_brand","embeddable":true,"href":"https:\/\/berberedesign.com\/fr\/wp-json\/wp\/v2\/product_brand?post=105492"},{"taxonomy":"product_cat","embeddable":true,"href":"https:\/\/berberedesign.com\/fr\/wp-json\/wp\/v2\/product_cat?post=105492"},{"taxonomy":"product_tag","embeddable":true,"href":"https:\/\/berberedesign.com\/fr\/wp-json\/wp\/v2\/product_tag?post=105492"}],"curies":[{"name":"wp","href":"https:\/\/api.w.org\/{rel}","templated":true}]}}