{"id":105482,"date":"2025-01-23T20:27:33","date_gmt":"2025-01-23T20:27:33","guid":{"rendered":"https:\/\/berberedesign.com\/vibrant-yellow-wool-berber-armchair-with-walnut-wood-frame\/"},"modified":"2025-02-04T20:06:17","modified_gmt":"2025-02-04T20:06:17","slug":"fauteuil-berbere-en-laine-jaune-vibrante-avec-structure-en-bois-de-noyer","status":"publish","type":"product","link":"https:\/\/berberedesign.com\/fr\/fauteuil-berbere-en-laine-jaune-vibrante-avec-structure-en-bois-de-noyer\/","title":{"rendered":"Fauteuil berb\u00e8re en laine jaune vibrante avec cadre en bois de noyer"},"content":{"rendered":"<div data-elementor-type=\"product-post\" data-elementor-id=\"105482\" class=\"elementor elementor-105482\" data-elementor-post-type=\"product\">\n\t\t\t\t<div class=\"elementor-element elementor-element-3bcca1fd e-flex e-con-boxed e-con e-parent\" data-id=\"3bcca1fd\" data-element_type=\"container\">\n\t\t\t\t\t<div class=\"e-con-inner\">\n\t\t\t\t<div class=\"elementor-element elementor-element-614bb2c5 elementor-widget elementor-widget-text-editor\" data-id=\"614bb2c5\" data-element_type=\"widget\" data-widget_type=\"text-editor.default\">\n\t\t\t\t<div class=\"elementor-widget-container\">\n\t\t\t\t\t\t\t\t\t<h1>Fauteuil berb\u00e8re en laine jaune vibrante avec cadre en bois de noyer<\/h1>\n<h2>Description succincte :<\/h2>\nRehaussez votre int\u00e9rieur avec ce fauteuil berb\u00e8re en laine d'un jaune \u00e9clatant. Fabriqu\u00e9 \u00e0 la main avec de la laine marocaine authentique et soutenu par un \u00e9l\u00e9gant cadre en bois de noyer, ce fauteuil allie un design vibrant \u00e0 un confort luxueux.\n<h2>Description :<\/h2>\nAjoutez une touche de soleil \u00e0 votre espace de vie avec cette <strong>Fauteuil berb\u00e8re en laine jaune<\/strong>La collection de meubles de l'UNESCO est une combinaison \u00e9tonnante de l'art marocain vibrant et du design moderne. Rembourr\u00e9 avec <strong>laine marocaine tiss\u00e9e \u00e0 la main<\/strong>Cette chaise arbore une palette jaune audacieuse qui cr\u00e9e une atmosph\u00e8re vivante et chaleureuse.\n\nLe fauteuil <strong>cadre ergonomique en bois de noyer<\/strong> Les accoudoirs courb\u00e9s et lisses apportent \u00e0 la fois esth\u00e9tisme et robustesse. La texture douce et duveteuse de la laine am\u00e9liore non seulement le confort, mais t\u00e9moigne \u00e9galement de sa qualit\u00e9. <strong>l'artisanat berb\u00e8re authentique<\/strong>L'h\u00f4tel de ville est un lieu d'exception, r\u00e9put\u00e9 pour son attrait \u00e0 la fois traditionnel et contemporain.\n\nQu'il soit plac\u00e9 dans votre salon, votre coin lecture ou votre bureau, ce fauteuil devient un \u00e9l\u00e9ment incontournable de votre vie quotidienne. <strong>pi\u00e8ce ma\u00eetresse du style et du confort<\/strong>Ce meuble est id\u00e9al pour ceux qui appr\u00e9cient les meubles uniques fabriqu\u00e9s \u00e0 la main. Son design minimaliste lui permet de s'int\u00e9grer parfaitement dans les int\u00e9rieurs modernes, boh\u00e8mes ou \u00e9clectiques.\n\n<iframe title=\"Lecteur vid\u00e9o YouTube\" src=\"https:\/\/www.youtube.com\/embed\/CuduPBUIZxY?si=MoCamWNjlwG5qZNR\" width=\"560\" height=\"315\" frameborder=\"0\" allowfullscreen=\"allowfullscreen\"><\/iframe>\n<h3>Caract\u00e9ristiques principales :<\/h3>\n<ul>\n \t<li>Tapiss\u00e9 de laine marocaine tiss\u00e9e \u00e0 la main d'un jaune vibrant.<\/li>\n \t<li>Cadre robuste en bois de noyer pour la durabilit\u00e9 et l'\u00e9l\u00e9gance.<\/li>\n \t<li>Conception ergonomique pour un confort et un soutien ultimes.<\/li>\n \t<li>Une pi\u00e8ce intemporelle qui allie l'art traditionnel berb\u00e8re \u00e0 l'esth\u00e9tique des meubles modernes.<\/li>\n<\/ul>\n&nbsp;\t\t\t\t\t\t\t\t<\/div>\n\t\t\t\t<\/div>\n\t\t\t\t\t<\/div>\n\t\t\t\t<\/div>\n\t\t\t\t<\/div>","protected":false},"excerpt":{"rendered":"<p>Rehaussez votre int\u00e9rieur avec ce fauteuil berb\u00e8re en laine d'un jaune \u00e9clatant. Fabriqu\u00e9 \u00e0 la main avec de la laine marocaine authentique et soutenu par un \u00e9l\u00e9gant cadre en bois de noyer, ce fauteuil allie un design vibrant \u00e0 un confort luxueux.<\/p>","protected":false},"featured_media":105483,"comment_status":"open","ping_status":"closed","template":"","meta":[],"product_brand":[],"product_cat":[15,351],"product_tag":[],"class_list":{"0":"post-105482","1":"product","2":"type-product","3":"status-publish","4":"has-post-thumbnail","6":"product_cat-uncategorized","7":"product_cat-chair","9":"first","10":"instock","11":"sale","12":"shipping-taxable","13":"purchasable","14":"product-type-simple"},"jetpack_sharing_enabled":true,"_links":{"self":[{"href":"https:\/\/berberedesign.com\/fr\/wp-json\/wp\/v2\/product\/105482","targetHints":{"allow":["GET"]}}],"collection":[{"href":"https:\/\/berberedesign.com\/fr\/wp-json\/wp\/v2\/product"}],"about":[{"href":"https:\/\/berberedesign.com\/fr\/wp-json\/wp\/v2\/types\/product"}],"replies":[{"embeddable":true,"href":"https:\/\/berberedesign.com\/fr\/wp-json\/wp\/v2\/comments?post=105482"}],"version-history":[{"count":4,"href":"https:\/\/berberedesign.com\/fr\/wp-json\/wp\/v2\/product\/105482\/revisions"}],"predecessor-version":[{"id":106170,"href":"https:\/\/berberedesign.com\/fr\/wp-json\/wp\/v2\/product\/105482\/revisions\/106170"}],"wp:featuredmedia":[{"embeddable":true,"href":"https:\/\/berberedesign.com\/fr\/wp-json\/wp\/v2\/media\/105483"}],"wp:attachment":[{"href":"https:\/\/berberedesign.com\/fr\/wp-json\/wp\/v2\/media?parent=105482"}],"wp:term":[{"taxonomy":"product_brand","embeddable":true,"href":"https:\/\/berberedesign.com\/fr\/wp-json\/wp\/v2\/product_brand?post=105482"},{"taxonomy":"product_cat","embeddable":true,"href":"https:\/\/berberedesign.com\/fr\/wp-json\/wp\/v2\/product_cat?post=105482"},{"taxonomy":"product_tag","embeddable":true,"href":"https:\/\/berberedesign.com\/fr\/wp-json\/wp\/v2\/product_tag?post=105482"}],"curies":[{"name":"wp","href":"https:\/\/api.w.org\/{rel}","templated":true}]}}