{"id":105473,"date":"2025-01-23T20:27:31","date_gmt":"2025-01-23T20:27:31","guid":{"rendered":"https:\/\/berberedesign.com\/handcrafted-patchwork-armchair-with-vibrant-wool-upholstery\/"},"modified":"2025-02-04T20:04:54","modified_gmt":"2025-02-04T20:04:54","slug":"fauteuil-en-patchwork-fait-a-la-main-avec-un-revetement-en-laine-vibrante","status":"publish","type":"product","link":"https:\/\/berberedesign.com\/fr\/fauteuil-en-patchwork-fait-a-la-main-avec-un-revetement-en-laine-vibrante\/","title":{"rendered":"Fauteuil en patchwork fabriqu\u00e9 \u00e0 la main avec un rembourrage en laine vibrante"},"content":{"rendered":"<div data-elementor-type=\"product-post\" data-elementor-id=\"105473\" class=\"elementor elementor-105473\" data-elementor-post-type=\"product\">\n\t\t\t\t<div class=\"elementor-element elementor-element-5f235fa1 e-flex e-con-boxed e-con e-parent\" data-id=\"5f235fa1\" data-element_type=\"container\">\n\t\t\t\t\t<div class=\"e-con-inner\">\n\t\t\t\t<div class=\"elementor-element elementor-element-59bff678 elementor-widget elementor-widget-text-editor\" data-id=\"59bff678\" data-element_type=\"widget\" data-widget_type=\"text-editor.default\">\n\t\t\t\t<div class=\"elementor-widget-container\">\n\t\t\t\t\t\t\t\t\t<div>Transformez votre espace de vie avec cette <strong>fauteuil artisanal en patchwork<\/strong>Le fauteuil est un m\u00e9lange \u00e9tonnant d'orange vibrant, de bleu profond et de tons neutres de beige.\nChaque pi\u00e8ce est m\u00e9ticuleusement fabriqu\u00e9e \u00e0 la main avec un rembourrage en laine douce, inspir\u00e9 des motifs berb\u00e8res traditionnels, ce qui la rend vraiment unique.L'\u00e9l\u00e9gant cadre en bois apporte une touche chaleureuse et organique tout en assurant une durabilit\u00e9 durable. L'\u00e9l\u00e9gant cadre en bois apporte une touche organique et chaleureuse tout en garantissant une durabilit\u00e9 durable. Le dossier et les coussins souples du fauteuil offrent un confort ultime, ce qui le rend id\u00e9al pour se d\u00e9tendre ou recevoir.\n\nParfait pour les salons, les coins lecture ou les espaces de travail cr\u00e9atifs, ce fauteuil ajoute du caract\u00e8re et du charme \u00e0 n'importe quel environnement. Qu'il s'agisse de rehausser un d\u00e9cor minimaliste ou de cr\u00e9er une ambiance boh\u00e8me, ce fauteuil deviendra la pi\u00e8ce ma\u00eetresse de votre maison.\n\n<\/div>\n<iframe title=\"Lecteur vid\u00e9o YouTube\" src=\"https:\/\/www.youtube.com\/embed\/i_oGLnVbN08?si=TmL3m9ExkEp48-Vn\" width=\"560\" height=\"315\" frameborder=\"0\" allowfullscreen=\"allowfullscreen\"><\/iframe>\n\n&nbsp;\n<div>\n\n<strong>Caract\u00e9ristiques principales :<\/strong>\n<ul>\n \t<li>Rembourrage en laine tiss\u00e9e \u00e0 la main dans des tons orange et bleu \u00e9clatants.<\/li>\n \t<li>Accoudoirs et pieds en bois massif pour une durabilit\u00e9 intemporelle.<\/li>\n \t<li>Un design confortable et un soutien pour une utilisation quotidienne.<\/li>\n \t<li>Une pi\u00e8ce unique qui allie tradition et modernit\u00e9.<\/li>\n<\/ul>\nFaites entrer l'\u00e9l\u00e9gance de l'artisanat marocain dans votre maison avec ce superbe fauteuil. Ne manquez pas l'occasion de poss\u00e9der une \u0153uvre d'art intemporelle.\n\n<\/div>\t\t\t\t\t\t\t\t<\/div>\n\t\t\t\t<\/div>\n\t\t\t\t\t<\/div>\n\t\t\t\t<\/div>\n\t\t\t\t<\/div>","protected":false},"excerpt":{"rendered":"<p>Rehaussez votre d\u00e9cor avec ce fauteuil en patchwork fabriqu\u00e9 \u00e0 la main, dot\u00e9 d'un rev\u00eatement en laine orange et bleu vibrant et d'un cadre en bois robuste. Un m\u00e9lange parfait de tradition marocaine et d'\u00e9l\u00e9gance moderne.<\/p>","protected":false},"featured_media":105474,"comment_status":"open","ping_status":"closed","template":"","meta":[],"product_brand":[],"product_cat":[15,351],"product_tag":[],"class_list":{"0":"post-105473","1":"product","2":"type-product","3":"status-publish","4":"has-post-thumbnail","6":"product_cat-uncategorized","7":"product_cat-chair","9":"first","10":"instock","11":"sale","12":"shipping-taxable","13":"purchasable","14":"product-type-simple"},"jetpack_sharing_enabled":true,"_links":{"self":[{"href":"https:\/\/berberedesign.com\/fr\/wp-json\/wp\/v2\/product\/105473","targetHints":{"allow":["GET"]}}],"collection":[{"href":"https:\/\/berberedesign.com\/fr\/wp-json\/wp\/v2\/product"}],"about":[{"href":"https:\/\/berberedesign.com\/fr\/wp-json\/wp\/v2\/types\/product"}],"replies":[{"embeddable":true,"href":"https:\/\/berberedesign.com\/fr\/wp-json\/wp\/v2\/comments?post=105473"}],"version-history":[{"count":4,"href":"https:\/\/berberedesign.com\/fr\/wp-json\/wp\/v2\/product\/105473\/revisions"}],"predecessor-version":[{"id":106165,"href":"https:\/\/berberedesign.com\/fr\/wp-json\/wp\/v2\/product\/105473\/revisions\/106165"}],"wp:featuredmedia":[{"embeddable":true,"href":"https:\/\/berberedesign.com\/fr\/wp-json\/wp\/v2\/media\/105474"}],"wp:attachment":[{"href":"https:\/\/berberedesign.com\/fr\/wp-json\/wp\/v2\/media?parent=105473"}],"wp:term":[{"taxonomy":"product_brand","embeddable":true,"href":"https:\/\/berberedesign.com\/fr\/wp-json\/wp\/v2\/product_brand?post=105473"},{"taxonomy":"product_cat","embeddable":true,"href":"https:\/\/berberedesign.com\/fr\/wp-json\/wp\/v2\/product_cat?post=105473"},{"taxonomy":"product_tag","embeddable":true,"href":"https:\/\/berberedesign.com\/fr\/wp-json\/wp\/v2\/product_tag?post=105473"}],"curies":[{"name":"wp","href":"https:\/\/api.w.org\/{rel}","templated":true}]}}