{"id":105464,"date":"2025-01-23T20:27:28","date_gmt":"2025-01-23T20:27:28","guid":{"rendered":"https:\/\/berberedesign.com\/handmade-moroccan-chair-with-red-and-cream-wool-upholstery\/"},"modified":"2025-02-04T20:03:37","modified_gmt":"2025-02-04T20:03:37","slug":"chaise-marocaine-faite-a-la-main-avec-revetement-en-laine-rouge-et-creme","status":"publish","type":"product","link":"https:\/\/berberedesign.com\/fr\/chaise-marocaine-faite-a-la-main-avec-revetement-en-laine-rouge-et-creme\/","title":{"rendered":"Chaise marocaine faite \u00e0 la main avec tapisserie en laine rouge et cr\u00e8me"},"content":{"rendered":"<div data-elementor-type=\"product-post\" data-elementor-id=\"105464\" class=\"elementor elementor-105464\" data-elementor-post-type=\"product\">\n\t\t\t\t<div class=\"elementor-element elementor-element-1951a47a e-flex e-con-boxed e-con e-parent\" data-id=\"1951a47a\" data-element_type=\"container\" data-e-type=\"container\">\n\t\t\t\t\t<div class=\"e-con-inner\">\n\t\t\t\t<div class=\"elementor-element elementor-element-5adaa855 elementor-widget elementor-widget-text-editor\" data-id=\"5adaa855\" data-element_type=\"widget\" data-e-type=\"widget\" data-widget_type=\"text-editor.default\">\n\t\t\t\t<div class=\"elementor-widget-container\">\n\t\t\t\t\t\t\t\t\t<div>\n<h2>Chaise marocaine faite \u00e0 la main avec tapisserie en laine rouge et cr\u00e8me<\/h2>\nApportez une touche d'\u00e9l\u00e9gance marocaine \u00e0 votre int\u00e9rieur avec cette superbe chaise fabriqu\u00e9e \u00e0 la main. Cette pi\u00e8ce unique associe le meilleur savoir-faire traditionnel \u00e0 une esth\u00e9tique moderne pour cr\u00e9er un meuble aussi confortable qu'\u00e9l\u00e9gant.\n\n<strong>Caract\u00e9ristiques :<\/strong>\n<ul>\n \t<li>Rembourr\u00e9 en laine marocaine de haute qualit\u00e9 avec un motif rouge et cr\u00e8me vibrant.<\/li>\n \t<li>Cadre en bois fabriqu\u00e9 \u00e0 la main offrant une durabilit\u00e9 et un design intemporel.<\/li>\n \t<li>Parfait pour les salons, les coins lecture ou comme chaise d'appoint dans un d\u00e9cor moderne ou boh\u00e8me.<\/li>\n<\/ul>\nLe motif rouge et cr\u00e8me du rev\u00eatement met en valeur l'art vibrant du design textile marocain, tandis que le cadre en bois apporte chaleur et beaut\u00e9 naturelle. Chaque chaise est fabriqu\u00e9e de mani\u00e8re unique, ce qui garantit qu'il n'y a pas deux pi\u00e8ces identiques.\n\nCette chaise est id\u00e9ale pour ceux qui appr\u00e9cient les meubles de haute qualit\u00e9, fabriqu\u00e9s \u00e0 la main et qui racontent une histoire. Utilisez-la pour ajouter une touche de couleur et de culture \u00e0 votre maison ou \u00e0 votre bureau.\n\n<\/div>\n&nbsp;\n\n<iframe title=\"Lecteur vid\u00e9o YouTube\" src=\"https:\/\/www.youtube.com\/embed\/EQ36WwRDXK0?si=MxpBJ4us37DiPnCD\" width=\"560\" height=\"315\" frameborder=\"0\" allowfullscreen=\"allowfullscreen\"><\/iframe>\n\n&nbsp;\n<div>\n\n<strong>Instructions d'entretien :<\/strong> Nettoyer le rembourrage en laine au besoin. \u00c9vitez d'exposer le cadre en bois \u00e0 l'humidit\u00e9 prolong\u00e9e ou \u00e0 la lumi\u00e8re directe du soleil afin de pr\u00e9server sa finition naturelle.\n\n&nbsp;\n\n<\/div>\t\t\t\t\t\t\t\t<\/div>\n\t\t\t\t<\/div>\n\t\t\t\t\t<\/div>\n\t\t\t\t<\/div>\n\t\t\t\t<\/div>","protected":false},"excerpt":{"rendered":"<p>Rehaussez votre espace avec cette chaise marocaine artisanale, fabriqu\u00e9e \u00e0 partir d'un cadre en bois robuste et d'un luxueux rembourrage en laine rouge et cr\u00e8me. Un m\u00e9lange parfait d'artisanat traditionnel et de design moderne.<\/p>","protected":false},"featured_media":105465,"comment_status":"open","ping_status":"closed","template":"","meta":[],"product_brand":[],"product_cat":[351,15],"product_tag":[349],"class_list":{"0":"post-105464","1":"product","2":"type-product","3":"status-publish","4":"has-post-thumbnail","6":"product_cat-chair","7":"product_cat-uncategorized","8":"product_tag-chair","10":"first","11":"instock","12":"sale","13":"shipping-taxable","14":"purchasable","15":"product-type-simple"},"jetpack_sharing_enabled":true,"_links":{"self":[{"href":"https:\/\/berberedesign.com\/fr\/wp-json\/wp\/v2\/product\/105464","targetHints":{"allow":["GET"]}}],"collection":[{"href":"https:\/\/berberedesign.com\/fr\/wp-json\/wp\/v2\/product"}],"about":[{"href":"https:\/\/berberedesign.com\/fr\/wp-json\/wp\/v2\/types\/product"}],"replies":[{"embeddable":true,"href":"https:\/\/berberedesign.com\/fr\/wp-json\/wp\/v2\/comments?post=105464"}],"version-history":[{"count":4,"href":"https:\/\/berberedesign.com\/fr\/wp-json\/wp\/v2\/product\/105464\/revisions"}],"predecessor-version":[{"id":106161,"href":"https:\/\/berberedesign.com\/fr\/wp-json\/wp\/v2\/product\/105464\/revisions\/106161"}],"wp:featuredmedia":[{"embeddable":true,"href":"https:\/\/berberedesign.com\/fr\/wp-json\/wp\/v2\/media\/105465"}],"wp:attachment":[{"href":"https:\/\/berberedesign.com\/fr\/wp-json\/wp\/v2\/media?parent=105464"}],"wp:term":[{"taxonomy":"product_brand","embeddable":true,"href":"https:\/\/berberedesign.com\/fr\/wp-json\/wp\/v2\/product_brand?post=105464"},{"taxonomy":"product_cat","embeddable":true,"href":"https:\/\/berberedesign.com\/fr\/wp-json\/wp\/v2\/product_cat?post=105464"},{"taxonomy":"product_tag","embeddable":true,"href":"https:\/\/berberedesign.com\/fr\/wp-json\/wp\/v2\/product_tag?post=105464"}],"curies":[{"name":"wp","href":"https:\/\/api.w.org\/{rel}","templated":true}]}}