{"id":105195,"date":"2025-01-22T17:58:43","date_gmt":"2025-01-22T17:58:43","guid":{"rendered":"https:\/\/berberedesign.com\/vibrant-orange-checkerboard-berber-rug\/"},"modified":"2025-02-15T17:58:09","modified_gmt":"2025-02-15T17:58:09","slug":"tapis-berbere-en-damier-orange-vibrant","status":"publish","type":"product","link":"https:\/\/berberedesign.com\/fr\/tapis-berbere-en-damier-orange-vibrant\/","title":{"rendered":"Tapis berb\u00e8re \u00e0 damier orange vif"},"content":{"rendered":"<div style=\"text-align: center;\"><\/div>\n<p>Apportez une touche de couleur et de tradition \u00e0 votre int\u00e9rieur gr\u00e2ce \u00e0 cette magnifique collection. <strong>Tapis berb\u00e8re \u00e0 damier orange<\/strong>. Cette pi\u00e8ce tiss\u00e9e \u00e0 la main par des artisans berb\u00e8res qualifi\u00e9s pr\u00e9sente un motif \u00e0 damier orange et blanc audacieux qui ajoute de l'\u00e9clat et du charme \u00e0 n'importe quelle pi\u00e8ce.<\/p>\n<p>Fabriqu\u00e9 en laine naturelle 100%, ce tapis est doux, durable et facile \u00e0 entretenir. Son design unique est parfait pour \u00e9gayer les int\u00e9rieurs minimalistes, boh\u00e8mes ou contemporains. Utilisez-le comme pi\u00e8ce ma\u00eetresse dans votre salon, votre chambre \u00e0 coucher ou m\u00eame comme compl\u00e9ment \u00e9l\u00e9gant de votre espace de travail.<\/p>\n<ul>\n<li><strong>Mat\u00e9riau :<\/strong> 100% laine naturelle<\/li>\n<li><strong>Mod\u00e8le :<\/strong> Damier<\/li>\n<li><strong>Couleur :<\/strong> Orange et blanc<\/li>\n<li><strong>Soins :<\/strong> Nettoyage ponctuel avec un d\u00e9tergent doux<\/li>\n<\/ul>\n<p><iframe title=\"Tapis berb\u00e8re \u00e0 damier orange vif\" width=\"1200\" height=\"675\" src=\"https:\/\/www.youtube.com\/embed\/4z8gp2a4Xas?feature=oembed&#038;enablejsapi=1&#038;origin=https:\/\/berberedesign.com\" frameborder=\"0\" allow=\"accelerometer; autoplay; clipboard-write; encrypted-media; gyroscope; picture-in-picture; web-share\" referrerpolicy=\"strict-origin-when-cross-origin\" allowfullscreen><\/iframe><\/p>\n<p><em>Remarque : de l\u00e9g\u00e8res variations dans les motifs et les couleurs peuvent survenir en raison de la nature artisanale de ce produit, ce qui rend chaque tapis vraiment unique.<\/em><\/p>","protected":false},"excerpt":{"rendered":"<p>Ajoutez une touche d'\u00e9nergie vibrante \u00e0 votre espace de vie avec ce tapis berb\u00e8re tiss\u00e9 \u00e0 la main qui pr\u00e9sente un motif dynamique en damier orange et blanc. Parfait pour les int\u00e9rieurs modernes et traditionnels.<\/p>","protected":false},"featured_media":105196,"comment_status":"open","ping_status":"closed","template":"","meta":[],"product_brand":[],"product_cat":[190,319,318],"product_tag":[348],"class_list":{"0":"post-105195","1":"product","2":"type-product","3":"status-publish","4":"has-post-thumbnail","6":"product_cat-rugs","7":"product_cat-rugs-wool-handcrafted-benches","8":"product_cat-wool","9":"product_tag-rugs","10":"description-off","12":"first","13":"instock","14":"sale","15":"shipping-taxable","16":"purchasable","17":"product-type-variable"},"jetpack_sharing_enabled":true,"_links":{"self":[{"href":"https:\/\/berberedesign.com\/fr\/wp-json\/wp\/v2\/product\/105195","targetHints":{"allow":["GET"]}}],"collection":[{"href":"https:\/\/berberedesign.com\/fr\/wp-json\/wp\/v2\/product"}],"about":[{"href":"https:\/\/berberedesign.com\/fr\/wp-json\/wp\/v2\/types\/product"}],"replies":[{"embeddable":true,"href":"https:\/\/berberedesign.com\/fr\/wp-json\/wp\/v2\/comments?post=105195"}],"version-history":[{"count":2,"href":"https:\/\/berberedesign.com\/fr\/wp-json\/wp\/v2\/product\/105195\/revisions"}],"predecessor-version":[{"id":106632,"href":"https:\/\/berberedesign.com\/fr\/wp-json\/wp\/v2\/product\/105195\/revisions\/106632"}],"wp:featuredmedia":[{"embeddable":true,"href":"https:\/\/berberedesign.com\/fr\/wp-json\/wp\/v2\/media\/105196"}],"wp:attachment":[{"href":"https:\/\/berberedesign.com\/fr\/wp-json\/wp\/v2\/media?parent=105195"}],"wp:term":[{"taxonomy":"product_brand","embeddable":true,"href":"https:\/\/berberedesign.com\/fr\/wp-json\/wp\/v2\/product_brand?post=105195"},{"taxonomy":"product_cat","embeddable":true,"href":"https:\/\/berberedesign.com\/fr\/wp-json\/wp\/v2\/product_cat?post=105195"},{"taxonomy":"product_tag","embeddable":true,"href":"https:\/\/berberedesign.com\/fr\/wp-json\/wp\/v2\/product_tag?post=105195"}],"curies":[{"name":"wp","href":"https:\/\/api.w.org\/{rel}","templated":true}]}}