{"id":105189,"date":"2025-01-22T17:58:42","date_gmt":"2025-01-22T17:58:42","guid":{"rendered":"https:\/\/berberedesign.com\/vibrant-orange-diamond-berber-rug-handwoven-masterpiece\/"},"modified":"2025-02-15T17:59:53","modified_gmt":"2025-02-15T17:59:53","slug":"tapis-berbere-en-losange-orange-vibrant-tisse-a-la-main-chef-doeuvre","status":"publish","type":"product","link":"https:\/\/berberedesign.com\/fr\/tapis-berbere-en-losange-orange-vibrant-tisse-a-la-main-chef-doeuvre\/","title":{"rendered":"Tapis berb\u00e8re \u00e0 losanges orange vibrant - Chef-d'\u0153uvre tiss\u00e9 \u00e0 la main"},"content":{"rendered":"<div>\n<p>Transformez votre d\u00e9coration int\u00e9rieure avec ce magnifique <strong>Tapis berb\u00e8re \u00e0 losanges orange vif<\/strong>. Fabriqu\u00e9 \u00e0 la main au Maroc, ce tapis pr\u00e9sente un motif dynamique en forme de diamant dans de riches teintes orang\u00e9es. Sa texture moelleuse offre confort et luxe, ce qui le rend id\u00e9al pour les salons, les chambres \u00e0 coucher ou les coins lecture.<\/p>\n<p><strong>Caract\u00e9ristiques :<\/strong><\/p>\n<ul>\n<li>Tiss\u00e9 \u00e0 la main par des artisans berb\u00e8res qualifi\u00e9s.<\/li>\n<li>Design unique en forme de diamant dans des tons orange et cr\u00e8me audacieux.<\/li>\n<li>Fabriqu\u00e9 en laine de haute qualit\u00e9 pour plus de durabilit\u00e9 et de douceur.<\/li>\n<li>Taille parfaite pour compl\u00e9ter diff\u00e9rents espaces.<\/li>\n<\/ul>\n<p><iframe title=\"Tapis berb\u00e8re \u00e0 losanges orange vibrant - Chef-d&#039;\u0153uvre tiss\u00e9 \u00e0 la main\" width=\"1200\" height=\"675\" src=\"https:\/\/www.youtube.com\/embed\/0wypinssawg?feature=oembed&#038;enablejsapi=1&#038;origin=https:\/\/berberedesign.com\" frameborder=\"0\" allow=\"accelerometer; autoplay; clipboard-write; encrypted-media; gyroscope; picture-in-picture; web-share\" referrerpolicy=\"strict-origin-when-cross-origin\" allowfullscreen><\/iframe><\/p>\n<p>Chaque pi\u00e8ce est une \u0153uvre d'art, apportant un morceau de la culture marocaine dans votre maison. Id\u00e9al pour ceux qui aiment m\u00e9langer la tradition avec une esth\u00e9tique moderne et vibrante.<\/p>\n<\/div>","protected":false},"excerpt":{"rendered":"<p>Ajoutez une touche de couleur \u00e0 votre espace avec ce tapis berb\u00e8re orange vibrant \u00e0 motifs de diamants. Tiss\u00e9 \u00e0 la main par des artisans marocains qualifi\u00e9s, il allie un savoir-faire traditionnel \u00e0 un design audacieux et moderne.<\/p>","protected":false},"featured_media":105190,"comment_status":"open","ping_status":"closed","template":"","meta":[],"product_brand":[],"product_cat":[190,319,318],"product_tag":[348],"class_list":{"0":"post-105189","1":"product","2":"type-product","3":"status-publish","4":"has-post-thumbnail","6":"product_cat-rugs","7":"product_cat-rugs-wool-handcrafted-benches","8":"product_cat-wool","9":"product_tag-rugs","10":"description-off","12":"first","13":"instock","14":"sale","15":"shipping-taxable","16":"purchasable","17":"product-type-variable"},"jetpack_sharing_enabled":true,"_links":{"self":[{"href":"https:\/\/berberedesign.com\/fr\/wp-json\/wp\/v2\/product\/105189","targetHints":{"allow":["GET"]}}],"collection":[{"href":"https:\/\/berberedesign.com\/fr\/wp-json\/wp\/v2\/product"}],"about":[{"href":"https:\/\/berberedesign.com\/fr\/wp-json\/wp\/v2\/types\/product"}],"replies":[{"embeddable":true,"href":"https:\/\/berberedesign.com\/fr\/wp-json\/wp\/v2\/comments?post=105189"}],"version-history":[{"count":2,"href":"https:\/\/berberedesign.com\/fr\/wp-json\/wp\/v2\/product\/105189\/revisions"}],"predecessor-version":[{"id":106634,"href":"https:\/\/berberedesign.com\/fr\/wp-json\/wp\/v2\/product\/105189\/revisions\/106634"}],"wp:featuredmedia":[{"embeddable":true,"href":"https:\/\/berberedesign.com\/fr\/wp-json\/wp\/v2\/media\/105190"}],"wp:attachment":[{"href":"https:\/\/berberedesign.com\/fr\/wp-json\/wp\/v2\/media?parent=105189"}],"wp:term":[{"taxonomy":"product_brand","embeddable":true,"href":"https:\/\/berberedesign.com\/fr\/wp-json\/wp\/v2\/product_brand?post=105189"},{"taxonomy":"product_cat","embeddable":true,"href":"https:\/\/berberedesign.com\/fr\/wp-json\/wp\/v2\/product_cat?post=105189"},{"taxonomy":"product_tag","embeddable":true,"href":"https:\/\/berberedesign.com\/fr\/wp-json\/wp\/v2\/product_tag?post=105189"}],"curies":[{"name":"wp","href":"https:\/\/api.w.org\/{rel}","templated":true}]}}