{"id":105183,"date":"2025-01-22T17:58:40","date_gmt":"2025-01-22T17:58:40","guid":{"rendered":"https:\/\/berberedesign.com\/handwoven-moroccan-rug-with-elegant-heart-motif\/"},"modified":"2025-02-15T18:00:39","modified_gmt":"2025-02-15T18:00:39","slug":"tapis-marocain-tisse-a-la-main-avec-un-elegant-motif-en-forme-de-coeur","status":"publish","type":"product","link":"https:\/\/berberedesign.com\/fr\/tapis-marocain-tisse-a-la-main-avec-un-elegant-motif-en-forme-de-coeur\/","title":{"rendered":"Tapis marocain tiss\u00e9 \u00e0 la main avec un \u00e9l\u00e9gant motif de c\u0153ur"},"content":{"rendered":"<div>\n<h1>Tapis marocain tiss\u00e9 \u00e0 la main avec un \u00e9l\u00e9gant motif de c\u0153ur<\/h1>\n<p>Transformez votre espace de vie avec la beaut\u00e9 intemporelle de ce tapis marocain tiss\u00e9 \u00e0 la main. Fabriqu\u00e9 avec soin par des artisans qualifi\u00e9s, ce tapis pr\u00e9sente de d\u00e9licats motifs de c\u0153urs noirs tiss\u00e9s de fa\u00e7on complexe sur un doux fond ivoire. Les bords frang\u00e9s ajoutent une touche de charme suppl\u00e9mentaire, ce qui en fait un choix id\u00e9al pour n'importe quelle pi\u00e8ce.<\/p>\n<ul>\n<li><strong>Mat\u00e9riau :<\/strong> 100% laine naturelle<\/li>\n<li><strong>Dimensions :<\/strong> Personnalisable sur demande<\/li>\n<li><strong>Conception :<\/strong> Motifs en forme de c\u0153ur avec franges traditionnelles<\/li>\n<li><strong>Soins :<\/strong> Nettoyage ponctuel ou professionnel recommand\u00e9<\/li>\n<\/ul>\n<p><iframe title=\"Tapis marocain tiss\u00e9 \u00e0 la main avec un \u00e9l\u00e9gant motif de c\u0153ur\" width=\"1200\" height=\"675\" src=\"https:\/\/www.youtube.com\/embed\/TRWp7xrUpok?feature=oembed&#038;enablejsapi=1&#038;origin=https:\/\/berberedesign.com\" frameborder=\"0\" allow=\"accelerometer; autoplay; clipboard-write; encrypted-media; gyroscope; picture-in-picture; web-share\" referrerpolicy=\"strict-origin-when-cross-origin\" allowfullscreen><\/iframe><\/p>\n<p>Ajoutez de la chaleur, de la texture et de l'\u00e9l\u00e9gance \u00e0 votre d\u00e9coration int\u00e9rieure avec cette pi\u00e8ce exquise. Chaque tapis raconte une histoire unique de l'h\u00e9ritage et de l'artisanat marocains.<\/p>\n<\/div>","protected":false},"excerpt":{"rendered":"<p>D\u00e9couvrez l'art de l'artisanat marocain avec ce tapis tiss\u00e9 \u00e0 la main pr\u00e9sentant des motifs de c\u0153urs noirs complexes sur un doux fond ivoire. Parfait pour ajouter une touche d'\u00e9l\u00e9gance et de chaleur \u00e0 n'importe quelle pi\u00e8ce.<\/p>","protected":false},"featured_media":105184,"comment_status":"open","ping_status":"closed","template":"","meta":[],"product_brand":[],"product_cat":[190,319,318],"product_tag":[348],"class_list":{"0":"post-105183","1":"product","2":"type-product","3":"status-publish","4":"has-post-thumbnail","6":"product_cat-rugs","7":"product_cat-rugs-wool-handcrafted-benches","8":"product_cat-wool","9":"product_tag-rugs","10":"description-off","12":"first","13":"instock","14":"sale","15":"shipping-taxable","16":"purchasable","17":"product-type-variable"},"jetpack_sharing_enabled":true,"_links":{"self":[{"href":"https:\/\/berberedesign.com\/fr\/wp-json\/wp\/v2\/product\/105183","targetHints":{"allow":["GET"]}}],"collection":[{"href":"https:\/\/berberedesign.com\/fr\/wp-json\/wp\/v2\/product"}],"about":[{"href":"https:\/\/berberedesign.com\/fr\/wp-json\/wp\/v2\/types\/product"}],"replies":[{"embeddable":true,"href":"https:\/\/berberedesign.com\/fr\/wp-json\/wp\/v2\/comments?post=105183"}],"version-history":[{"count":2,"href":"https:\/\/berberedesign.com\/fr\/wp-json\/wp\/v2\/product\/105183\/revisions"}],"predecessor-version":[{"id":106636,"href":"https:\/\/berberedesign.com\/fr\/wp-json\/wp\/v2\/product\/105183\/revisions\/106636"}],"wp:featuredmedia":[{"embeddable":true,"href":"https:\/\/berberedesign.com\/fr\/wp-json\/wp\/v2\/media\/105184"}],"wp:attachment":[{"href":"https:\/\/berberedesign.com\/fr\/wp-json\/wp\/v2\/media?parent=105183"}],"wp:term":[{"taxonomy":"product_brand","embeddable":true,"href":"https:\/\/berberedesign.com\/fr\/wp-json\/wp\/v2\/product_brand?post=105183"},{"taxonomy":"product_cat","embeddable":true,"href":"https:\/\/berberedesign.com\/fr\/wp-json\/wp\/v2\/product_cat?post=105183"},{"taxonomy":"product_tag","embeddable":true,"href":"https:\/\/berberedesign.com\/fr\/wp-json\/wp\/v2\/product_tag?post=105183"}],"curies":[{"name":"wp","href":"https:\/\/api.w.org\/{rel}","templated":true}]}}