{"id":105127,"date":"2025-01-22T17:58:18","date_gmt":"2025-01-22T17:58:18","guid":{"rendered":"https:\/\/berberedesign.com\/geometric-beige-and-brown-moroccan-wool-runner\/"},"modified":"2026-03-31T17:10:51","modified_gmt":"2026-03-31T17:10:51","slug":"chemin-de-table-geometrique-en-laine-marocaine-beige-et-marron","status":"publish","type":"product","link":"https:\/\/berberedesign.com\/fr\/chemin-de-table-geometrique-en-laine-marocaine-beige-et-marron\/","title":{"rendered":"Chemin de table g\u00e9om\u00e9trique en laine marocaine beige et marron"},"content":{"rendered":"<div style=\"text-align: center;\"><\/div>\n<p>Ajoutez une touche de tradition marocaine \u00e0 votre int\u00e9rieur avec ce chemin de table en laine tiss\u00e9e \u00e0 la main. Dot\u00e9 d'un motif g\u00e9om\u00e9trique captivant dans des tons apaisants de beige et de marron, ce chemin de table t\u00e9moigne de la richesse artistique des tisserands marocains. Parfait pour les couloirs, les entr\u00e9es ou comme pi\u00e8ce d'accent, il allie durabilit\u00e9 et charme intemporel. Le mat\u00e9riau en laine naturelle garantit une texture douce sous les pieds tout en offrant une qualit\u00e9 durable.<\/p>\n<p><iframe title=\"Lecteur vid\u00e9o YouTube\" src=\"https:\/\/www.youtube.com\/embed\/dBeov4MeV3s?si=m5ODxIEt1S-Nzwqc\" width=\"560\" height=\"315\" frameborder=\"0\" allowfullscreen=\"allowfullscreen\"><\/iframe><\/p>\n<p><strong>Caract\u00e9ristiques :<\/strong><\/p>\n<ul>\n<li>Tiss\u00e9 \u00e0 la main par des artisans marocains<\/li>\n<li>Motif g\u00e9om\u00e9trique en beige et marron<\/li>\n<li>Construction en laine durable et douce<\/li>\n<li>Id\u00e9al pour les couloirs, les entr\u00e9es ou les espaces de vie<\/li>\n<\/ul>\n<p>Apportez chez vous cette pi\u00e8ce exquise et laissez-la transformer votre int\u00e9rieur gr\u00e2ce \u00e0 son style marocain authentique.<\/p>","protected":false},"excerpt":{"rendered":"<p>D\u00e9couvrez un m\u00e9lange d'\u00e9l\u00e9gance et de tradition avec ce chemin de table g\u00e9om\u00e9trique en laine marocaine beige et marron. Tiss\u00e9 \u00e0 la main par des artisans, il offre une durabilit\u00e9 et une esth\u00e9tique captivante pour tout couloir ou espace de vie.<\/p>\n<p><strong> <em data-start=\"340\" data-end=\"369\" data-is-last-node=\"\">Dimensions : 93\u2033 L x 357\u2033 L<\/em><\/strong><\/p>","protected":false},"featured_media":105128,"comment_status":"open","ping_status":"closed","template":"","meta":[],"product_brand":[],"product_cat":[190,319,318],"product_tag":[348],"class_list":{"0":"post-105127","1":"product","2":"type-product","3":"status-publish","4":"has-post-thumbnail","6":"product_cat-rugs","7":"product_cat-rugs-wool-handcrafted-benches","8":"product_cat-wool","9":"product_tag-rugs","10":"description-off","12":"first","13":"instock","14":"sale","15":"shipping-taxable","16":"purchasable","17":"product-type-variable"},"jetpack_sharing_enabled":true,"_links":{"self":[{"href":"https:\/\/berberedesign.com\/fr\/wp-json\/wp\/v2\/product\/105127","targetHints":{"allow":["GET"]}}],"collection":[{"href":"https:\/\/berberedesign.com\/fr\/wp-json\/wp\/v2\/product"}],"about":[{"href":"https:\/\/berberedesign.com\/fr\/wp-json\/wp\/v2\/types\/product"}],"replies":[{"embeddable":true,"href":"https:\/\/berberedesign.com\/fr\/wp-json\/wp\/v2\/comments?post=105127"}],"version-history":[{"count":3,"href":"https:\/\/berberedesign.com\/fr\/wp-json\/wp\/v2\/product\/105127\/revisions"}],"predecessor-version":[{"id":106599,"href":"https:\/\/berberedesign.com\/fr\/wp-json\/wp\/v2\/product\/105127\/revisions\/106599"}],"wp:featuredmedia":[{"embeddable":true,"href":"https:\/\/berberedesign.com\/fr\/wp-json\/wp\/v2\/media\/105128"}],"wp:attachment":[{"href":"https:\/\/berberedesign.com\/fr\/wp-json\/wp\/v2\/media?parent=105127"}],"wp:term":[{"taxonomy":"product_brand","embeddable":true,"href":"https:\/\/berberedesign.com\/fr\/wp-json\/wp\/v2\/product_brand?post=105127"},{"taxonomy":"product_cat","embeddable":true,"href":"https:\/\/berberedesign.com\/fr\/wp-json\/wp\/v2\/product_cat?post=105127"},{"taxonomy":"product_tag","embeddable":true,"href":"https:\/\/berberedesign.com\/fr\/wp-json\/wp\/v2\/product_tag?post=105127"}],"curies":[{"name":"wp","href":"https:\/\/api.w.org\/{rel}","templated":true}]}}