{"id":105096,"date":"2025-01-22T17:58:04","date_gmt":"2025-01-22T17:58:04","guid":{"rendered":"https:\/\/berberedesign.com\/authentic-moroccan-wool-runner-rug-with-green-geometric-design\/"},"modified":"2025-02-12T16:36:51","modified_gmt":"2025-02-12T16:36:51","slug":"authentique-tapis-de-course-en-laine-marocaine-a-motifs-geometriques-verts","status":"publish","type":"product","link":"https:\/\/berberedesign.com\/fr\/authentique-tapis-de-course-en-laine-marocaine-a-motifs-geometriques-verts\/","title":{"rendered":"Authentique tapis marocain en laine \u00e0 motifs g\u00e9om\u00e9triques verts"},"content":{"rendered":"<div style=\"text-align: center;\"><\/div>\n<p>Ajoutez de l'\u00e9l\u00e9gance et de la chaleur \u00e0 votre espace avec cet authentique tapis de course en laine marocaine.<br \/>\nSon motif g\u00e9om\u00e9trique vert complexe sur un fond ivoire doux en fait un objet polyvalent.<br \/>\npour agr\u00e9menter tout int\u00e9rieur. Tiss\u00e9 \u00e0 la main avec de la laine de premi\u00e8re qualit\u00e9, ce tapis est \u00e0 la fois r\u00e9sistant et durable.<br \/>\net luxueux, offrant une pi\u00e8ce intemporelle de l'artisanat marocain.<\/p>\n<p><iframe title=\"Lecteur vid\u00e9o YouTube\" src=\"https:\/\/www.youtube.com\/embed\/Hj3qBD6Jh4Y?si=4g3mR7P0XWKJ8wtW\" width=\"560\" height=\"315\" frameborder=\"0\" allowfullscreen=\"allowfullscreen\"><\/iframe><\/p>\n<p>&nbsp;<\/p>\n<p><strong>Caract\u00e9ristiques :<\/strong><\/p>\n<ul>\n<li>Fabriqu\u00e9 \u00e0 la main par des artisans marocains qualifi\u00e9s.<\/li>\n<li>Fabriqu\u00e9 en laine de haute qualit\u00e9 pour une finition douce et durable.<\/li>\n<li>\u00c9l\u00e9gants motifs g\u00e9om\u00e9triques verts sur fond ivoire.<\/li>\n<li>Id\u00e9al pour les couloirs, les entr\u00e9es ou les espaces \u00e9troits.<\/li>\n<\/ul>\n<p>Rehaussez votre d\u00e9cor avec l'art et la tradition du design marocain.<br \/>\nCe tapis de course est une combinaison parfaite de fonctionnalit\u00e9 et de style, apportant une touche d'originalit\u00e9.<br \/>\nl'\u00e9l\u00e9gance culturelle de votre maison.<\/p>","protected":false},"excerpt":{"rendered":"<p>Un magnifique tapis de course en laine marocaine fabriqu\u00e9 \u00e0 la main, pr\u00e9sentant un motif g\u00e9om\u00e9trique vert moderne sur un fond ivoire doux. Parfait pour les couloirs ou les espaces \u00e9troits. <strong>Dimensions : 83\u2033 L x 291\u2033 L.<\/strong><\/p>","protected":false},"featured_media":105097,"comment_status":"open","ping_status":"closed","template":"","meta":[],"product_brand":[],"product_cat":[190,319,318],"product_tag":[348],"class_list":{"0":"post-105096","1":"product","2":"type-product","3":"status-publish","4":"has-post-thumbnail","6":"product_cat-rugs","7":"product_cat-rugs-wool-handcrafted-benches","8":"product_cat-wool","9":"product_tag-rugs","10":"description-off","12":"first","13":"instock","14":"sale","15":"shipping-taxable","16":"purchasable","17":"product-type-variable"},"jetpack_sharing_enabled":true,"_links":{"self":[{"href":"https:\/\/berberedesign.com\/fr\/wp-json\/wp\/v2\/product\/105096","targetHints":{"allow":["GET"]}}],"collection":[{"href":"https:\/\/berberedesign.com\/fr\/wp-json\/wp\/v2\/product"}],"about":[{"href":"https:\/\/berberedesign.com\/fr\/wp-json\/wp\/v2\/types\/product"}],"replies":[{"embeddable":true,"href":"https:\/\/berberedesign.com\/fr\/wp-json\/wp\/v2\/comments?post=105096"}],"version-history":[{"count":3,"href":"https:\/\/berberedesign.com\/fr\/wp-json\/wp\/v2\/product\/105096\/revisions"}],"predecessor-version":[{"id":106517,"href":"https:\/\/berberedesign.com\/fr\/wp-json\/wp\/v2\/product\/105096\/revisions\/106517"}],"wp:featuredmedia":[{"embeddable":true,"href":"https:\/\/berberedesign.com\/fr\/wp-json\/wp\/v2\/media\/105097"}],"wp:attachment":[{"href":"https:\/\/berberedesign.com\/fr\/wp-json\/wp\/v2\/media?parent=105096"}],"wp:term":[{"taxonomy":"product_brand","embeddable":true,"href":"https:\/\/berberedesign.com\/fr\/wp-json\/wp\/v2\/product_brand?post=105096"},{"taxonomy":"product_cat","embeddable":true,"href":"https:\/\/berberedesign.com\/fr\/wp-json\/wp\/v2\/product_cat?post=105096"},{"taxonomy":"product_tag","embeddable":true,"href":"https:\/\/berberedesign.com\/fr\/wp-json\/wp\/v2\/product_tag?post=105096"}],"curies":[{"name":"wp","href":"https:\/\/api.w.org\/{rel}","templated":true}]}}