{"id":105056,"date":"2025-01-22T17:57:52","date_gmt":"2025-01-22T17:57:52","guid":{"rendered":"https:\/\/berberedesign.com\/handwoven-moroccan-wool-rug-in-warm-terracotta\/"},"modified":"2025-02-15T18:10:43","modified_gmt":"2025-02-15T18:10:43","slug":"tapis-en-laine-marocaine-tissee-a-la-main-couleur-terre-cuite-chaude","status":"publish","type":"product","link":"https:\/\/berberedesign.com\/fr\/tapis-en-laine-marocaine-tissee-a-la-main-couleur-terre-cuite-chaude\/","title":{"rendered":"Tapis marocain en laine tiss\u00e9e \u00e0 la main, couleur terre cuite chaude"},"content":{"rendered":"<div style=\"text-align: center;\"><\/div>\n<h2>Tapis marocain en laine tiss\u00e9e \u00e0 la main, couleur terre cuite chaude<\/h2>\n<p>Ajoutez une touche artisanale \u00e0 votre d\u00e9coration int\u00e9rieure avec cette <strong>Tapis marocain en laine fabriqu\u00e9 \u00e0 la main<\/strong>. Con\u00e7ue dans une luxueuse teinte terracotta, elle respire la chaleur et l'\u00e9l\u00e9gance, ce qui en fait le compl\u00e9ment id\u00e9al de votre salon, de votre chambre \u00e0 coucher ou de votre espace de travail.<\/p>\n<ul>\n<li><strong>Mat\u00e9riau :<\/strong> 100% laine marocaine naturelle<\/li>\n<li><strong>Couleur :<\/strong> Terracotta chaud avec franges complexes<\/li>\n<li><strong>Fait \u00e0 la main :<\/strong> Tiss\u00e9 par des artisans marocains qualifi\u00e9s<\/li>\n<li><strong>Dimensions :<\/strong> Personnalisable pour s'adapter \u00e0 votre espace<\/li>\n<\/ul>\n<p>Ce tapis est <em>doux au toucher<\/em>Il est fabriqu\u00e9 selon des pratiques durables, ce qui garantit une sensation de luxe sous les pieds tout en soutenant l'artisanat respectueux de l'environnement. Qu'il soit plac\u00e9 sous votre table basse ou en tant que pi\u00e8ce ma\u00eetresse, il rehausse sans effort l'esth\u00e9tique de n'importe quelle pi\u00e8ce.<\/p>\n<p><strong>Instructions d'entretien :<\/strong> Nettoyer ponctuellement avec un savon doux ou par un professionnel du nettoyage de tapis. \u00c9vitez la lumi\u00e8re directe du soleil pour conserver sa couleur \u00e9clatante.<\/p>\n<p><iframe title=\"Tapis marocain en laine tiss\u00e9e \u00e0 la main, couleur terre cuite chaude\" width=\"1200\" height=\"675\" src=\"https:\/\/www.youtube.com\/embed\/bSH4ANIBGpM?feature=oembed&#038;enablejsapi=1&#038;origin=https:\/\/berberedesign.com\" frameborder=\"0\" allow=\"accelerometer; autoplay; clipboard-write; encrypted-media; gyroscope; picture-in-picture; web-share\" referrerpolicy=\"strict-origin-when-cross-origin\" allowfullscreen><\/iframe><\/p>\n<p style=\"text-align: center;\"><a style=\"background-color: #ff7f50; color: #fff; padding: 10px 20px; text-decoration: none; border-radius: 5px;\" href=\"#\">Commander<\/a><\/p>","protected":false},"excerpt":{"rendered":"<p>Transformez votre espace de vie avec cet exquis tapis marocain en laine tiss\u00e9e \u00e0 la main dans une chaude teinte terracotta. Avec ses textures douces et ses franges artisanales, cette pi\u00e8ce apporte chaleur et sophistication \u00e0 n'importe quelle pi\u00e8ce.<\/p>","protected":false},"featured_media":105057,"comment_status":"open","ping_status":"closed","template":"","meta":[],"product_brand":[],"product_cat":[190,319,318],"product_tag":[348],"class_list":{"0":"post-105056","1":"product","2":"type-product","3":"status-publish","4":"has-post-thumbnail","6":"product_cat-rugs","7":"product_cat-rugs-wool-handcrafted-benches","8":"product_cat-wool","9":"product_tag-rugs","10":"description-off","12":"first","13":"instock","14":"sale","15":"shipping-taxable","16":"purchasable","17":"product-type-variable"},"jetpack_sharing_enabled":true,"_links":{"self":[{"href":"https:\/\/berberedesign.com\/fr\/wp-json\/wp\/v2\/product\/105056","targetHints":{"allow":["GET"]}}],"collection":[{"href":"https:\/\/berberedesign.com\/fr\/wp-json\/wp\/v2\/product"}],"about":[{"href":"https:\/\/berberedesign.com\/fr\/wp-json\/wp\/v2\/types\/product"}],"replies":[{"embeddable":true,"href":"https:\/\/berberedesign.com\/fr\/wp-json\/wp\/v2\/comments?post=105056"}],"version-history":[{"count":2,"href":"https:\/\/berberedesign.com\/fr\/wp-json\/wp\/v2\/product\/105056\/revisions"}],"predecessor-version":[{"id":106651,"href":"https:\/\/berberedesign.com\/fr\/wp-json\/wp\/v2\/product\/105056\/revisions\/106651"}],"wp:featuredmedia":[{"embeddable":true,"href":"https:\/\/berberedesign.com\/fr\/wp-json\/wp\/v2\/media\/105057"}],"wp:attachment":[{"href":"https:\/\/berberedesign.com\/fr\/wp-json\/wp\/v2\/media?parent=105056"}],"wp:term":[{"taxonomy":"product_brand","embeddable":true,"href":"https:\/\/berberedesign.com\/fr\/wp-json\/wp\/v2\/product_brand?post=105056"},{"taxonomy":"product_cat","embeddable":true,"href":"https:\/\/berberedesign.com\/fr\/wp-json\/wp\/v2\/product_cat?post=105056"},{"taxonomy":"product_tag","embeddable":true,"href":"https:\/\/berberedesign.com\/fr\/wp-json\/wp\/v2\/product_tag?post=105056"}],"curies":[{"name":"wp","href":"https:\/\/api.w.org\/{rel}","templated":true}]}}