{"id":104772,"date":"2025-01-21T23:21:18","date_gmt":"2025-01-21T23:21:18","guid":{"rendered":"https:\/\/berberedesign.com\/handwoven-moroccan-wool-rug-in-soft-pink-and-black-diamond-pattern\/"},"modified":"2025-03-28T23:18:00","modified_gmt":"2025-03-28T23:18:00","slug":"tapis-en-laine-marocaine-tisse-a-la-main-motif-de-diamants-roses-et-noirs","status":"publish","type":"product","link":"https:\/\/berberedesign.com\/fr\/tapis-en-laine-marocaine-tisse-a-la-main-motif-de-diamants-roses-et-noirs\/","title":{"rendered":"Tapis marocain en laine tiss\u00e9e \u00e0 la main \u00e0 motifs de losanges roses et noirs"},"content":{"rendered":"<div style=\"text-align: center;\"><\/div>\n<h2>Tapis marocain en laine tiss\u00e9e \u00e0 la main \u00e0 motifs de losanges roses et noirs<\/h2>\n<p>Rehaussez votre d\u00e9coration int\u00e9rieure avec ce superbe tapis marocain en laine tiss\u00e9 \u00e0 la main. Dot\u00e9 d'une base rose tendre orn\u00e9e d'audacieux motifs de diamants noirs, ce tapis allie artisanat traditionnel et design contemporain pour cr\u00e9er une pi\u00e8ce unique pour votre espace de vie.<\/p>\n<p><strong>Caract\u00e9ristiques :<\/strong><\/p>\n<ul>\n<li><strong>Mat\u00e9riau :<\/strong> 100% laine naturelle, offrant une texture douce et durable.<\/li>\n<li><strong>Conception :<\/strong> \u00c9l\u00e9gants motifs de diamants noirs sur fond rose pastel.<\/li>\n<li><strong>Fait \u00e0 la main :<\/strong> Fabriqu\u00e9 par des artisans marocains qualifi\u00e9s, ce qui garantit son authenticit\u00e9 et son caract\u00e8re unique.<\/li>\n<li><strong>Bords frang\u00e9s :<\/strong> Ajoute une touche de charme traditionnel \u00e0 l'ensemble du design.<\/li>\n<\/ul>\n<p>Parfait pour les salons, les chambres \u00e0 coucher ou les coins douillets, ce tapis apporte chaleur et style \u00e0 tous les int\u00e9rieurs. Sa construction en laine naturelle garantit une qualit\u00e9 et un confort durables sous les pieds.<\/p>\n<p><strong>Instructions d'entretien :<\/strong> Nettoyer ponctuellement avec un chiffon humide ou opter pour un nettoyage professionnel du tapis afin d'en pr\u00e9server la beaut\u00e9.<\/p>\n<p><iframe title=\"Tapis marocain en laine tiss\u00e9e \u00e0 la main \u00e0 motifs de losanges roses et noirs\" width=\"1200\" height=\"675\" src=\"https:\/\/www.youtube.com\/embed\/Mr-gn_Z-OpY?feature=oembed&#038;enablejsapi=1&#038;origin=https:\/\/berberedesign.com\" frameborder=\"0\" allow=\"accelerometer; autoplay; clipboard-write; encrypted-media; gyroscope; picture-in-picture; web-share\" referrerpolicy=\"strict-origin-when-cross-origin\" allowfullscreen><\/iframe><\/p>\n<p>Ajoutez une touche d'h\u00e9ritage marocain \u00e0 votre int\u00e9rieur avec cet exquis tapis tiss\u00e9 \u00e0 la main. Une pi\u00e8ce intemporelle qui allie art, culture et fonctionnalit\u00e9.<\/p>","protected":false},"excerpt":{"rendered":"<p>Cet exquis tapis marocain en laine pr\u00e9sente une superbe base rose tendre avec d'audacieux motifs de diamants noirs. Tiss\u00e9 \u00e0 la main par des artisans qualifi\u00e9s, il constitue un m\u00e9lange parfait de tradition et de design moderne pour votre d\u00e9coration int\u00e9rieure.<\/p>","protected":false},"featured_media":104880,"comment_status":"open","ping_status":"closed","template":"","meta":[],"product_brand":[],"product_cat":[190,319,318],"product_tag":[348],"class_list":{"0":"post-104772","1":"product","2":"type-product","3":"status-publish","4":"has-post-thumbnail","6":"product_cat-rugs","7":"product_cat-rugs-wool-handcrafted-benches","8":"product_cat-wool","9":"product_tag-rugs","10":"description-off","12":"first","13":"instock","14":"sale","15":"shipping-taxable","16":"purchasable","17":"product-type-variable"},"jetpack_sharing_enabled":true,"_links":{"self":[{"href":"https:\/\/berberedesign.com\/fr\/wp-json\/wp\/v2\/product\/104772","targetHints":{"allow":["GET"]}}],"collection":[{"href":"https:\/\/berberedesign.com\/fr\/wp-json\/wp\/v2\/product"}],"about":[{"href":"https:\/\/berberedesign.com\/fr\/wp-json\/wp\/v2\/types\/product"}],"replies":[{"embeddable":true,"href":"https:\/\/berberedesign.com\/fr\/wp-json\/wp\/v2\/comments?post=104772"}],"version-history":[{"count":2,"href":"https:\/\/berberedesign.com\/fr\/wp-json\/wp\/v2\/product\/104772\/revisions"}],"predecessor-version":[{"id":106659,"href":"https:\/\/berberedesign.com\/fr\/wp-json\/wp\/v2\/product\/104772\/revisions\/106659"}],"wp:featuredmedia":[{"embeddable":true,"href":"https:\/\/berberedesign.com\/fr\/wp-json\/wp\/v2\/media\/104880"}],"wp:attachment":[{"href":"https:\/\/berberedesign.com\/fr\/wp-json\/wp\/v2\/media?parent=104772"}],"wp:term":[{"taxonomy":"product_brand","embeddable":true,"href":"https:\/\/berberedesign.com\/fr\/wp-json\/wp\/v2\/product_brand?post=104772"},{"taxonomy":"product_cat","embeddable":true,"href":"https:\/\/berberedesign.com\/fr\/wp-json\/wp\/v2\/product_cat?post=104772"},{"taxonomy":"product_tag","embeddable":true,"href":"https:\/\/berberedesign.com\/fr\/wp-json\/wp\/v2\/product_tag?post=104772"}],"curies":[{"name":"wp","href":"https:\/\/api.w.org\/{rel}","templated":true}]}}