{"id":104754,"date":"2025-01-21T23:21:14","date_gmt":"2025-01-21T23:21:14","guid":{"rendered":"https:\/\/berberedesign.com\/handwoven-moroccan-wool-rug-with-green-and-orange-gradient\/"},"modified":"2025-02-15T18:11:32","modified_gmt":"2025-02-15T18:11:32","slug":"tapis-en-laine-marocaine-tissee-a-la-main-degrade-de-vert-et-dorange","status":"publish","type":"product","link":"https:\/\/berberedesign.com\/fr\/tapis-en-laine-marocaine-tissee-a-la-main-degrade-de-vert-et-dorange\/","title":{"rendered":"Tapis marocain en laine tiss\u00e9e \u00e0 la main avec d\u00e9grad\u00e9 de vert et d'orange"},"content":{"rendered":"<div>\n<h2>Tapis marocain en laine tiss\u00e9e \u00e0 la main avec d\u00e9grad\u00e9 de vert et d'orange<\/h2>\n<p>Rehaussez votre d\u00e9coration int\u00e9rieure avec cet exquis tapis marocain en laine. Tiss\u00e9 \u00e0 la main par des artisans qualifi\u00e9s, ce tapis pr\u00e9sente un d\u00e9grad\u00e9 vibrant qui passe du vert luxuriant \u00e0 l'orange vif, compl\u00e9t\u00e9 par des tons neutres subtils. Sa texture douce et sa fabrication durable en font un \u00e9l\u00e9ment central id\u00e9al pour n'importe quelle pi\u00e8ce.<\/p>\n<p><strong>Caract\u00e9ristiques :<\/strong><\/p>\n<ul>\n<li>100% laine naturelle pour un toucher luxueux<\/li>\n<li>Tiss\u00e9 \u00e0 la main par des artisans marocains<\/li>\n<li>Motif d\u00e9grad\u00e9 unique pour une touche de modernit\u00e9<\/li>\n<li>Parfait pour les salons, les chambres \u00e0 coucher ou les coins douillets<\/li>\n<\/ul>\n<p><iframe title=\"Tapis marocain en laine tiss\u00e9e \u00e0 la main avec d\u00e9grad\u00e9 de vert et d&#039;orange\" width=\"1200\" height=\"675\" src=\"https:\/\/www.youtube.com\/embed\/pTTinQGEs-U?feature=oembed&#038;enablejsapi=1&#038;origin=https:\/\/berberedesign.com\" frameborder=\"0\" allow=\"accelerometer; autoplay; clipboard-write; encrypted-media; gyroscope; picture-in-picture; web-share\" referrerpolicy=\"strict-origin-when-cross-origin\" allowfullscreen><\/iframe><\/p>\n<p>Apportez le charme de l'artisanat marocain dans votre maison avec cette pi\u00e8ce polyvalente et \u00e9l\u00e9gante. Commandez d\u00e8s maintenant pour ajouter une touche de couleur et de chaleur \u00e0 votre espace !<\/p>\n<\/div>","protected":false},"excerpt":{"rendered":"<p>D\u00e9couvrez la beaut\u00e9 vibrante de ce tapis en laine marocaine tiss\u00e9 \u00e0 la main, qui pr\u00e9sente un \u00e9tonnant d\u00e9grad\u00e9 de vert, d'orange et de tons neutres. Parfait pour ajouter une touche unique \u00e0 votre espace de vie.<\/p>","protected":false},"featured_media":104862,"comment_status":"open","ping_status":"closed","template":"","meta":[],"product_brand":[],"product_cat":[234,190,319,318],"product_tag":[348],"class_list":{"0":"post-104754","1":"product","2":"type-product","3":"status-publish","4":"has-post-thumbnail","6":"product_cat-best-sellers","7":"product_cat-rugs","8":"product_cat-rugs-wool-handcrafted-benches","9":"product_cat-wool","10":"product_tag-rugs","11":"description-off","13":"first","14":"instock","15":"sale","16":"shipping-taxable","17":"purchasable","18":"product-type-variable"},"jetpack_sharing_enabled":true,"_links":{"self":[{"href":"https:\/\/berberedesign.com\/fr\/wp-json\/wp\/v2\/product\/104754","targetHints":{"allow":["GET"]}}],"collection":[{"href":"https:\/\/berberedesign.com\/fr\/wp-json\/wp\/v2\/product"}],"about":[{"href":"https:\/\/berberedesign.com\/fr\/wp-json\/wp\/v2\/types\/product"}],"replies":[{"embeddable":true,"href":"https:\/\/berberedesign.com\/fr\/wp-json\/wp\/v2\/comments?post=104754"}],"version-history":[{"count":2,"href":"https:\/\/berberedesign.com\/fr\/wp-json\/wp\/v2\/product\/104754\/revisions"}],"predecessor-version":[{"id":106653,"href":"https:\/\/berberedesign.com\/fr\/wp-json\/wp\/v2\/product\/104754\/revisions\/106653"}],"wp:featuredmedia":[{"embeddable":true,"href":"https:\/\/berberedesign.com\/fr\/wp-json\/wp\/v2\/media\/104862"}],"wp:attachment":[{"href":"https:\/\/berberedesign.com\/fr\/wp-json\/wp\/v2\/media?parent=104754"}],"wp:term":[{"taxonomy":"product_brand","embeddable":true,"href":"https:\/\/berberedesign.com\/fr\/wp-json\/wp\/v2\/product_brand?post=104754"},{"taxonomy":"product_cat","embeddable":true,"href":"https:\/\/berberedesign.com\/fr\/wp-json\/wp\/v2\/product_cat?post=104754"},{"taxonomy":"product_tag","embeddable":true,"href":"https:\/\/berberedesign.com\/fr\/wp-json\/wp\/v2\/product_tag?post=104754"}],"curies":[{"name":"wp","href":"https:\/\/api.w.org\/{rel}","templated":true}]}}