{"id":104741,"date":"2025-01-21T23:21:10","date_gmt":"2025-01-21T23:21:10","guid":{"rendered":"https:\/\/berberedesign.com\/traditional-moroccan-diamond-pattern-wool-rug\/"},"modified":"2025-02-01T15:46:12","modified_gmt":"2025-02-01T15:46:12","slug":"tapis-marocain-traditionnel-en-laine-a-motifs-de-diamants","status":"publish","type":"product","link":"https:\/\/berberedesign.com\/fr\/tapis-marocain-traditionnel-en-laine-a-motifs-de-diamants\/","title":{"rendered":"Tapis traditionnel marocain en laine \u00e0 motifs de diamants"},"content":{"rendered":"<p>\nFaites entrer la beaut\u00e9 intemporelle de l'art marocain dans votre maison gr\u00e2ce \u00e0 cette collection. <strong>Tapis traditionnel en laine \u00e0 motifs de diamants<\/strong>. M\u00e9ticuleusement tiss\u00e9 \u00e0 la main par des artisans qualifi\u00e9s, ce tapis pr\u00e9sente un d\u00e9licat motif de diamant accentu\u00e9 par des tons naturels et terreux. La texture moelleuse de la laine authentique offre un confort et une durabilit\u00e9 exceptionnels, assurant un m\u00e9lange parfait de fonctionnalit\u00e9 et d'esth\u00e9tique.\n<\/p>\n<p>\nCe tapis marocain est un compl\u00e9ment id\u00e9al pour votre salon, votre chambre \u00e0 coucher ou votre bureau, car il d\u00e9gage chaleur et \u00e9l\u00e9gance. Son design polyvalent s'int\u00e8gre aussi bien dans les int\u00e9rieurs modernes que traditionnels, ce qui en fait une pi\u00e8ce remarquable dans n'importe quel environnement. D\u00e9couvrez l'h\u00e9ritage de l'artisanat marocain avec ce tapis en laine exquis.\n<\/p>\n<ul>\n<li><strong>Mat\u00e9riau :<\/strong> 100% Laine Authentique<\/li>\n<li><strong>Mod\u00e8le :<\/strong> Motif diamant avec accents d\u00e9taill\u00e9s<\/li>\n<li><strong>Soins :<\/strong> Nettoyage ponctuel ou nettoyage professionnel des tapis recommand\u00e9<\/li>\n<\/ul>\n<p>Transformez votre espace avec un morceau de la tradition marocaine. Commandez le v\u00f4tre d\u00e8s aujourd'hui !<\/p>","protected":false},"excerpt":{"rendered":"<p>Rehaussez votre espace de vie avec ce tapis marocain en laine tiss\u00e9 \u00e0 la main, qui pr\u00e9sente un motif classique en forme de diamant. Ses tons naturels et ses d\u00e9tails complexes t\u00e9moignent d'un savoir-faire artisanal authentique, parfait pour ajouter chaleur et charme \u00e0 tout d\u00e9cor.<\/p>","protected":false},"featured_media":104849,"comment_status":"open","ping_status":"closed","template":"","meta":[],"product_brand":[],"product_cat":[190,319,318],"product_tag":[348],"class_list":{"0":"post-104741","1":"product","2":"type-product","3":"status-publish","4":"has-post-thumbnail","6":"product_cat-rugs","7":"product_cat-rugs-wool-handcrafted-benches","8":"product_cat-wool","9":"product_tag-rugs","10":"description-off","12":"first","13":"instock","14":"sale","15":"shipping-taxable","16":"purchasable","17":"product-type-variable"},"jetpack_sharing_enabled":true,"_links":{"self":[{"href":"https:\/\/berberedesign.com\/fr\/wp-json\/wp\/v2\/product\/104741","targetHints":{"allow":["GET"]}}],"collection":[{"href":"https:\/\/berberedesign.com\/fr\/wp-json\/wp\/v2\/product"}],"about":[{"href":"https:\/\/berberedesign.com\/fr\/wp-json\/wp\/v2\/types\/product"}],"replies":[{"embeddable":true,"href":"https:\/\/berberedesign.com\/fr\/wp-json\/wp\/v2\/comments?post=104741"}],"version-history":[{"count":1,"href":"https:\/\/berberedesign.com\/fr\/wp-json\/wp\/v2\/product\/104741\/revisions"}],"predecessor-version":[{"id":104848,"href":"https:\/\/berberedesign.com\/fr\/wp-json\/wp\/v2\/product\/104741\/revisions\/104848"}],"wp:featuredmedia":[{"embeddable":true,"href":"https:\/\/berberedesign.com\/fr\/wp-json\/wp\/v2\/media\/104849"}],"wp:attachment":[{"href":"https:\/\/berberedesign.com\/fr\/wp-json\/wp\/v2\/media?parent=104741"}],"wp:term":[{"taxonomy":"product_brand","embeddable":true,"href":"https:\/\/berberedesign.com\/fr\/wp-json\/wp\/v2\/product_brand?post=104741"},{"taxonomy":"product_cat","embeddable":true,"href":"https:\/\/berberedesign.com\/fr\/wp-json\/wp\/v2\/product_cat?post=104741"},{"taxonomy":"product_tag","embeddable":true,"href":"https:\/\/berberedesign.com\/fr\/wp-json\/wp\/v2\/product_tag?post=104741"}],"curies":[{"name":"wp","href":"https:\/\/api.w.org\/{rel}","templated":true}]}}