{"id":104726,"date":"2025-01-21T23:21:07","date_gmt":"2025-01-21T23:21:07","guid":{"rendered":"https:\/\/berberedesign.com\/handwoven-moroccan-wool-rug-with-diamond-pattern\/"},"modified":"2025-02-15T17:55:11","modified_gmt":"2025-02-15T17:55:11","slug":"tapis-marocain-en-laine-tisse-a-la-main-avec-motif-en-losange","status":"publish","type":"product","link":"https:\/\/berberedesign.com\/fr\/tapis-marocain-en-laine-tisse-a-la-main-avec-motif-en-losange\/","title":{"rendered":"Tapis marocain en laine tiss\u00e9 \u00e0 la main avec motif en losange"},"content":{"rendered":"<p>Transformez votre espace de vie gr\u00e2ce \u00e0 l'art exquis de cette collection. <strong>Tapis marocain en laine tiss\u00e9 \u00e0 la main<\/strong>. Fabriqu\u00e9 avec amour et soin, ce tapis se caract\u00e9rise par une <em>motif de diamant color\u00e9<\/em> qui se d\u00e9tache sur son fond beige neutre, apportant \u00e0 la fois \u00e9l\u00e9gance et chaleur \u00e0 n'importe quelle pi\u00e8ce.<\/p>\n<p><strong>Caract\u00e9ristiques :<\/strong><\/p>\n<ul>\n<li>Fabriqu\u00e9 \u00e0 la main en laine marocaine de premi\u00e8re qualit\u00e9<\/li>\n<li>Motif en losange dans des tons vifs de rose, d'orange et de vert<\/li>\n<li>Parfait comme objet d'appel pour votre salon, votre chambre ou votre bureau.<\/li>\n<li>Durable et facile \u00e0 entretenir<\/li>\n<\/ul>\n<p><iframe title=\"Tapis marocain en laine tiss\u00e9 \u00e0 la main avec motif en losange\" width=\"1200\" height=\"675\" src=\"https:\/\/www.youtube.com\/embed\/mU4LsOLAVYg?feature=oembed&#038;enablejsapi=1&#038;origin=https:\/\/berberedesign.com\" frameborder=\"0\" allow=\"accelerometer; autoplay; clipboard-write; encrypted-media; gyroscope; picture-in-picture; web-share\" referrerpolicy=\"strict-origin-when-cross-origin\" allowfullscreen><\/iframe><\/p>\n<p>C\u00e9l\u00e9brez l'h\u00e9ritage marocain tout en ajoutant une touche de couleur \u00e0 votre d\u00e9cor. Que votre style soit minimaliste, boho-chic ou \u00e9clectique, ce tapis s'int\u00e8gre parfaitement \u00e0 toutes les esth\u00e9tiques. <strong>Commandez le v\u00f4tre d\u00e8s aujourd'hui<\/strong> pour faire entrer l'artisanat intemporel dans votre maison.<\/p>","protected":false},"excerpt":{"rendered":"<p>Ajoutez une touche d'\u00e9clat \u00e0 votre int\u00e9rieur avec ce tapis marocain en laine tiss\u00e9 \u00e0 la main. Avec ses motifs en losange color\u00e9s sur une base beige neutre, il allie l'artisanat traditionnel au design moderne.<\/p>","protected":false},"featured_media":104834,"comment_status":"open","ping_status":"closed","template":"","meta":[],"product_brand":[],"product_cat":[190,319,318],"product_tag":[348],"class_list":{"0":"post-104726","1":"product","2":"type-product","3":"status-publish","4":"has-post-thumbnail","6":"product_cat-rugs","7":"product_cat-rugs-wool-handcrafted-benches","8":"product_cat-wool","9":"product_tag-rugs","10":"description-off","12":"first","13":"instock","14":"sale","15":"shipping-taxable","16":"purchasable","17":"product-type-variable"},"jetpack_sharing_enabled":true,"_links":{"self":[{"href":"https:\/\/berberedesign.com\/fr\/wp-json\/wp\/v2\/product\/104726","targetHints":{"allow":["GET"]}}],"collection":[{"href":"https:\/\/berberedesign.com\/fr\/wp-json\/wp\/v2\/product"}],"about":[{"href":"https:\/\/berberedesign.com\/fr\/wp-json\/wp\/v2\/types\/product"}],"replies":[{"embeddable":true,"href":"https:\/\/berberedesign.com\/fr\/wp-json\/wp\/v2\/comments?post=104726"}],"version-history":[{"count":2,"href":"https:\/\/berberedesign.com\/fr\/wp-json\/wp\/v2\/product\/104726\/revisions"}],"predecessor-version":[{"id":106626,"href":"https:\/\/berberedesign.com\/fr\/wp-json\/wp\/v2\/product\/104726\/revisions\/106626"}],"wp:featuredmedia":[{"embeddable":true,"href":"https:\/\/berberedesign.com\/fr\/wp-json\/wp\/v2\/media\/104834"}],"wp:attachment":[{"href":"https:\/\/berberedesign.com\/fr\/wp-json\/wp\/v2\/media?parent=104726"}],"wp:term":[{"taxonomy":"product_brand","embeddable":true,"href":"https:\/\/berberedesign.com\/fr\/wp-json\/wp\/v2\/product_brand?post=104726"},{"taxonomy":"product_cat","embeddable":true,"href":"https:\/\/berberedesign.com\/fr\/wp-json\/wp\/v2\/product_cat?post=104726"},{"taxonomy":"product_tag","embeddable":true,"href":"https:\/\/berberedesign.com\/fr\/wp-json\/wp\/v2\/product_tag?post=104726"}],"curies":[{"name":"wp","href":"https:\/\/api.w.org\/{rel}","templated":true}]}}