{"id":104713,"date":"2025-01-21T23:21:04","date_gmt":"2025-01-21T23:21:04","guid":{"rendered":"https:\/\/berberedesign.com\/bold-checkered-moroccan-wool-rug-in-magenta-and-ivory\/"},"modified":"2025-02-15T18:09:47","modified_gmt":"2025-02-15T18:09:47","slug":"tapis-en-laine-marocaine-a-carreaux-audacieux-magenta-et-ivoire","status":"publish","type":"product","link":"https:\/\/berberedesign.com\/fr\/tapis-en-laine-marocaine-a-carreaux-audacieux-magenta-et-ivoire\/","title":{"rendered":"Tapis marocain en laine \u00e0 carreaux en magenta et ivoire"},"content":{"rendered":"<div>\n<h1>Tapis marocain en laine \u00e0 carreaux en magenta et ivoire<\/h1>\n<p>Transformez votre espace avec ce vibrant tapis marocain en laine, dot\u00e9 d'un motif \u00e0 carreaux audacieux dans les tons magenta et ivoire. M\u00e9ticuleusement tiss\u00e9 \u00e0 la main par des artisans qualifi\u00e9s, ce tapis n'est pas seulement un objet de d\u00e9coration, mais une d\u00e9claration d'\u00e9l\u00e9gance et de chaleur. Sa texture moelleuse et son design accrocheur en font une pi\u00e8ce ma\u00eetresse parfaite pour votre salon, votre chambre ou votre bureau.<\/p>\n<ul>\n<li>Dimensions : [Indiquer les dimensions]<\/li>\n<li>Mati\u00e8re : Laine 100%<\/li>\n<li>Fabriqu\u00e9 \u00e0 la main par des artisans marocains<\/li>\n<li>Entretien : Passer l'aspirateur r\u00e9guli\u00e8rement ; nettoyer ponctuellement avec un d\u00e9tergent doux.<\/li>\n<\/ul>\n<p><iframe title=\"Tapis marocain en laine \u00e0 carreaux en magenta et ivoire\" width=\"1200\" height=\"675\" src=\"https:\/\/www.youtube.com\/embed\/mRuY_gU15-U?feature=oembed&#038;enablejsapi=1&#038;origin=https:\/\/berberedesign.com\" frameborder=\"0\" allow=\"accelerometer; autoplay; clipboard-write; encrypted-media; gyroscope; picture-in-picture; web-share\" referrerpolicy=\"strict-origin-when-cross-origin\" allowfullscreen><\/iframe><\/p>\n<p>Am\u00e9liorez votre maison avec une touche d'artisanat marocain et de style moderne d\u00e8s aujourd'hui !<\/p>\n<\/div>","protected":false},"excerpt":{"rendered":"<p>Un tapis marocain en laine \u00e0 carreaux, avec des carr\u00e9s magenta et ivoire vibrants. Tiss\u00e9 \u00e0 la main avec soin, ce tapis apporte une touche moderne et vivante \u00e0 n'importe quelle pi\u00e8ce.<\/p>","protected":false},"featured_media":104821,"comment_status":"open","ping_status":"closed","template":"","meta":[],"product_brand":[],"product_cat":[190,319,318],"product_tag":[348],"class_list":{"0":"post-104713","1":"product","2":"type-product","3":"status-publish","4":"has-post-thumbnail","6":"product_cat-rugs","7":"product_cat-rugs-wool-handcrafted-benches","8":"product_cat-wool","9":"product_tag-rugs","10":"description-off","12":"first","13":"instock","14":"sale","15":"shipping-taxable","16":"purchasable","17":"product-type-variable"},"jetpack_sharing_enabled":true,"_links":{"self":[{"href":"https:\/\/berberedesign.com\/fr\/wp-json\/wp\/v2\/product\/104713","targetHints":{"allow":["GET"]}}],"collection":[{"href":"https:\/\/berberedesign.com\/fr\/wp-json\/wp\/v2\/product"}],"about":[{"href":"https:\/\/berberedesign.com\/fr\/wp-json\/wp\/v2\/types\/product"}],"replies":[{"embeddable":true,"href":"https:\/\/berberedesign.com\/fr\/wp-json\/wp\/v2\/comments?post=104713"}],"version-history":[{"count":2,"href":"https:\/\/berberedesign.com\/fr\/wp-json\/wp\/v2\/product\/104713\/revisions"}],"predecessor-version":[{"id":106649,"href":"https:\/\/berberedesign.com\/fr\/wp-json\/wp\/v2\/product\/104713\/revisions\/106649"}],"wp:featuredmedia":[{"embeddable":true,"href":"https:\/\/berberedesign.com\/fr\/wp-json\/wp\/v2\/media\/104821"}],"wp:attachment":[{"href":"https:\/\/berberedesign.com\/fr\/wp-json\/wp\/v2\/media?parent=104713"}],"wp:term":[{"taxonomy":"product_brand","embeddable":true,"href":"https:\/\/berberedesign.com\/fr\/wp-json\/wp\/v2\/product_brand?post=104713"},{"taxonomy":"product_cat","embeddable":true,"href":"https:\/\/berberedesign.com\/fr\/wp-json\/wp\/v2\/product_cat?post=104713"},{"taxonomy":"product_tag","embeddable":true,"href":"https:\/\/berberedesign.com\/fr\/wp-json\/wp\/v2\/product_tag?post=104713"}],"curies":[{"name":"wp","href":"https:\/\/api.w.org\/{rel}","templated":true}]}}