{"id":104674,"date":"2025-01-21T23:20:54","date_gmt":"2025-01-21T23:20:54","guid":{"rendered":"https:\/\/berberedesign.com\/handwoven-moroccan-wool-rug-cream-with-subtle-pink-accents\/"},"modified":"2025-02-15T18:15:23","modified_gmt":"2025-02-15T18:15:23","slug":"tapis-en-laine-marocaine-tissee-a-la-main-creme-avec-de-subtils-accents-roses","status":"publish","type":"product","link":"https:\/\/berberedesign.com\/fr\/tapis-en-laine-marocaine-tissee-a-la-main-creme-avec-de-subtils-accents-roses\/","title":{"rendered":"Tapis marocain en laine tiss\u00e9e \u00e0 la main - Cr\u00e8me avec de subtils accents roses"},"content":{"rendered":"<h1>Tapis marocain en laine tiss\u00e9e \u00e0 la main - Cr\u00e8me avec de subtils accents roses<\/h1>\n<p><strong>Transformez votre espace avec la beaut\u00e9 de l'artisanat marocain. Ce tapis en laine tiss\u00e9 \u00e0 la main pr\u00e9sente une base cr\u00e8me douce avec de d\u00e9licats accents roses, cr\u00e9ant un m\u00e9lange parfait de tradition et d'\u00e9l\u00e9gance moderne.<\/strong><\/p>\n<p>Fabriqu\u00e9 par des artisans qualifi\u00e9s, ce tapis marocain en laine apporte une touche de chaleur et de sophistication \u00e0 toute maison. Son motif complexe et sa palette de couleurs subtiles en font un compl\u00e9ment polyvalent pour les int\u00e9rieurs contemporains et traditionnels.<\/p>\n<ul>\n<li><strong>Artisanat authentique :<\/strong> Tiss\u00e9 \u00e0 la main par des artisans marocains selon des techniques traditionnelles.<\/li>\n<li><strong>Mat\u00e9riau de premi\u00e8re qualit\u00e9 :<\/strong> Fabriqu\u00e9 en laine naturelle 100%, il offre durabilit\u00e9 et douceur.<\/li>\n<li><strong>Design \u00e9l\u00e9gant :<\/strong> Il est compos\u00e9 d'une base cr\u00e8me avec de d\u00e9licats accents roses et des glands tress\u00e9s pour plus de charme.<\/li>\n<li><strong>Taille polyvalente :<\/strong> Id\u00e9al pour les salons, les chambres \u00e0 coucher ou comme pi\u00e8ce d'apparat dans n'importe quel espace.<\/li>\n<\/ul>\n<p>&nbsp;<\/p>\n<p><iframe title=\"Tapis marocain en laine tiss\u00e9e \u00e0 la main - Cr\u00e8me avec de subtils accents roses\" width=\"1200\" height=\"675\" src=\"https:\/\/www.youtube.com\/embed\/X2tyfIlocNg?feature=oembed&#038;enablejsapi=1&#038;origin=https:\/\/berberedesign.com\" frameborder=\"0\" allow=\"accelerometer; autoplay; clipboard-write; encrypted-media; gyroscope; picture-in-picture; web-share\" referrerpolicy=\"strict-origin-when-cross-origin\" allowfullscreen><\/iframe><\/p>\n<p>Embrassez l'\u00e9l\u00e9gance et la tradition du design marocain avec ce tapis en laine tiss\u00e9 \u00e0 la main. Son style intemporel et sa qualit\u00e9 sup\u00e9rieure en font un compl\u00e9ment id\u00e9al \u00e0 votre d\u00e9coration int\u00e9rieure.<\/p>","protected":false},"excerpt":{"rendered":"<p>Rehaussez votre espace de vie avec ce tapis en laine marocaine tiss\u00e9e \u00e0 la main. Avec sa base cr\u00e8me douce et ses subtils accents roses, il apporte chaleur et \u00e9l\u00e9gance \u00e0 n'importe quelle pi\u00e8ce.<\/p>","protected":false},"featured_media":104782,"comment_status":"open","ping_status":"closed","template":"","meta":[],"product_brand":[],"product_cat":[190,319,318],"product_tag":[348],"class_list":{"0":"post-104674","1":"product","2":"type-product","3":"status-publish","4":"has-post-thumbnail","6":"product_cat-rugs","7":"product_cat-rugs-wool-handcrafted-benches","8":"product_cat-wool","9":"product_tag-rugs","10":"description-off","12":"first","13":"instock","14":"sale","15":"shipping-taxable","16":"purchasable","17":"product-type-variable"},"jetpack_sharing_enabled":true,"_links":{"self":[{"href":"https:\/\/berberedesign.com\/fr\/wp-json\/wp\/v2\/product\/104674","targetHints":{"allow":["GET"]}}],"collection":[{"href":"https:\/\/berberedesign.com\/fr\/wp-json\/wp\/v2\/product"}],"about":[{"href":"https:\/\/berberedesign.com\/fr\/wp-json\/wp\/v2\/types\/product"}],"replies":[{"embeddable":true,"href":"https:\/\/berberedesign.com\/fr\/wp-json\/wp\/v2\/comments?post=104674"}],"version-history":[{"count":2,"href":"https:\/\/berberedesign.com\/fr\/wp-json\/wp\/v2\/product\/104674\/revisions"}],"predecessor-version":[{"id":106661,"href":"https:\/\/berberedesign.com\/fr\/wp-json\/wp\/v2\/product\/104674\/revisions\/106661"}],"wp:featuredmedia":[{"embeddable":true,"href":"https:\/\/berberedesign.com\/fr\/wp-json\/wp\/v2\/media\/104782"}],"wp:attachment":[{"href":"https:\/\/berberedesign.com\/fr\/wp-json\/wp\/v2\/media?parent=104674"}],"wp:term":[{"taxonomy":"product_brand","embeddable":true,"href":"https:\/\/berberedesign.com\/fr\/wp-json\/wp\/v2\/product_brand?post=104674"},{"taxonomy":"product_cat","embeddable":true,"href":"https:\/\/berberedesign.com\/fr\/wp-json\/wp\/v2\/product_cat?post=104674"},{"taxonomy":"product_tag","embeddable":true,"href":"https:\/\/berberedesign.com\/fr\/wp-json\/wp\/v2\/product_tag?post=104674"}],"curies":[{"name":"wp","href":"https:\/\/api.w.org\/{rel}","templated":true}]}}