{"id":104461,"date":"2025-01-05T16:32:18","date_gmt":"2025-01-05T16:32:18","guid":{"rendered":"https:\/\/berberedesign.com\/handcrafted-moroccan-berber-babouches-elegant-white-embroidery\/"},"modified":"2025-03-19T13:05:37","modified_gmt":"2025-03-19T13:05:37","slug":"babouches-berberes-marocaines-artisanales-elegantes-broderie-blanche","status":"publish","type":"product","link":"https:\/\/berberedesign.com\/fr\/babouches-berberes-marocaines-artisanales-elegantes-broderie-blanche\/","title":{"rendered":"Babouches berb\u00e8res marocaines fabriqu\u00e9es \u00e0 la main - \u00c9l\u00e9gante broderie blanche"},"content":{"rendered":"<p>Entrez dans l'\u00e9l\u00e9gance intemporelle avec ces babouches berb\u00e8res marocaines blanches. Fabriqu\u00e9es \u00e0 la main par des artisans qualifi\u00e9s, elles sont orn\u00e9es de broderies complexes aux couleurs \u00e9clatantes qui refl\u00e8tent la beaut\u00e9 de la culture berb\u00e8re.<\/p>\n<p>Authentique savoir-faire berb\u00e8re : Chaque paire est m\u00e9ticuleusement fabriqu\u00e9e \u00e0 la main par des artisans marocains, avec un souci du d\u00e9tail in\u00e9gal\u00e9.<br \/>\nMat\u00e9riaux de premi\u00e8re qualit\u00e9 : Fabriqu\u00e9 avec du cuir durable et des broderies vibrantes pour le confort et la long\u00e9vit\u00e9.<br \/>\nDesign blanc sophistiqu\u00e9 : Une base blanche fra\u00eeche associ\u00e9e \u00e0 une broderie multicolore audacieuse fait de ces babouches une pi\u00e8ce d'apparat polyvalente.<br \/>\nL\u00e9ger et polyvalent : parfait pour les sorties d\u00e9contract\u00e9es, les \u00e9v\u00e9nements culturels ou comme cadeau attentionn\u00e9 pour quelqu'un qui appr\u00e9cie la mode unique.<\/p>","protected":false},"excerpt":{"rendered":"<p>Ces superbes babouches berb\u00e8res marocaines blanches fabriqu\u00e9es \u00e0 la main sont orn\u00e9es de broderies vibrantes, alliant l'\u00e9l\u00e9gance moderne \u00e0 l'art traditionnel.<\/p>","protected":false},"featured_media":104462,"comment_status":"open","ping_status":"closed","template":"","meta":[],"product_brand":[],"product_cat":[301,305,341],"product_tag":[],"class_list":{"0":"post-104461","1":"product","2":"type-product","3":"status-publish","4":"has-post-thumbnail","6":"product_cat-leather","7":"product_cat-shoes","8":"product_cat-shoes-2","9":"description-off","11":"first","12":"instock","13":"sale","14":"featured","15":"shipping-taxable","16":"purchasable","17":"product-type-variable"},"jetpack_sharing_enabled":true,"_links":{"self":[{"href":"https:\/\/berberedesign.com\/fr\/wp-json\/wp\/v2\/product\/104461","targetHints":{"allow":["GET"]}}],"collection":[{"href":"https:\/\/berberedesign.com\/fr\/wp-json\/wp\/v2\/product"}],"about":[{"href":"https:\/\/berberedesign.com\/fr\/wp-json\/wp\/v2\/types\/product"}],"replies":[{"embeddable":true,"href":"https:\/\/berberedesign.com\/fr\/wp-json\/wp\/v2\/comments?post=104461"}],"version-history":[{"count":2,"href":"https:\/\/berberedesign.com\/fr\/wp-json\/wp\/v2\/product\/104461\/revisions"}],"predecessor-version":[{"id":104559,"href":"https:\/\/berberedesign.com\/fr\/wp-json\/wp\/v2\/product\/104461\/revisions\/104559"}],"wp:featuredmedia":[{"embeddable":true,"href":"https:\/\/berberedesign.com\/fr\/wp-json\/wp\/v2\/media\/104462"}],"wp:attachment":[{"href":"https:\/\/berberedesign.com\/fr\/wp-json\/wp\/v2\/media?parent=104461"}],"wp:term":[{"taxonomy":"product_brand","embeddable":true,"href":"https:\/\/berberedesign.com\/fr\/wp-json\/wp\/v2\/product_brand?post=104461"},{"taxonomy":"product_cat","embeddable":true,"href":"https:\/\/berberedesign.com\/fr\/wp-json\/wp\/v2\/product_cat?post=104461"},{"taxonomy":"product_tag","embeddable":true,"href":"https:\/\/berberedesign.com\/fr\/wp-json\/wp\/v2\/product_tag?post=104461"}],"curies":[{"name":"wp","href":"https:\/\/api.w.org\/{rel}","templated":true}]}}