{"id":104446,"date":"2025-01-05T16:32:15","date_gmt":"2025-01-05T16:32:15","guid":{"rendered":"https:\/\/berberedesign.com\/handcrafted-moroccan-berber-babouches-a-vibrant-tribute-to-heritage\/"},"modified":"2025-03-16T11:33:56","modified_gmt":"2025-03-16T11:33:56","slug":"babouches-berberes-marocaines-fabriquees-a-la-main-un-hommage-vibrant-au-patrimoine","status":"publish","type":"product","link":"https:\/\/berberedesign.com\/fr\/babouches-berberes-marocaines-fabriquees-a-la-main-un-hommage-vibrant-au-patrimoine\/","title":{"rendered":"Babouches berb\u00e8res marocaines fabriqu\u00e9es \u00e0 la main - Un hommage vibrant au patrimoine"},"content":{"rendered":"<p>D\u00e9couvrez l'essence de l'artisanat berb\u00e8re avec ces babouches marocaines color\u00e9es et vibrantes. Chaque paire est m\u00e9ticuleusement fabriqu\u00e9e \u00e0 la main par des artisans qualifi\u00e9s et pr\u00e9sente des motifs complexes inspir\u00e9s de la culture berb\u00e8re traditionnelle.<\/p>\n<p>L'artisanat berb\u00e8re authentique : Fabriqu\u00e9 \u00e0 la main par des artisans marocains, c\u00e9l\u00e9brant les traditions berb\u00e8res s\u00e9culaires.<br \/>\nMat\u00e9riaux de haute qualit\u00e9 : Fabriqu\u00e9 en cuir durable et orn\u00e9 de broderies vibrantes et durables.<br \/>\nUn design saisissant : Des motifs complexes et des couleurs vives qui capturent l'essence de l'art berb\u00e8re marocain.<br \/>\nLe confort rencontre le style : L\u00e9ger et polyvalent, il est id\u00e9al pour les v\u00eatements de tous les jours, les \u00e9v\u00e9nements culturels ou comme cadeau unique.<br \/>\nEntrez dans un monde d'h\u00e9ritage marocain avec ces superbes babouches berb\u00e8res. Elles sont parfaites pour tous ceux qui appr\u00e9cient l'authenticit\u00e9, l'artisanat et la beaut\u00e9 culturelle.<\/p>\n<p>&nbsp;<\/p>","protected":false},"excerpt":{"rendered":"<p>Entrez dans la tradition avec ces magnifiques babouches berb\u00e8res marocaines fabriqu\u00e9es \u00e0 la main. Leurs broderies \u00e9clatantes et leur design authentique en font un parfait m\u00e9lange de culture et de style.<\/p>","protected":false},"featured_media":104447,"comment_status":"open","ping_status":"closed","template":"","meta":[],"product_brand":[],"product_cat":[301,305,341],"product_tag":[],"class_list":{"0":"post-104446","1":"product","2":"type-product","3":"status-publish","4":"has-post-thumbnail","6":"product_cat-leather","7":"product_cat-shoes","8":"product_cat-shoes-2","9":"description-off","11":"first","12":"instock","13":"sale","14":"featured","15":"shipping-taxable","16":"purchasable","17":"product-type-variable"},"jetpack_sharing_enabled":true,"_links":{"self":[{"href":"https:\/\/berberedesign.com\/fr\/wp-json\/wp\/v2\/product\/104446","targetHints":{"allow":["GET"]}}],"collection":[{"href":"https:\/\/berberedesign.com\/fr\/wp-json\/wp\/v2\/product"}],"about":[{"href":"https:\/\/berberedesign.com\/fr\/wp-json\/wp\/v2\/types\/product"}],"replies":[{"embeddable":true,"href":"https:\/\/berberedesign.com\/fr\/wp-json\/wp\/v2\/comments?post=104446"}],"version-history":[{"count":2,"href":"https:\/\/berberedesign.com\/fr\/wp-json\/wp\/v2\/product\/104446\/revisions"}],"predecessor-version":[{"id":104512,"href":"https:\/\/berberedesign.com\/fr\/wp-json\/wp\/v2\/product\/104446\/revisions\/104512"}],"wp:featuredmedia":[{"embeddable":true,"href":"https:\/\/berberedesign.com\/fr\/wp-json\/wp\/v2\/media\/104447"}],"wp:attachment":[{"href":"https:\/\/berberedesign.com\/fr\/wp-json\/wp\/v2\/media?parent=104446"}],"wp:term":[{"taxonomy":"product_brand","embeddable":true,"href":"https:\/\/berberedesign.com\/fr\/wp-json\/wp\/v2\/product_brand?post=104446"},{"taxonomy":"product_cat","embeddable":true,"href":"https:\/\/berberedesign.com\/fr\/wp-json\/wp\/v2\/product_cat?post=104446"},{"taxonomy":"product_tag","embeddable":true,"href":"https:\/\/berberedesign.com\/fr\/wp-json\/wp\/v2\/product_tag?post=104446"}],"curies":[{"name":"wp","href":"https:\/\/api.w.org\/{rel}","templated":true}]}}