{"id":104286,"date":"2025-01-04T19:09:32","date_gmt":"2025-01-04T19:09:32","guid":{"rendered":"https:\/\/berberedesign.com\/handcrafted-moroccan-leather-babouches-warm-caramel-tone\/"},"modified":"2025-02-28T16:43:41","modified_gmt":"2025-02-28T16:43:41","slug":"babouches-artisanales-en-cuir-marocain-ton-caramel-chaud","status":"publish","type":"product","link":"https:\/\/berberedesign.com\/fr\/babouches-artisanales-en-cuir-marocain-ton-caramel-chaud\/","title":{"rendered":"Babouches en cuir marocain artisanal - Ton caramel chaud"},"content":{"rendered":"<h1>Babouches en cuir marocain artisanal - Ton caramel chaud<\/h1>\n<p><strong>\u00c9l\u00e9gantes babouches en cuir marocain de couleur caramel, fabriqu\u00e9es \u00e0 la main par des artisans qualifi\u00e9s. Con\u00e7ues pour un confort in\u00e9gal\u00e9 et un style intemporel.<\/strong><\/p>\n<p>Entrez dans le monde de l'artisanat marocain avec ces superbes babouches en cuir de couleur caramel. Soigneusement fabriqu\u00e9es \u00e0 la main, elles allient tradition et \u00e9l\u00e9gance contemporaine, ce qui en fait le choix id\u00e9al pour toutes les occasions.<\/p>\n<ul>\n<li><strong>Artisanat authentique :<\/strong> Fabriqu\u00e9s \u00e0 la main par des artisans marocains selon des techniques ancestrales.<\/li>\n<li><strong>Mat\u00e9riaux de premi\u00e8re qualit\u00e9 :<\/strong> Fabriqu\u00e9 en cuir souple et durable pour un confort tout au long de la journ\u00e9e et une qualit\u00e9 durable.<\/li>\n<li><strong>Teinte caramel chaud :<\/strong> Un ton polyvalent et sophistiqu\u00e9 qui s'accorde avec une grande vari\u00e9t\u00e9 de tenues.<\/li>\n<li><strong>L\u00e9ger et polyvalent :<\/strong> Id\u00e9al pour les sorties d\u00e9contract\u00e9es, le farniente ou comme cadeau attentionn\u00e9.<\/li>\n<\/ul>\n<p>&nbsp;<\/p>\n<p><iframe title=\"&quot;Comment faire des babouches marocaines traditionnelles : Tutoriel de bricolage \u00e9tape par \u00e9tape !&quot;\" width=\"1200\" height=\"675\" src=\"https:\/\/www.youtube.com\/embed\/D22ZUZB0_wI?feature=oembed&#038;enablejsapi=1&#038;origin=https:\/\/berberedesign.com\" frameborder=\"0\" allow=\"accelerometer; autoplay; clipboard-write; encrypted-media; gyroscope; picture-in-picture; web-share\" referrerpolicy=\"strict-origin-when-cross-origin\" allowfullscreen><\/iframe><\/p>\n<p>Ces babouches en cuir caramel allient un design intemporel \u00e0 une qualit\u00e9 de fabrication sup\u00e9rieure. Parfaites pour ceux qui appr\u00e9cient l'authenticit\u00e9 et le style, elles constituent un ajout remarquable \u00e0 toute garde-robe.<\/p>","protected":false},"excerpt":{"rendered":"<p>\u00c9l\u00e9gantes babouches en cuir marocain de couleur caramel, fabriqu\u00e9es \u00e0 la main par des artisans. Con\u00e7ues pour un confort in\u00e9gal\u00e9 et un style intemporel.<\/p>","protected":false},"featured_media":104249,"comment_status":"open","ping_status":"closed","template":"","meta":[],"product_brand":[],"product_cat":[301,305,341],"product_tag":[],"class_list":{"0":"post-104286","1":"product","2":"type-product","3":"status-publish","4":"has-post-thumbnail","6":"product_cat-leather","7":"product_cat-shoes","8":"product_cat-shoes-2","9":"pa_size-330","10":"pa_size-331","11":"pa_size-332","12":"pa_size-333","13":"pa_size-344","14":"pa_size-345","15":"pa_size-346","16":"description-off","18":"first","19":"instock","20":"sale","21":"featured","22":"shipping-taxable","23":"purchasable","24":"product-type-variable"},"jetpack_sharing_enabled":true,"_links":{"self":[{"href":"https:\/\/berberedesign.com\/fr\/wp-json\/wp\/v2\/product\/104286","targetHints":{"allow":["GET"]}}],"collection":[{"href":"https:\/\/berberedesign.com\/fr\/wp-json\/wp\/v2\/product"}],"about":[{"href":"https:\/\/berberedesign.com\/fr\/wp-json\/wp\/v2\/types\/product"}],"replies":[{"embeddable":true,"href":"https:\/\/berberedesign.com\/fr\/wp-json\/wp\/v2\/comments?post=104286"}],"version-history":[{"count":3,"href":"https:\/\/berberedesign.com\/fr\/wp-json\/wp\/v2\/product\/104286\/revisions"}],"predecessor-version":[{"id":106621,"href":"https:\/\/berberedesign.com\/fr\/wp-json\/wp\/v2\/product\/104286\/revisions\/106621"}],"wp:featuredmedia":[{"embeddable":true,"href":"https:\/\/berberedesign.com\/fr\/wp-json\/wp\/v2\/media\/104249"}],"wp:attachment":[{"href":"https:\/\/berberedesign.com\/fr\/wp-json\/wp\/v2\/media?parent=104286"}],"wp:term":[{"taxonomy":"product_brand","embeddable":true,"href":"https:\/\/berberedesign.com\/fr\/wp-json\/wp\/v2\/product_brand?post=104286"},{"taxonomy":"product_cat","embeddable":true,"href":"https:\/\/berberedesign.com\/fr\/wp-json\/wp\/v2\/product_cat?post=104286"},{"taxonomy":"product_tag","embeddable":true,"href":"https:\/\/berberedesign.com\/fr\/wp-json\/wp\/v2\/product_tag?post=104286"}],"curies":[{"name":"wp","href":"https:\/\/api.w.org\/{rel}","templated":true}]}}