{"id":104270,"date":"2025-01-04T19:09:28","date_gmt":"2025-01-04T19:09:28","guid":{"rendered":"https:\/\/berberedesign.com\/handcrafted-moroccan-leather-babouches-timeless-black-elegance\/"},"modified":"2025-02-28T16:43:42","modified_gmt":"2025-02-28T16:43:42","slug":"babouches-en-cuir-marocain-fabriquees-a-la-main-elegance-noire-intemporelle","status":"publish","type":"product","link":"https:\/\/berberedesign.com\/fr\/babouches-en-cuir-marocain-fabriquees-a-la-main-elegance-noire-intemporelle\/","title":{"rendered":"Babouches marocaines en cuir fabriqu\u00e9es \u00e0 la main - El\u00e9gance noire intemporelle"},"content":{"rendered":"<h1>Babouches marocaines en cuir fabriqu\u00e9es \u00e0 la main - El\u00e9gance noire intemporelle<\/h1>\n<p><strong>Babouches sophistiqu\u00e9es en cuir marocain noir, fabriqu\u00e9es \u00e0 la main par des artisans. Parfaites pour un confort quotidien et un style polyvalent.<\/strong><\/p>\n<p>D\u00e9couvrez l'essence de l'artisanat marocain avec ces \u00e9l\u00e9gantes babouches en cuir noir. Fabriqu\u00e9es \u00e0 la main par des artisans qualifi\u00e9s, ces chaussures sont un m\u00e9lange harmonieux de tradition et de style moderne, offrant un confort et un attrait intemporel.<\/p>\n<ul>\n<li><strong>Artisanat authentique :<\/strong> Fabriqu\u00e9 selon des techniques marocaines traditionnelles pour une finition artisanale unique.<\/li>\n<li><strong>Cuir de haute qualit\u00e9 :<\/strong> Le cuir souple et durable assure \u00e0 la fois confort et long\u00e9vit\u00e9.<\/li>\n<li><strong>Noir classique Teinte :<\/strong> Une couleur polyvalente et sophistiqu\u00e9e qui s'associe parfaitement \u00e0 toutes les tenues.<\/li>\n<li><strong>Polyvalent et confortable :<\/strong> Id\u00e9ale pour les sorties d\u00e9contract\u00e9es, la d\u00e9tente ou comme pantoufle d'int\u00e9rieur \u00e9l\u00e9gante.<\/li>\n<\/ul>\n<p>&nbsp;<\/p>\n<p><iframe title=\"&quot;Comment faire des babouches marocaines traditionnelles : Tutoriel de bricolage \u00e9tape par \u00e9tape !&quot;\" width=\"1200\" height=\"675\" src=\"https:\/\/www.youtube.com\/embed\/D22ZUZB0_wI?feature=oembed&#038;enablejsapi=1&#038;origin=https:\/\/berberedesign.com\" frameborder=\"0\" allow=\"accelerometer; autoplay; clipboard-write; encrypted-media; gyroscope; picture-in-picture; web-share\" referrerpolicy=\"strict-origin-when-cross-origin\" allowfullscreen><\/iframe><\/p>\n<p>Ces babouches en cuir noir sont le choix id\u00e9al pour tous ceux qui souhaitent combiner com<\/p>","protected":false},"excerpt":{"rendered":"<p>Babouches sophistiqu\u00e9es en cuir marocain noir, fabriqu\u00e9es \u00e0 la main par des artisans. Parfaites pour un confort quotidien et un style polyvalent.<\/p>","protected":false},"featured_media":104276,"comment_status":"open","ping_status":"closed","template":"","meta":[],"product_brand":[],"product_cat":[301,305,341],"product_tag":[],"class_list":{"0":"post-104270","1":"product","2":"type-product","3":"status-publish","4":"has-post-thumbnail","6":"product_cat-leather","7":"product_cat-shoes","8":"product_cat-shoes-2","9":"pa_size-330","10":"pa_size-331","11":"pa_size-332","12":"pa_size-333","13":"pa_size-344","14":"pa_size-345","15":"pa_size-346","16":"description-off","18":"first","19":"instock","20":"sale","21":"featured","22":"shipping-taxable","23":"purchasable","24":"product-type-variable"},"jetpack_sharing_enabled":true,"_links":{"self":[{"href":"https:\/\/berberedesign.com\/fr\/wp-json\/wp\/v2\/product\/104270","targetHints":{"allow":["GET"]}}],"collection":[{"href":"https:\/\/berberedesign.com\/fr\/wp-json\/wp\/v2\/product"}],"about":[{"href":"https:\/\/berberedesign.com\/fr\/wp-json\/wp\/v2\/types\/product"}],"replies":[{"embeddable":true,"href":"https:\/\/berberedesign.com\/fr\/wp-json\/wp\/v2\/comments?post=104270"}],"version-history":[{"count":4,"href":"https:\/\/berberedesign.com\/fr\/wp-json\/wp\/v2\/product\/104270\/revisions"}],"predecessor-version":[{"id":106623,"href":"https:\/\/berberedesign.com\/fr\/wp-json\/wp\/v2\/product\/104270\/revisions\/106623"}],"wp:featuredmedia":[{"embeddable":true,"href":"https:\/\/berberedesign.com\/fr\/wp-json\/wp\/v2\/media\/104276"}],"wp:attachment":[{"href":"https:\/\/berberedesign.com\/fr\/wp-json\/wp\/v2\/media?parent=104270"}],"wp:term":[{"taxonomy":"product_brand","embeddable":true,"href":"https:\/\/berberedesign.com\/fr\/wp-json\/wp\/v2\/product_brand?post=104270"},{"taxonomy":"product_cat","embeddable":true,"href":"https:\/\/berberedesign.com\/fr\/wp-json\/wp\/v2\/product_cat?post=104270"},{"taxonomy":"product_tag","embeddable":true,"href":"https:\/\/berberedesign.com\/fr\/wp-json\/wp\/v2\/product_tag?post=104270"}],"curies":[{"name":"wp","href":"https:\/\/api.w.org\/{rel}","templated":true}]}}