{"id":104263,"date":"2025-01-04T19:09:27","date_gmt":"2025-01-04T19:09:27","guid":{"rendered":"https:\/\/berberedesign.com\/handcrafted-moroccan-leather-babouches-bold-blue-sophistication\/"},"modified":"2025-03-06T08:11:21","modified_gmt":"2025-03-06T08:11:21","slug":"babouches-en-cuir-marocain-fabriquees-a-la-main-sophistication-bleue-audacieuse","status":"publish","type":"product","link":"https:\/\/berberedesign.com\/fr\/babouches-en-cuir-marocain-fabriquees-a-la-main-sophistication-bleue-audacieuse\/","title":{"rendered":"Babouches en cuir marocain faites \u00e0 la main - Sophistication bleue audacieuse"},"content":{"rendered":"<h1>Babouches en cuir marocain faites \u00e0 la main - Bold Blue Elegance<\/h1>\n<p><strong>Entrez dans le confort et le style avec ces babouches en cuir marocain d'un bleu vibrant. Fabriqu\u00e9es \u00e0 la main par des artisans qualifi\u00e9s, elles ajoutent une touche de sophistication \u00e0 n'importe quelle tenue.<\/strong><\/p>\n<p>C\u00e9l\u00e9brez l'artisanat marocain avec ces exquises babouches en cuir bleu. Alliant tradition et esth\u00e9tique moderne, ces chaussures sont parfaites pour ceux qui appr\u00e9cient \u00e0 la fois le confort et l'\u00e9l\u00e9gance.<\/p>\n<ul>\n<li><strong>Conception authentique :<\/strong> Fabriqu\u00e9 par des artisans marocains selon des techniques traditionnelles transmises de g\u00e9n\u00e9ration en g\u00e9n\u00e9ration.<\/li>\n<li><strong>Mat\u00e9riaux de premi\u00e8re qualit\u00e9 :<\/strong> Fabriqu\u00e9 en cuir souple et durable pour un confort durable.<\/li>\n<li><strong>Couleur grasse :<\/strong> La riche teinte bleue fait une d\u00e9claration frappante et \u00e9l\u00e9gante.<\/li>\n<li><strong>Utilisation polyvalente :<\/strong> Id\u00e9al pour une tenue d\u00e9contract\u00e9e, pour se d\u00e9tendre ou comme cadeau unique.<\/li>\n<\/ul>\n<p><iframe title=\"&quot;Comment faire des babouches marocaines traditionnelles : Tutoriel de bricolage \u00e9tape par \u00e9tape !&quot;\" width=\"1200\" height=\"675\" src=\"https:\/\/www.youtube.com\/embed\/D22ZUZB0_wI?feature=oembed&#038;enablejsapi=1&#038;origin=https:\/\/berberedesign.com\" frameborder=\"0\" allow=\"accelerometer; autoplay; clipboard-write; encrypted-media; gyroscope; picture-in-picture; web-share\" referrerpolicy=\"strict-origin-when-cross-origin\" allowfullscreen><\/iframe><\/p>\n<p>&nbsp;<\/p>\n<p>Apportez un peu de Maroc dans votre vie avec ces babouches fabriqu\u00e9es \u00e0 la main, alliant h\u00e9ritage culturel et design moderne.<\/p>","protected":false},"excerpt":{"rendered":"<p>\u00c9levez votre style avec ces babouches en cuir marocain d'un bleu vibrant. Fabriqu\u00e9es \u00e0 la main par des artisans qualifi\u00e9s, elles offrent un confort in\u00e9gal\u00e9 et une \u00e9l\u00e9gance intemporelle.<\/p>","protected":false},"featured_media":104269,"comment_status":"open","ping_status":"closed","template":"","meta":[],"product_brand":[],"product_cat":[301,305,341],"product_tag":[],"class_list":{"0":"post-104263","1":"product","2":"type-product","3":"status-publish","4":"has-post-thumbnail","6":"product_cat-leather","7":"product_cat-shoes","8":"product_cat-shoes-2","9":"pa_size-330","10":"pa_size-331","11":"pa_size-332","12":"pa_size-333","13":"pa_size-344","14":"pa_size-345","15":"pa_size-346","16":"description-off","18":"first","19":"instock","20":"sale","21":"featured","22":"shipping-taxable","23":"purchasable","24":"product-type-variable"},"jetpack_sharing_enabled":true,"_links":{"self":[{"href":"https:\/\/berberedesign.com\/fr\/wp-json\/wp\/v2\/product\/104263","targetHints":{"allow":["GET"]}}],"collection":[{"href":"https:\/\/berberedesign.com\/fr\/wp-json\/wp\/v2\/product"}],"about":[{"href":"https:\/\/berberedesign.com\/fr\/wp-json\/wp\/v2\/types\/product"}],"replies":[{"embeddable":true,"href":"https:\/\/berberedesign.com\/fr\/wp-json\/wp\/v2\/comments?post=104263"}],"version-history":[{"count":4,"href":"https:\/\/berberedesign.com\/fr\/wp-json\/wp\/v2\/product\/104263\/revisions"}],"predecessor-version":[{"id":106624,"href":"https:\/\/berberedesign.com\/fr\/wp-json\/wp\/v2\/product\/104263\/revisions\/106624"}],"wp:featuredmedia":[{"embeddable":true,"href":"https:\/\/berberedesign.com\/fr\/wp-json\/wp\/v2\/media\/104269"}],"wp:attachment":[{"href":"https:\/\/berberedesign.com\/fr\/wp-json\/wp\/v2\/media?parent=104263"}],"wp:term":[{"taxonomy":"product_brand","embeddable":true,"href":"https:\/\/berberedesign.com\/fr\/wp-json\/wp\/v2\/product_brand?post=104263"},{"taxonomy":"product_cat","embeddable":true,"href":"https:\/\/berberedesign.com\/fr\/wp-json\/wp\/v2\/product_cat?post=104263"},{"taxonomy":"product_tag","embeddable":true,"href":"https:\/\/berberedesign.com\/fr\/wp-json\/wp\/v2\/product_tag?post=104263"}],"curies":[{"name":"wp","href":"https:\/\/api.w.org\/{rel}","templated":true}]}}