{"id":104254,"date":"2025-01-04T19:09:25","date_gmt":"2025-01-04T19:09:25","guid":{"rendered":"https:\/\/berberedesign.com\/handcrafted-moroccan-leather-babouches-vibrant-yellow-elegance\/"},"modified":"2025-02-28T16:43:41","modified_gmt":"2025-02-28T16:43:41","slug":"babouches-en-cuir-marocain-fabriquees-a-la-main-jaune-vibrant-elegance","status":"publish","type":"product","link":"https:\/\/berberedesign.com\/fr\/babouches-en-cuir-marocain-fabriquees-a-la-main-jaune-vibrant-elegance\/","title":{"rendered":"Babouches en cuir marocain faites \u00e0 la main - \u00c9l\u00e9gance jaune vibrante"},"content":{"rendered":"<h1>Babouches en cuir marocain faites \u00e0 la main - \u00c9l\u00e9gance jaune vibrante<\/h1>\n<p><strong>Entrez dans le confort et le style avec ces babouches en cuir marocain d'un jaune vibrant. Fabriqu\u00e9es \u00e0 la main par des artisans qualifi\u00e9s, elles sont parfaites pour ajouter une touche de couleur \u00e0 n'importe quelle tenue.<\/strong><\/p>\n<p>C\u00e9l\u00e9brez l'artisanat marocain avec ces superbes babouches en cuir jaune. Fabriqu\u00e9es \u00e0 la main avec pr\u00e9cision et soin, ces chaussures allient tradition et style contemporain, ce qui en fait un must pour ceux qui appr\u00e9cient \u00e0 la fois le confort et l'esth\u00e9tique.<\/p>\n<ul>\n<li><strong>Conception authentique :<\/strong> Fabriqu\u00e9 par des artisans marocains selon des techniques traditionnelles transmises de g\u00e9n\u00e9ration en g\u00e9n\u00e9ration.<\/li>\n<li><strong>Mat\u00e9riaux de premi\u00e8re qualit\u00e9 :<\/strong> Fabriqu\u00e9 en cuir souple et durable pour un confort durable.<\/li>\n<li><strong>Couleurs vives :<\/strong> La teinte jaune audacieuse ajoute une touche unique et joyeuse \u00e0 votre garde-robe.<\/li>\n<li><strong>Utilisation polyvalente :<\/strong> Parfait pour une tenue d\u00e9contract\u00e9e, pour se d\u00e9tendre ou comme cadeau \u00e9l\u00e9gant.<\/li>\n<\/ul>\n<p><iframe title=\"&quot;Comment faire des babouches marocaines traditionnelles : Tutoriel de bricolage \u00e9tape par \u00e9tape !&quot;\" width=\"1200\" height=\"675\" src=\"https:\/\/www.youtube.com\/embed\/D22ZUZB0_wI?feature=oembed&#038;enablejsapi=1&#038;origin=https:\/\/berberedesign.com\" frameborder=\"0\" allow=\"accelerometer; autoplay; clipboard-write; encrypted-media; gyroscope; picture-in-picture; web-share\" referrerpolicy=\"strict-origin-when-cross-origin\" allowfullscreen><\/iframe><\/p>\n<p>Apportez un peu de Maroc dans votre vie avec ces babouches exceptionnelles fabriqu\u00e9es \u00e0 la main, qui allient h\u00e9ritage culturel et modernit\u00e9.<\/p>","protected":false},"excerpt":{"rendered":"<p>Entrez dans le confort et le style avec ces babouches en cuir marocain d'un jaune vibrant. Fabriqu\u00e9es \u00e0 la main par des artisans qualifi\u00e9s, elles sont parfaites pour ajouter une touche de couleur \u00e0 n'importe quelle tenue.<\/p>","protected":false},"featured_media":104259,"comment_status":"open","ping_status":"closed","template":"","meta":[],"product_brand":[],"product_cat":[301,305,341],"product_tag":[],"class_list":{"0":"post-104254","1":"product","2":"type-product","3":"status-publish","4":"has-post-thumbnail","6":"product_cat-leather","7":"product_cat-shoes","8":"product_cat-shoes-2","9":"pa_size-330","10":"pa_size-331","11":"pa_size-332","12":"pa_size-333","13":"pa_size-344","14":"pa_size-345","15":"pa_size-346","16":"description-off","18":"first","19":"instock","20":"sale","21":"featured","22":"shipping-taxable","23":"purchasable","24":"product-type-variable"},"jetpack_sharing_enabled":true,"_links":{"self":[{"href":"https:\/\/berberedesign.com\/fr\/wp-json\/wp\/v2\/product\/104254","targetHints":{"allow":["GET"]}}],"collection":[{"href":"https:\/\/berberedesign.com\/fr\/wp-json\/wp\/v2\/product"}],"about":[{"href":"https:\/\/berberedesign.com\/fr\/wp-json\/wp\/v2\/types\/product"}],"replies":[{"embeddable":true,"href":"https:\/\/berberedesign.com\/fr\/wp-json\/wp\/v2\/comments?post=104254"}],"version-history":[{"count":10,"href":"https:\/\/berberedesign.com\/fr\/wp-json\/wp\/v2\/product\/104254\/revisions"}],"predecessor-version":[{"id":106620,"href":"https:\/\/berberedesign.com\/fr\/wp-json\/wp\/v2\/product\/104254\/revisions\/106620"}],"wp:featuredmedia":[{"embeddable":true,"href":"https:\/\/berberedesign.com\/fr\/wp-json\/wp\/v2\/media\/104259"}],"wp:attachment":[{"href":"https:\/\/berberedesign.com\/fr\/wp-json\/wp\/v2\/media?parent=104254"}],"wp:term":[{"taxonomy":"product_brand","embeddable":true,"href":"https:\/\/berberedesign.com\/fr\/wp-json\/wp\/v2\/product_brand?post=104254"},{"taxonomy":"product_cat","embeddable":true,"href":"https:\/\/berberedesign.com\/fr\/wp-json\/wp\/v2\/product_cat?post=104254"},{"taxonomy":"product_tag","embeddable":true,"href":"https:\/\/berberedesign.com\/fr\/wp-json\/wp\/v2\/product_tag?post=104254"}],"curies":[{"name":"wp","href":"https:\/\/api.w.org\/{rel}","templated":true}]}}