{"id":104199,"date":"2025-01-04T18:23:51","date_gmt":"2025-01-04T18:23:51","guid":{"rendered":"https:\/\/berberedesign.com\/?post_type=product&#038;p=104199"},"modified":"2025-07-22T01:20:34","modified_gmt":"2025-07-22T01:20:34","slug":"sac-a-dos-en-cuir-marocain-de-fabrication-artisanale-compagnon-de-voyage-elegant-et-durable","status":"publish","type":"product","link":"https:\/\/berberedesign.com\/fr\/sac-a-dos-en-cuir-marocain-de-fabrication-artisanale-compagnon-de-voyage-elegant-et-durable\/","title":{"rendered":"Sac \u00e0 dos en cuir marocain fabriqu\u00e9 \u00e0 la main - Compagnon de voyage \u00e9l\u00e9gant et durable"},"content":{"rendered":"<p>Rehaussez votre style avec ce sac \u00e0 dos en cuir marocain fabriqu\u00e9 \u00e0 la main de mani\u00e8re exquise. Con\u00e7u pour \u00eatre \u00e0 la fois fonctionnel et \u00e9l\u00e9gant, ce sac \u00e0 dos est fabriqu\u00e9 en cuir pleine fleur de premi\u00e8re qualit\u00e9, ce qui lui conf\u00e8re une grande durabilit\u00e9 et une finition riche et naturelle qui ne fait que s'am\u00e9liorer avec le temps.<\/p>\n<ul>\n<li><strong>Fabrication artisanale :<\/strong> Fabriqu\u00e9e \u00e0 la main par des artisans marocains qualifi\u00e9s, chaque pi\u00e8ce est unique et m\u00e9ticuleusement d\u00e9taill\u00e9e.<\/li>\n<li><strong>Design spacieux :<\/strong> Il comporte un compartiment principal spacieux dot\u00e9 d'une fermeture \u00e0 enroulement s\u00e9curis\u00e9e, id\u00e9al pour transporter des objets essentiels tels qu'un ordinateur portable, des livres ou du mat\u00e9riel de voyage.<\/li>\n<li><strong>R\u00e9glable Confort :<\/strong> Il est dot\u00e9 de bretelles rembourr\u00e9es et r\u00e9glables pour un port confortable lors de vos d\u00e9placements quotidiens ou de vos aventures.<\/li>\n<li><strong>Un attrait intemporel :<\/strong> Le design classique et le ton chaud du cuir font de ce sac un accessoire polyvalent qui compl\u00e8te n'importe quelle tenue.<\/li>\n<\/ul>\n<p>Parfait pour le travail, les voyages ou les sorties d\u00e9contract\u00e9es, ce sac \u00e0 dos en cuir est une pi\u00e8ce ma\u00eetresse pour ceux qui accordent de l'importance \u00e0 la qualit\u00e9, \u00e0 la durabilit\u00e9 et \u00e0 l'art traditionnel. Faites-vous plaisir ou offrez-le \u00e0 quelqu'un de sp\u00e9cial.<\/p>","protected":false},"excerpt":{"rendered":"<p>D\u00e9couvrez l'\u00e9l\u00e9gance de l'artisanat marocain avec ce sac \u00e0 dos en cuir de premi\u00e8re qualit\u00e9. Parfait pour les voyages, le travail ou l'usage quotidien, il allie durabilit\u00e9 et style intemporel.<\/p>","protected":false},"featured_media":104190,"comment_status":"open","ping_status":"closed","template":"","meta":[],"product_brand":[],"product_cat":[301,303],"product_tag":[],"class_list":{"0":"post-104199","1":"product","2":"type-product","3":"status-publish","4":"has-post-thumbnail","6":"product_cat-leather","7":"product_cat-bags","8":"description-off","10":"first","11":"instock","12":"sale","13":"shipping-taxable","14":"purchasable","15":"product-type-simple"},"jetpack_sharing_enabled":true,"_links":{"self":[{"href":"https:\/\/berberedesign.com\/fr\/wp-json\/wp\/v2\/product\/104199","targetHints":{"allow":["GET"]}}],"collection":[{"href":"https:\/\/berberedesign.com\/fr\/wp-json\/wp\/v2\/product"}],"about":[{"href":"https:\/\/berberedesign.com\/fr\/wp-json\/wp\/v2\/types\/product"}],"replies":[{"embeddable":true,"href":"https:\/\/berberedesign.com\/fr\/wp-json\/wp\/v2\/comments?post=104199"}],"version-history":[{"count":2,"href":"https:\/\/berberedesign.com\/fr\/wp-json\/wp\/v2\/product\/104199\/revisions"}],"predecessor-version":[{"id":104513,"href":"https:\/\/berberedesign.com\/fr\/wp-json\/wp\/v2\/product\/104199\/revisions\/104513"}],"wp:featuredmedia":[{"embeddable":true,"href":"https:\/\/berberedesign.com\/fr\/wp-json\/wp\/v2\/media\/104190"}],"wp:attachment":[{"href":"https:\/\/berberedesign.com\/fr\/wp-json\/wp\/v2\/media?parent=104199"}],"wp:term":[{"taxonomy":"product_brand","embeddable":true,"href":"https:\/\/berberedesign.com\/fr\/wp-json\/wp\/v2\/product_brand?post=104199"},{"taxonomy":"product_cat","embeddable":true,"href":"https:\/\/berberedesign.com\/fr\/wp-json\/wp\/v2\/product_cat?post=104199"},{"taxonomy":"product_tag","embeddable":true,"href":"https:\/\/berberedesign.com\/fr\/wp-json\/wp\/v2\/product_tag?post=104199"}],"curies":[{"name":"wp","href":"https:\/\/api.w.org\/{rel}","templated":true}]}}