{"id":103793,"date":"2025-01-02T19:17:54","date_gmt":"2025-01-02T19:17:54","guid":{"rendered":"https:\/\/berberedesign.com\/handmade-moroccan-brass-door-knocker-hamsa-hand-design\/"},"modified":"2025-01-04T17:52:04","modified_gmt":"2025-01-04T17:52:04","slug":"heurtoir-de-porte-marocain-en-laiton-fait-main-hamsa-hand-design","status":"publish","type":"product","link":"https:\/\/berberedesign.com\/fr\/heurtoir-de-porte-marocain-en-laiton-fait-main-hamsa-hand-design\/","title":{"rendered":"Bouton de porte marocain en laiton fait \u00e0 la main - Hamsa Hand Design"},"content":{"rendered":"<p>\n    Ajoutez une touche de tradition et de symbolisme marocains \u00e0 votre maison avec ce heurtoir en laiton fait \u00e0 la main, en forme de main Hamsa embl\u00e9matique. Fabriqu\u00e9e dans les moindres d\u00e9tails, cette pi\u00e8ce unique allie fonctionnalit\u00e9 et sens artistique, ce qui en fait un ajout \u00e9tonnant \u00e0 toute porte ou portail. La main Hamsa, symbole de protection et de bonne fortune, apporte un accent significatif et \u00e9l\u00e9gant \u00e0 votre entr\u00e9e.\n<\/p>\n<p>\n    Con\u00e7u par des artisans marocains qualifi\u00e9s, ce heurtoir en laiton durable est facile \u00e0 installer et con\u00e7u pour durer. Sa finition polie et ses sculptures complexes refl\u00e8tent le riche h\u00e9ritage de l'artisanat marocain et en font un \u00e9l\u00e9ment \u00e0 la fois d\u00e9coratif et fonctionnel pour votre maison.\n<\/p>\n<p>\n    Parfait pour ceux qui appr\u00e9cient la tradition et l'art, ce heurtoir de porte \u00e0 main Hamsa constitue un cadeau attentionn\u00e9 ou une pi\u00e8ce d'apparat pour votre propre espace. C\u00e9l\u00e9brez la culture marocaine et apportez un accueil chaleureux \u00e0 votre maison avec ce design exquis.\n<\/p>\n<p><img decoding=\"async\" src=\"https:\/\/berberedesign.com\/wp-content\/uploads\/2024\/12\/Untitled-2-01-5.png\" alt=\"Bouton de porte marocain en laiton fait \u00e0 la main - Hamsa Hand Design\" style=\"width:100%;max-width:600px;\" title=\"\"><\/p>","protected":false},"excerpt":{"rendered":"<p>\u00c9l\u00e9gant heurtoir marocain en laiton, fait \u00e0 la main, repr\u00e9sentant le symbole de la main Hamsa. Parfait pour ajouter une touche traditionnelle et protectrice \u00e0 votre entr\u00e9e.<\/p>","protected":false},"featured_media":103962,"comment_status":"open","ping_status":"closed","template":"","meta":[],"product_brand":[],"product_cat":[317,312],"product_tag":[],"class_list":{"0":"post-103793","1":"product","2":"type-product","3":"status-publish","4":"has-post-thumbnail","6":"product_cat-all-copper","7":"product_cat-copper","8":"description-off","10":"first","11":"instock","12":"sale","13":"featured","14":"shipping-taxable","15":"purchasable","16":"product-type-simple"},"jetpack_sharing_enabled":true,"_links":{"self":[{"href":"https:\/\/berberedesign.com\/fr\/wp-json\/wp\/v2\/product\/103793","targetHints":{"allow":["GET"]}}],"collection":[{"href":"https:\/\/berberedesign.com\/fr\/wp-json\/wp\/v2\/product"}],"about":[{"href":"https:\/\/berberedesign.com\/fr\/wp-json\/wp\/v2\/types\/product"}],"replies":[{"embeddable":true,"href":"https:\/\/berberedesign.com\/fr\/wp-json\/wp\/v2\/comments?post=103793"}],"version-history":[{"count":1,"href":"https:\/\/berberedesign.com\/fr\/wp-json\/wp\/v2\/product\/103793\/revisions"}],"predecessor-version":[{"id":103961,"href":"https:\/\/berberedesign.com\/fr\/wp-json\/wp\/v2\/product\/103793\/revisions\/103961"}],"wp:featuredmedia":[{"embeddable":true,"href":"https:\/\/berberedesign.com\/fr\/wp-json\/wp\/v2\/media\/103962"}],"wp:attachment":[{"href":"https:\/\/berberedesign.com\/fr\/wp-json\/wp\/v2\/media?parent=103793"}],"wp:term":[{"taxonomy":"product_brand","embeddable":true,"href":"https:\/\/berberedesign.com\/fr\/wp-json\/wp\/v2\/product_brand?post=103793"},{"taxonomy":"product_cat","embeddable":true,"href":"https:\/\/berberedesign.com\/fr\/wp-json\/wp\/v2\/product_cat?post=103793"},{"taxonomy":"product_tag","embeddable":true,"href":"https:\/\/berberedesign.com\/fr\/wp-json\/wp\/v2\/product_tag?post=103793"}],"curies":[{"name":"wp","href":"https:\/\/api.w.org\/{rel}","templated":true}]}}