{"id":103496,"date":"2024-12-27T20:41:14","date_gmt":"2024-12-27T20:41:14","guid":{"rendered":"https:\/\/berberedesign.com\/handmade-moroccan-mens-loafers-black-and-beige-woven-design\/"},"modified":"2025-03-28T23:17:43","modified_gmt":"2025-03-28T23:17:43","slug":"mocassins-marocains-faits-a-la-main-pour-hommes-noirs-et-beiges-avec-motifs-tisses","status":"publish","type":"product","link":"https:\/\/berberedesign.com\/fr\/mocassins-marocains-faits-a-la-main-pour-hommes-noirs-et-beiges-avec-motifs-tisses\/","title":{"rendered":"Mocassins marocains faits \u00e0 la main pour hommes - Design tiss\u00e9 noir et beige"},"content":{"rendered":"<p>Entrez dans l'\u00e9l\u00e9gance avec ces mocassins marocains faits \u00e0 la main, con\u00e7us avec un motif tiss\u00e9 noir et beige raffin\u00e9. Fabriqu\u00e9s par d'habiles artisans marocains, ces mocassins t\u00e9moignent d'un savoir-faire traditionnel et d'un design intemporel qui convient aussi bien aux sorties d\u00e9contract\u00e9es qu'aux occasions formelles. Le tissage complexe ajoute de la texture et de la sophistication, ce qui en fait un ajout remarquable \u00e0 toute garde-robe.<\/p>\n<p>L\u00e9gers et respirants, ces mocassins assurent un confort tout au long de la journ\u00e9e. Que vous alliez au bureau, assistiez \u00e0 un \u00e9v\u00e9nement sp\u00e9cial ou profitiez d'une soir\u00e9e d\u00e9contract\u00e9e, ces chaussures offrent l'\u00e9quilibre parfait entre praticit\u00e9 et style. Fabriqu\u00e9es sans doublure en cuir, elles offrent une sensation naturelle et a\u00e9r\u00e9e, id\u00e9ale pour les climats chauds.<\/p>\n<p><iframe title=\"Raffia Dreams : La fabrication de chaussures \u00e0 la main pour les d\u00e9butants\" width=\"1200\" height=\"675\" src=\"https:\/\/www.youtube.com\/embed\/0lnhBK4-7aY?feature=oembed&#038;enablejsapi=1&#038;origin=https:\/\/berberedesign.com\" frameborder=\"0\" allow=\"accelerometer; autoplay; clipboard-write; encrypted-media; gyroscope; picture-in-picture; web-share\" referrerpolicy=\"strict-origin-when-cross-origin\" allowfullscreen><\/iframe><\/p>\n<p>C\u00e9l\u00e9brez la tradition de l'art marocain avec ces mocassins polyvalents. Leur fabrication de haute qualit\u00e9 et leur design distinctif en font un choix parfait pour ceux qui appr\u00e9cient les chaussures uniques et faites \u00e0 la main.<\/p>\n<p>&nbsp;<\/p>\n<p>&nbsp;<\/p>","protected":false},"excerpt":{"rendered":"<p>Mocassins marocains \u00e9l\u00e9gants pour hommes, dans les tons noir et beige, avec des d\u00e9tails tiss\u00e9s complexes. L\u00e9gers et respirants, ils sont parfaits pour une tenue d\u00e9contract\u00e9e ou habill\u00e9e.<\/p>","protected":false},"featured_media":103497,"comment_status":"open","ping_status":"closed","template":"","meta":[],"product_brand":[],"product_cat":[307,309,341],"product_tag":[],"class_list":{"0":"post-103496","1":"product","2":"type-product","3":"status-publish","4":"has-post-thumbnail","6":"product_cat-rafia","7":"product_cat-shoes-rafia","8":"product_cat-shoes-2","9":"description-off","11":"first","12":"instock","13":"sale","14":"featured","15":"shipping-taxable","16":"purchasable","17":"product-type-variable"},"jetpack_sharing_enabled":true,"_links":{"self":[{"href":"https:\/\/berberedesign.com\/fr\/wp-json\/wp\/v2\/product\/103496","targetHints":{"allow":["GET"]}}],"collection":[{"href":"https:\/\/berberedesign.com\/fr\/wp-json\/wp\/v2\/product"}],"about":[{"href":"https:\/\/berberedesign.com\/fr\/wp-json\/wp\/v2\/types\/product"}],"replies":[{"embeddable":true,"href":"https:\/\/berberedesign.com\/fr\/wp-json\/wp\/v2\/comments?post=103496"}],"version-history":[{"count":3,"href":"https:\/\/berberedesign.com\/fr\/wp-json\/wp\/v2\/product\/103496\/revisions"}],"predecessor-version":[{"id":106924,"href":"https:\/\/berberedesign.com\/fr\/wp-json\/wp\/v2\/product\/103496\/revisions\/106924"}],"wp:featuredmedia":[{"embeddable":true,"href":"https:\/\/berberedesign.com\/fr\/wp-json\/wp\/v2\/media\/103497"}],"wp:attachment":[{"href":"https:\/\/berberedesign.com\/fr\/wp-json\/wp\/v2\/media?parent=103496"}],"wp:term":[{"taxonomy":"product_brand","embeddable":true,"href":"https:\/\/berberedesign.com\/fr\/wp-json\/wp\/v2\/product_brand?post=103496"},{"taxonomy":"product_cat","embeddable":true,"href":"https:\/\/berberedesign.com\/fr\/wp-json\/wp\/v2\/product_cat?post=103496"},{"taxonomy":"product_tag","embeddable":true,"href":"https:\/\/berberedesign.com\/fr\/wp-json\/wp\/v2\/product_tag?post=103496"}],"curies":[{"name":"wp","href":"https:\/\/api.w.org\/{rel}","templated":true}]}}