{"id":103490,"date":"2024-12-27T20:41:12","date_gmt":"2024-12-27T20:41:12","guid":{"rendered":"https:\/\/berberedesign.com\/handmade-moroccan-mens-loafers-black-and-beige-woven-design-with-leather-lining\/"},"modified":"2025-02-28T16:43:18","modified_gmt":"2025-02-28T16:43:18","slug":"mocassins-marocains-faits-a-la-main-pour-hommes-noirs-et-beiges-avec-doublure-en-cuir","status":"publish","type":"product","link":"https:\/\/berberedesign.com\/fr\/mocassins-marocains-faits-a-la-main-pour-hommes-noirs-et-beiges-avec-doublure-en-cuir\/","title":{"rendered":"Mocassins marocains faits \u00e0 la main pour hommes - Design tiss\u00e9 noir et beige avec doublure en cuir"},"content":{"rendered":"<p>Ajoutez de la sophistication \u00e0 votre collection de chaussures avec ces mocassins marocains faits \u00e0 la main, dot\u00e9s d'un remarquable design tiss\u00e9 noir et beige. Fabriqu\u00e9s par des artisans marocains, ces mocassins allient savoir-faire traditionnel et \u00e9l\u00e9gance moderne. La doublure en cuir de qualit\u00e9 sup\u00e9rieure assure un confort in\u00e9gal\u00e9, ce qui les rend parfaits pour les occasions d\u00e9contract\u00e9es et formelles.<\/p>\n<p>Ces mocassins sont l\u00e9gers et respirants, con\u00e7us pour \u00eatre port\u00e9s toute la journ\u00e9e. Le motif tiss\u00e9 complexe en noir et beige cr\u00e9e un look \u00e0 la fois raffin\u00e9 et \u00e9l\u00e9gant, id\u00e9al pour les \u00e9v\u00e9nements, les tenues de bureau ou les sorties d\u00e9contract\u00e9es. Les mat\u00e9riaux durables refl\u00e8tent un engagement en faveur d'une mode respectueuse de l'environnement sans compromettre la durabilit\u00e9 ou la qualit\u00e9.<\/p>\n<p>C\u00e9l\u00e9brez l'art de l'artisanat marocain avec ces mocassins intemporels. Parfaites pour ceux qui appr\u00e9cient les cr\u00e9ations artisanales de haute qualit\u00e9 qui concilient tradition et style contemporain, ces chaussures sont indispensables \u00e0 toute garde-robe.<\/p>\n<p><img decoding=\"async\" style=\"width: 100%; max-width: 600px;\" src=\"https:\/\/berberedesign.com\/wp-content\/uploads\/2024\/12\/DSC08977_resized.jpg\" alt=\"Mocassins marocains faits \u00e0 la main pour hommes en noir et beige avec doublure en cuir\" title=\"\"><\/p>","protected":false},"excerpt":{"rendered":"<p>\u00c9l\u00e9gants mocassins marocains pour homme, dans les tons noir et beige, avec des d\u00e9tails tiss\u00e9s complexes et une doublure en cuir de premi\u00e8re qualit\u00e9. L\u00e9gers, durables et polyvalents pour toutes les occasions.<\/p>","protected":false},"featured_media":103491,"comment_status":"open","ping_status":"closed","template":"","meta":[],"product_brand":[],"product_cat":[307,309,341],"product_tag":[],"class_list":{"0":"post-103490","1":"product","2":"type-product","3":"status-publish","4":"has-post-thumbnail","6":"product_cat-rafia","7":"product_cat-shoes-rafia","8":"product_cat-shoes-2","9":"description-off","11":"first","12":"instock","13":"sale","14":"featured","15":"shipping-taxable","16":"purchasable","17":"product-type-variable"},"jetpack_sharing_enabled":true,"_links":{"self":[{"href":"https:\/\/berberedesign.com\/fr\/wp-json\/wp\/v2\/product\/103490","targetHints":{"allow":["GET"]}}],"collection":[{"href":"https:\/\/berberedesign.com\/fr\/wp-json\/wp\/v2\/product"}],"about":[{"href":"https:\/\/berberedesign.com\/fr\/wp-json\/wp\/v2\/types\/product"}],"replies":[{"embeddable":true,"href":"https:\/\/berberedesign.com\/fr\/wp-json\/wp\/v2\/comments?post=103490"}],"version-history":[{"count":3,"href":"https:\/\/berberedesign.com\/fr\/wp-json\/wp\/v2\/product\/103490\/revisions"}],"predecessor-version":[{"id":106922,"href":"https:\/\/berberedesign.com\/fr\/wp-json\/wp\/v2\/product\/103490\/revisions\/106922"}],"wp:featuredmedia":[{"embeddable":true,"href":"https:\/\/berberedesign.com\/fr\/wp-json\/wp\/v2\/media\/103491"}],"wp:attachment":[{"href":"https:\/\/berberedesign.com\/fr\/wp-json\/wp\/v2\/media?parent=103490"}],"wp:term":[{"taxonomy":"product_brand","embeddable":true,"href":"https:\/\/berberedesign.com\/fr\/wp-json\/wp\/v2\/product_brand?post=103490"},{"taxonomy":"product_cat","embeddable":true,"href":"https:\/\/berberedesign.com\/fr\/wp-json\/wp\/v2\/product_cat?post=103490"},{"taxonomy":"product_tag","embeddable":true,"href":"https:\/\/berberedesign.com\/fr\/wp-json\/wp\/v2\/product_tag?post=103490"}],"curies":[{"name":"wp","href":"https:\/\/api.w.org\/{rel}","templated":true}]}}