{"id":103475,"date":"2024-12-27T20:41:09","date_gmt":"2024-12-27T20:41:09","guid":{"rendered":"https:\/\/berberedesign.com\/handmade-moroccan-mens-loafers-purple-and-beige-woven-design-with-leather-lining\/"},"modified":"2025-02-22T14:36:27","modified_gmt":"2025-02-22T14:36:27","slug":"mocassins-marocains-faits-a-la-main-pour-hommes-violet-et-beige-avec-doublure-en-cuir","status":"publish","type":"product","link":"https:\/\/berberedesign.com\/fr\/mocassins-marocains-faits-a-la-main-pour-hommes-violet-et-beige-avec-doublure-en-cuir\/","title":{"rendered":"Mocassins marocains faits \u00e0 la main pour hommes - motifs tiss\u00e9s violet et beige avec doublure en cuir"},"content":{"rendered":"<p>\n    Entrez dans une sophistication intemporelle avec ces mocassins marocains pour homme, fabriqu\u00e9s \u00e0 la main, avec un m\u00e9lange frappant de tons violets et beiges. Dot\u00e9s de d\u00e9tails tiss\u00e9s complexes et d'une luxueuse doublure en cuir, ces mocassins mettent en valeur l'artisanat marocain traditionnel dans un design moderne et polyvalent. Parfaites pour les sorties d\u00e9contract\u00e9es, les \u00e9v\u00e9nements estivaux ou les occasions formelles, ces chaussures sont un m\u00e9lange parfait de style, de confort et de praticit\u00e9.\n<\/p>\n<p>\n    La doublure en cuir de qualit\u00e9 sup\u00e9rieure ajoute une couche de confort, garantissant une sensation de douceur et de respirabilit\u00e9 tout au long de la journ\u00e9e. L\u00e9gers et durables, ces mocassins sont con\u00e7us pour offrir une \u00e9l\u00e9gance et une fonctionnalit\u00e9 in\u00e9gal\u00e9es. Les mat\u00e9riaux durables et l'artisanat m\u00e9ticuleux en font un choix \u00e9l\u00e9gant et respectueux de l'environnement.\n<\/p>\n<p>\n    Rehaussez votre collection de chaussures avec ces mocassins marocains artisanaux pour hommes. Id\u00e9al pour ceux qui appr\u00e9cient les chaussures faites \u00e0 la main et de grande qualit\u00e9, qui concilient tradition et mode contemporaine.\n<\/p>\n<p><img decoding=\"async\" src=\"https:\/\/berberedesign.com\/wp-content\/uploads\/2024\/12\/resized_image_1-1-1.jpg\" alt=\"Mocassins marocains faits main en violet et beige avec doublure en cuir - Vue du dessus\" style=\"width:100%;max-width:600px;\" title=\"\"><br \/>\n<img decoding=\"async\" src=\"https:\/\/berberedesign.com\/wp-content\/uploads\/2024\/12\/resized_image_6-1.jpg\" alt=\"Mocassins marocains faits main en violet et beige avec doublure en cuir - Vue de c\u00f4t\u00e9\" style=\"width:100%;max-width:600px;\" title=\"\"><\/p>","protected":false},"excerpt":{"rendered":"<p>Mocassins \u00e9l\u00e9gants pour hommes, m\u00e9lange de tons violets et beiges, avec des d\u00e9tails tiss\u00e9s complexes et une doublure en cuir de premi\u00e8re qualit\u00e9. L\u00e9gers et durables, ils sont parfaits pour les occasions d\u00e9contract\u00e9es et formelles.<\/p>","protected":false},"featured_media":103476,"comment_status":"open","ping_status":"closed","template":"","meta":[],"product_brand":[],"product_cat":[307,309,341],"product_tag":[],"class_list":{"0":"post-103475","1":"product","2":"type-product","3":"status-publish","4":"has-post-thumbnail","6":"product_cat-rafia","7":"product_cat-shoes-rafia","8":"product_cat-shoes-2","9":"description-off","11":"first","12":"instock","13":"sale","14":"featured","15":"shipping-taxable","16":"purchasable","17":"product-type-variable"},"jetpack_sharing_enabled":true,"_links":{"self":[{"href":"https:\/\/berberedesign.com\/fr\/wp-json\/wp\/v2\/product\/103475","targetHints":{"allow":["GET"]}}],"collection":[{"href":"https:\/\/berberedesign.com\/fr\/wp-json\/wp\/v2\/product"}],"about":[{"href":"https:\/\/berberedesign.com\/fr\/wp-json\/wp\/v2\/types\/product"}],"replies":[{"embeddable":true,"href":"https:\/\/berberedesign.com\/fr\/wp-json\/wp\/v2\/comments?post=103475"}],"version-history":[{"count":2,"href":"https:\/\/berberedesign.com\/fr\/wp-json\/wp\/v2\/product\/103475\/revisions"}],"predecessor-version":[{"id":103515,"href":"https:\/\/berberedesign.com\/fr\/wp-json\/wp\/v2\/product\/103475\/revisions\/103515"}],"wp:featuredmedia":[{"embeddable":true,"href":"https:\/\/berberedesign.com\/fr\/wp-json\/wp\/v2\/media\/103476"}],"wp:attachment":[{"href":"https:\/\/berberedesign.com\/fr\/wp-json\/wp\/v2\/media?parent=103475"}],"wp:term":[{"taxonomy":"product_brand","embeddable":true,"href":"https:\/\/berberedesign.com\/fr\/wp-json\/wp\/v2\/product_brand?post=103475"},{"taxonomy":"product_cat","embeddable":true,"href":"https:\/\/berberedesign.com\/fr\/wp-json\/wp\/v2\/product_cat?post=103475"},{"taxonomy":"product_tag","embeddable":true,"href":"https:\/\/berberedesign.com\/fr\/wp-json\/wp\/v2\/product_tag?post=103475"}],"curies":[{"name":"wp","href":"https:\/\/api.w.org\/{rel}","templated":true}]}}