{"id":103369,"date":"2024-12-27T18:53:36","date_gmt":"2024-12-27T18:53:36","guid":{"rendered":"https:\/\/berberedesign.com\/handmade-moroccan-green-straw-sandals-bold-and-comfortable\/"},"modified":"2025-08-21T05:08:29","modified_gmt":"2025-08-21T05:08:29","slug":"sandales-de-paille-marocaines-vertes-faites-a-la-main-audacieuses-et-confortables","status":"publish","type":"product","link":"https:\/\/berberedesign.com\/fr\/sandales-de-paille-marocaines-vertes-faites-a-la-main-audacieuses-et-confortables\/","title":{"rendered":"Sandales marocaines en paille verte faites \u00e0 la main - audacieuses et confortables"},"content":{"rendered":"<p>Entrez dans une mode estivale vibrante avec ces sandales marocaines en paille fabriqu\u00e9es \u00e0 la main dans une teinte verte audacieuse, compl\u00e9t\u00e9e par des accents orange frappants. Fabriqu\u00e9es par des artisans qualifi\u00e9s, ces sandales mettent en valeur les techniques de tissage marocaines traditionnelles combin\u00e9es \u00e0 un design moderne et ouvert. La combinaison unique de couleurs ajoute une touche de fra\u00eecheur et de vivacit\u00e9 \u00e0 votre garde-robe, ce qui les rend parfaites pour les journ\u00e9es ensoleill\u00e9es et les sorties d\u00e9contract\u00e9es.<\/p>\n<p>Ces sandales sont con\u00e7ues pour le confort et la fonctionnalit\u00e9, avec une structure l\u00e9g\u00e8re et respirante pour une utilisation tout au long de la journ\u00e9e. Que vous alliez \u00e0 la plage, que vous participiez \u00e0 une garden party ou que vous exploriez la ville, ces sandales offrent l'\u00e9quilibre id\u00e9al entre praticit\u00e9 et style.<\/p>\n<p>Fabriqu\u00e9es \u00e0 partir de mat\u00e9riaux durables, ces sandales artisanales sont un choix r\u00e9fl\u00e9chi pour les amateurs de mode soucieux de l'environnement. C\u00e9l\u00e9brez l'art de l'artisanat marocain et ajoutez une touche d'\u00e9l\u00e9gance audacieuse \u00e0 votre look estival avec cette paire remarquable.<\/p>\n<p><img decoding=\"async\" style=\"width: 100%; max-width: 600px;\" src=\"https:\/\/berberedesign.com\/wp-content\/uploads\/2024\/12\/resized_image_batch2_1.jpg\" alt=\"Sandales de paille marocaines vertes faites \u00e0 la main\" title=\"\"><\/p>","protected":false},"excerpt":{"rendered":"<p>Sandales de paille marocaines \u00e9l\u00e9gantes, vertes avec des accents orange contrast\u00e9s. L\u00e9g\u00e8res et durables, elles sont parfaites pour les sorties estivales.<\/p>","protected":false},"featured_media":103247,"comment_status":"open","ping_status":"closed","template":"","meta":[],"product_brand":[],"product_cat":[307,336],"product_tag":[],"class_list":{"0":"post-103369","1":"product","2":"type-product","3":"status-publish","4":"has-post-thumbnail","6":"product_cat-rafia","7":"product_cat-sandal","8":"description-off","10":"first","11":"instock","12":"sale","13":"featured","14":"shipping-taxable","15":"purchasable","16":"product-type-variable"},"jetpack_sharing_enabled":true,"_links":{"self":[{"href":"https:\/\/berberedesign.com\/fr\/wp-json\/wp\/v2\/product\/103369","targetHints":{"allow":["GET"]}}],"collection":[{"href":"https:\/\/berberedesign.com\/fr\/wp-json\/wp\/v2\/product"}],"about":[{"href":"https:\/\/berberedesign.com\/fr\/wp-json\/wp\/v2\/types\/product"}],"replies":[{"embeddable":true,"href":"https:\/\/berberedesign.com\/fr\/wp-json\/wp\/v2\/comments?post=103369"}],"version-history":[{"count":3,"href":"https:\/\/berberedesign.com\/fr\/wp-json\/wp\/v2\/product\/103369\/revisions"}],"predecessor-version":[{"id":103450,"href":"https:\/\/berberedesign.com\/fr\/wp-json\/wp\/v2\/product\/103369\/revisions\/103450"}],"wp:featuredmedia":[{"embeddable":true,"href":"https:\/\/berberedesign.com\/fr\/wp-json\/wp\/v2\/media\/103247"}],"wp:attachment":[{"href":"https:\/\/berberedesign.com\/fr\/wp-json\/wp\/v2\/media?parent=103369"}],"wp:term":[{"taxonomy":"product_brand","embeddable":true,"href":"https:\/\/berberedesign.com\/fr\/wp-json\/wp\/v2\/product_brand?post=103369"},{"taxonomy":"product_cat","embeddable":true,"href":"https:\/\/berberedesign.com\/fr\/wp-json\/wp\/v2\/product_cat?post=103369"},{"taxonomy":"product_tag","embeddable":true,"href":"https:\/\/berberedesign.com\/fr\/wp-json\/wp\/v2\/product_tag?post=103369"}],"curies":[{"name":"wp","href":"https:\/\/api.w.org\/{rel}","templated":true}]}}