{"id":103301,"date":"2024-12-27T18:11:51","date_gmt":"2024-12-27T18:11:51","guid":{"rendered":"https:\/\/berberedesign.com\/handmade-moroccan-pink-straw-sandals-stylish-and-comfortable\/"},"modified":"2025-02-22T14:44:03","modified_gmt":"2025-02-22T14:44:03","slug":"sandales-en-paille-rose-marocaine-faites-a-la-main-elegantes-et-confortables","status":"publish","type":"product","link":"https:\/\/berberedesign.com\/fr\/sandales-en-paille-rose-marocaine-faites-a-la-main-elegantes-et-confortables\/","title":{"rendered":"Sandales marocaines en paille rose faites \u00e0 la main - \u00e9l\u00e9gantes et confortables"},"content":{"rendered":"<p>\n    Rehaussez votre garde-robe estivale avec ces magnifiques sandales marocaines en paille, faites \u00e0 la main, dans une charmante teinte rose. Fabriqu\u00e9es par des artisans qualifi\u00e9s, ces sandales allient les techniques de tissage marocaines traditionnelles \u00e0 un design moderne et ouvert. La teinte rose tendre ajoute une touche de f\u00e9minit\u00e9 et d'\u00e9l\u00e9gance, ce qui les rend id\u00e9ales pour les journ\u00e9es ensoleill\u00e9es et les sorties d\u00e9contract\u00e9es.\n<\/p>\n<p>\n    Con\u00e7ues dans un souci de confort et de praticit\u00e9, ces sandales sont l\u00e9g\u00e8res et respirantes, ce qui permet de les porter tout au long de la journ\u00e9e. Que vous vous promeniez sur la plage, que vous participiez \u00e0 une garden party ou que vous exploriez la ville, ces sandales sont le parfait m\u00e9lange de style et de confort.\n<\/p>\n<p>\n    Fabriqu\u00e9es de mani\u00e8re durable \u00e0 partir de mat\u00e9riaux naturels, elles constituent un choix respectueux de l'environnement pour les adeptes de la mode. C\u00e9l\u00e9brez la beaut\u00e9 de l'artisanat marocain et adoptez un style estival sans effort avec ces sandales remarquables.\n<\/p>\n<p><img decoding=\"async\" src=\"https:\/\/berberedesign.com\/resized_image_5-2\/\" alt=\"Sandales de paille marocaines roses faites \u00e0 la main\" style=\"width:100%;max-width:600px;\" title=\"\"><\/p>","protected":false},"excerpt":{"rendered":"<p>\u00c9l\u00e9gantes sandales marocaines en paille dans une teinte rose tendre. L\u00e9g\u00e8res et durables, elles sont parfaites pour les sorties estivales d\u00e9contract\u00e9es.<\/p>","protected":false},"featured_media":103435,"comment_status":"open","ping_status":"closed","template":"","meta":[],"product_brand":[],"product_cat":[307,336],"product_tag":[],"class_list":{"0":"post-103301","1":"product","2":"type-product","3":"status-publish","4":"has-post-thumbnail","6":"product_cat-rafia","7":"product_cat-sandal","8":"description-off","10":"first","11":"instock","12":"sale","13":"featured","14":"shipping-taxable","15":"purchasable","16":"product-type-variable"},"jetpack_sharing_enabled":true,"_links":{"self":[{"href":"https:\/\/berberedesign.com\/fr\/wp-json\/wp\/v2\/product\/103301","targetHints":{"allow":["GET"]}}],"collection":[{"href":"https:\/\/berberedesign.com\/fr\/wp-json\/wp\/v2\/product"}],"about":[{"href":"https:\/\/berberedesign.com\/fr\/wp-json\/wp\/v2\/types\/product"}],"replies":[{"embeddable":true,"href":"https:\/\/berberedesign.com\/fr\/wp-json\/wp\/v2\/comments?post=103301"}],"version-history":[{"count":1,"href":"https:\/\/berberedesign.com\/fr\/wp-json\/wp\/v2\/product\/103301\/revisions"}],"predecessor-version":[{"id":103358,"href":"https:\/\/berberedesign.com\/fr\/wp-json\/wp\/v2\/product\/103301\/revisions\/103358"}],"wp:featuredmedia":[{"embeddable":true,"href":"https:\/\/berberedesign.com\/fr\/wp-json\/wp\/v2\/media\/103435"}],"wp:attachment":[{"href":"https:\/\/berberedesign.com\/fr\/wp-json\/wp\/v2\/media?parent=103301"}],"wp:term":[{"taxonomy":"product_brand","embeddable":true,"href":"https:\/\/berberedesign.com\/fr\/wp-json\/wp\/v2\/product_brand?post=103301"},{"taxonomy":"product_cat","embeddable":true,"href":"https:\/\/berberedesign.com\/fr\/wp-json\/wp\/v2\/product_cat?post=103301"},{"taxonomy":"product_tag","embeddable":true,"href":"https:\/\/berberedesign.com\/fr\/wp-json\/wp\/v2\/product_tag?post=103301"}],"curies":[{"name":"wp","href":"https:\/\/api.w.org\/{rel}","templated":true}]}}