{"id":103294,"date":"2024-12-27T18:11:50","date_gmt":"2024-12-27T18:11:50","guid":{"rendered":"https:\/\/berberedesign.com\/handmade-moroccan-orange-straw-sandals-vibrant-and-comfortable\/"},"modified":"2025-03-11T21:21:36","modified_gmt":"2025-03-11T21:21:36","slug":"sandales-de-paille-marocaine-orange-faites-a-la-main-vibrantes-et-confortables","status":"publish","type":"product","link":"https:\/\/berberedesign.com\/fr\/sandales-de-paille-marocaine-orange-faites-a-la-main-vibrantes-et-confortables\/","title":{"rendered":"Sandales de paille orange marocaines faites \u00e0 la main - Vibrantes et confortables"},"content":{"rendered":"<p>Egayez votre garde-robe estivale avec ces sandales marocaines en paille, fabriqu\u00e9es \u00e0 la main, d'un orange \u00e9clatant. Fabriqu\u00e9es avec soin par des artisans qualifi\u00e9s, ces sandales mettent en valeur les techniques de tissage marocaines traditionnelles combin\u00e9es \u00e0 un design moderne et ouvert. La teinte orange joyeuse ajoute une touche vivante et audacieuse \u00e0 n'importe quelle tenue, ce qui les rend parfaites pour les journ\u00e9es ensoleill\u00e9es et les sorties d\u00e9contract\u00e9es.<\/p>\n<p>Ces sandales ont \u00e9t\u00e9 con\u00e7ues dans un souci de confort, avec une structure l\u00e9g\u00e8re et des mat\u00e9riaux respirants qui permettent de les porter tout au long de la journ\u00e9e. Que vous exploriez la ville, que vous vous d\u00e9tendiez \u00e0 la plage ou que vous assistiez \u00e0 une garden party, ces sandales offrent l'\u00e9quilibre id\u00e9al entre praticit\u00e9 et style.<\/p>\n<p>Fabriqu\u00e9es de mani\u00e8re durable \u00e0 partir de mat\u00e9riaux naturels, ces sandales sont un choix r\u00e9fl\u00e9chi pour les amateurs de mode soucieux de l'environnement. C\u00e9l\u00e9brez l'art de l'artisanat marocain et adoptez un style estival sans effort avec cette paire remarquable.<\/p>\n<p><img decoding=\"async\" style=\"width: 100%;max-width: 600px\" src=\"https:\/\/berberedesign.com\/wp-content\/uploads\/2024\/12\/DSC09463.jpg\" alt=\"Sandales de paille marocaines faites \u00e0 la main\" title=\"\"><\/p>","protected":false},"excerpt":{"rendered":"<p>Sandales marocaines en paille de couleur orange vif. L\u00e9g\u00e8res et \u00e9l\u00e9gantes, elles sont parfaites pour les journ\u00e9es d'\u00e9t\u00e9 ensoleill\u00e9es.<\/p>","protected":false},"featured_media":103235,"comment_status":"open","ping_status":"closed","template":"","meta":[],"product_brand":[],"product_cat":[307,336],"product_tag":[],"class_list":{"0":"post-103294","1":"product","2":"type-product","3":"status-publish","4":"has-post-thumbnail","6":"product_cat-rafia","7":"product_cat-sandal","8":"pa_size-328","9":"pa_size-329","10":"pa_size-330","11":"pa_size-331","12":"pa_size-332","13":"pa_size-333","14":"pa_size-344","15":"description-off","17":"first","18":"instock","19":"sale","20":"featured","21":"shipping-taxable","22":"purchasable","23":"product-type-variable"},"jetpack_sharing_enabled":true,"_links":{"self":[{"href":"https:\/\/berberedesign.com\/fr\/wp-json\/wp\/v2\/product\/103294","targetHints":{"allow":["GET"]}}],"collection":[{"href":"https:\/\/berberedesign.com\/fr\/wp-json\/wp\/v2\/product"}],"about":[{"href":"https:\/\/berberedesign.com\/fr\/wp-json\/wp\/v2\/types\/product"}],"replies":[{"embeddable":true,"href":"https:\/\/berberedesign.com\/fr\/wp-json\/wp\/v2\/comments?post=103294"}],"version-history":[{"count":5,"href":"https:\/\/berberedesign.com\/fr\/wp-json\/wp\/v2\/product\/103294\/revisions"}],"predecessor-version":[{"id":106818,"href":"https:\/\/berberedesign.com\/fr\/wp-json\/wp\/v2\/product\/103294\/revisions\/106818"}],"wp:featuredmedia":[{"embeddable":true,"href":"https:\/\/berberedesign.com\/fr\/wp-json\/wp\/v2\/media\/103235"}],"wp:attachment":[{"href":"https:\/\/berberedesign.com\/fr\/wp-json\/wp\/v2\/media?parent=103294"}],"wp:term":[{"taxonomy":"product_brand","embeddable":true,"href":"https:\/\/berberedesign.com\/fr\/wp-json\/wp\/v2\/product_brand?post=103294"},{"taxonomy":"product_cat","embeddable":true,"href":"https:\/\/berberedesign.com\/fr\/wp-json\/wp\/v2\/product_cat?post=103294"},{"taxonomy":"product_tag","embeddable":true,"href":"https:\/\/berberedesign.com\/fr\/wp-json\/wp\/v2\/product_tag?post=103294"}],"curies":[{"name":"wp","href":"https:\/\/api.w.org\/{rel}","templated":true}]}}