{"id":103274,"date":"2024-12-27T18:11:45","date_gmt":"2024-12-27T18:11:45","guid":{"rendered":"https:\/\/berberedesign.com\/handmade-moroccan-lavender-raffia-sandals-elegant-and-unique\/"},"modified":"2025-02-22T15:34:46","modified_gmt":"2025-02-22T15:34:46","slug":"sandales-en-raphia-marocain-lavande-faites-a-la-main-elegantes-et-uniques","status":"publish","type":"product","link":"https:\/\/berberedesign.com\/fr\/sandales-en-raphia-marocain-lavande-faites-a-la-main-elegantes-et-uniques\/","title":{"rendered":"Sandales en raphia lavande marocaines faites \u00e0 la main - El\u00e9gantes et uniques"},"content":{"rendered":"<p>\n    Ajoutez une touche d'\u00e9l\u00e9gance \u00e0 votre garde-robe estivale avec ces sandales en raphia marocain faites \u00e0 la main, dans une magnifique teinte lavande. Fabriqu\u00e9es par des artisans marocains, ces sandales pr\u00e9sentent des d\u00e9tails complexes en raphia qui mettent en valeur les techniques traditionnelles alli\u00e9es \u00e0 un design moderne. La douce couleur lavande exsude la sophistication, ce qui les rend parfaites pour toutes les occasions.\n<\/p>\n<p>\n    Ces sandales sont con\u00e7ues pour offrir un confort tout au long de la journ\u00e9e gr\u00e2ce \u00e0 leur structure l\u00e9g\u00e8re et respirante. Que vous vous rendiez \u00e0 une f\u00eate sur la plage, \u00e0 une sortie d\u00e9contract\u00e9e ou \u00e0 un \u00e9v\u00e9nement estival particulier, ces sandales vous permettront de rester \u00e9l\u00e9gante et confortable. Fabriqu\u00e9es \u00e0 partir de mat\u00e9riaux durables, elles allient durabilit\u00e9 et mode respectueuse de l'environnement.\n<\/p>\n<p>\n    C\u00e9l\u00e9brez l'art de l'artisanat marocain avec ces sandales uniques et \u00e9l\u00e9gantes. Parfaites pour compl\u00e9ter votre collection de chaussures ou pour offrir \u00e0 quelqu'un de sp\u00e9cial.\n<\/p>\n<p><img decoding=\"async\" src=\"https:\/\/berberedesign.com\/wp-content\/uploads\/2024\/12\/resized_DSC09533.jpg\" alt=\"Sandales en raphia lavande marocaines faites \u00e0 la main\" style=\"width:100%;max-width:600px;\" title=\"\"><\/p>","protected":false},"excerpt":{"rendered":"<p>Sandales \u00e9l\u00e9gantes en raphia marocain dans un ton lavande doux. L\u00e9g\u00e8res et respirantes, elles sont parfaites pour l'\u00e9l\u00e9gance estivale.<\/p>","protected":false},"featured_media":103412,"comment_status":"open","ping_status":"closed","template":"","meta":[],"product_brand":[],"product_cat":[307,336],"product_tag":[],"class_list":{"0":"post-103274","1":"product","2":"type-product","3":"status-publish","4":"has-post-thumbnail","6":"product_cat-rafia","7":"product_cat-sandal","8":"description-off","10":"first","11":"instock","12":"sale","13":"featured","14":"shipping-taxable","15":"purchasable","16":"product-type-variable"},"jetpack_sharing_enabled":true,"_links":{"self":[{"href":"https:\/\/berberedesign.com\/fr\/wp-json\/wp\/v2\/product\/103274","targetHints":{"allow":["GET"]}}],"collection":[{"href":"https:\/\/berberedesign.com\/fr\/wp-json\/wp\/v2\/product"}],"about":[{"href":"https:\/\/berberedesign.com\/fr\/wp-json\/wp\/v2\/types\/product"}],"replies":[{"embeddable":true,"href":"https:\/\/berberedesign.com\/fr\/wp-json\/wp\/v2\/comments?post=103274"}],"version-history":[{"count":1,"href":"https:\/\/berberedesign.com\/fr\/wp-json\/wp\/v2\/product\/103274\/revisions"}],"predecessor-version":[{"id":103362,"href":"https:\/\/berberedesign.com\/fr\/wp-json\/wp\/v2\/product\/103274\/revisions\/103362"}],"wp:featuredmedia":[{"embeddable":true,"href":"https:\/\/berberedesign.com\/fr\/wp-json\/wp\/v2\/media\/103412"}],"wp:attachment":[{"href":"https:\/\/berberedesign.com\/fr\/wp-json\/wp\/v2\/media?parent=103274"}],"wp:term":[{"taxonomy":"product_brand","embeddable":true,"href":"https:\/\/berberedesign.com\/fr\/wp-json\/wp\/v2\/product_brand?post=103274"},{"taxonomy":"product_cat","embeddable":true,"href":"https:\/\/berberedesign.com\/fr\/wp-json\/wp\/v2\/product_cat?post=103274"},{"taxonomy":"product_tag","embeddable":true,"href":"https:\/\/berberedesign.com\/fr\/wp-json\/wp\/v2\/product_tag?post=103274"}],"curies":[{"name":"wp","href":"https:\/\/api.w.org\/{rel}","templated":true}]}}