{"id":103267,"date":"2024-12-27T18:11:43","date_gmt":"2024-12-27T18:11:43","guid":{"rendered":"https:\/\/berberedesign.com\/handmade-moroccan-black-raffia-sandals-bold-and-sophisticated\/"},"modified":"2025-04-03T00:21:56","modified_gmt":"2025-04-03T00:21:56","slug":"sandales-en-raphia-noir-fabriquees-a-la-main-au-maroc-audacieuses-et-sophistiquees","status":"publish","type":"product","link":"https:\/\/berberedesign.com\/fr\/sandales-en-raphia-noir-fabriquees-a-la-main-au-maroc-audacieuses-et-sophistiquees\/","title":{"rendered":"Sandales marocaines en raphia noir faites \u00e0 la main - Audacieuses et sophistiqu\u00e9es"},"content":{"rendered":"<p>\n    Faites une d\u00e9claration audacieuse avec ces sandales marocaines en raphia faites \u00e0 la main, dans une couleur noire sophistiqu\u00e9e. Fabriqu\u00e9es par des artisans qualifi\u00e9s, ces sandales pr\u00e9sentent des d\u00e9tails complexes en raphia qui mettent en valeur la beaut\u00e9 de l'artisanat marocain. Le ton noir profond ajoute une touche d'\u00e9l\u00e9gance et de modernit\u00e9, ce qui les rend id\u00e9ales pour toutes les occasions.\n<\/p>\n<p>\n    Con\u00e7ues pour \u00eatre confortables et pratiques, ces sandales sont l\u00e9g\u00e8res et respirantes, parfaites pour les chaudes journ\u00e9es ou soir\u00e9es d'\u00e9t\u00e9. Que vous vous rendiez \u00e0 une f\u00eate sur la plage, \u00e0 une sortie d\u00e9contract\u00e9e ou \u00e0 un rassemblement d\u00e9contract\u00e9, ces sandales offrent \u00e0 la fois style et fonctionnalit\u00e9. Fabriqu\u00e9es de mani\u00e8re durable avec des mat\u00e9riaux de haute qualit\u00e9, elles repr\u00e9sentent un choix de mode respectueux de l'environnement.\n<\/p>\n<p>\n    Ces sandales artisanales sont parfaites pour celles qui appr\u00e9cient les mod\u00e8les uniques et faits \u00e0 la main. Ajoutez une touche de tradition marocaine \u00e0 votre garde-robe et sortez avec style gr\u00e2ce \u00e0 cette paire unique.\n<\/p>\n<p><img decoding=\"async\" src=\"https:\/\/berberedesign.com\/wp-content\/uploads\/2024\/12\/resized_image_batch5_2.jpg\" alt=\"Sandales marocaines en raphia noir faites \u00e0 la main\" style=\"width:100%;max-width:600px;\" title=\"\"><\/p>","protected":false},"excerpt":{"rendered":"<p>\u00c9l\u00e9gantes sandales marocaines en raphia dans un ton noir saisissant. L\u00e9g\u00e8res et \u00e9l\u00e9gantes, elles sont parfaites pour les looks d'\u00e9t\u00e9 chics.<\/p>","protected":false},"featured_media":103406,"comment_status":"open","ping_status":"closed","template":"","meta":[],"product_brand":[],"product_cat":[307,336],"product_tag":[],"class_list":{"0":"post-103267","1":"product","2":"type-product","3":"status-publish","4":"has-post-thumbnail","6":"product_cat-rafia","7":"product_cat-sandal","8":"description-off","10":"first","11":"instock","12":"sale","13":"featured","14":"shipping-taxable","15":"purchasable","16":"product-type-variable"},"jetpack_sharing_enabled":true,"_links":{"self":[{"href":"https:\/\/berberedesign.com\/fr\/wp-json\/wp\/v2\/product\/103267","targetHints":{"allow":["GET"]}}],"collection":[{"href":"https:\/\/berberedesign.com\/fr\/wp-json\/wp\/v2\/product"}],"about":[{"href":"https:\/\/berberedesign.com\/fr\/wp-json\/wp\/v2\/types\/product"}],"replies":[{"embeddable":true,"href":"https:\/\/berberedesign.com\/fr\/wp-json\/wp\/v2\/comments?post=103267"}],"version-history":[{"count":1,"href":"https:\/\/berberedesign.com\/fr\/wp-json\/wp\/v2\/product\/103267\/revisions"}],"predecessor-version":[{"id":103363,"href":"https:\/\/berberedesign.com\/fr\/wp-json\/wp\/v2\/product\/103267\/revisions\/103363"}],"wp:featuredmedia":[{"embeddable":true,"href":"https:\/\/berberedesign.com\/fr\/wp-json\/wp\/v2\/media\/103406"}],"wp:attachment":[{"href":"https:\/\/berberedesign.com\/fr\/wp-json\/wp\/v2\/media?parent=103267"}],"wp:term":[{"taxonomy":"product_brand","embeddable":true,"href":"https:\/\/berberedesign.com\/fr\/wp-json\/wp\/v2\/product_brand?post=103267"},{"taxonomy":"product_cat","embeddable":true,"href":"https:\/\/berberedesign.com\/fr\/wp-json\/wp\/v2\/product_cat?post=103267"},{"taxonomy":"product_tag","embeddable":true,"href":"https:\/\/berberedesign.com\/fr\/wp-json\/wp\/v2\/product_tag?post=103267"}],"curies":[{"name":"wp","href":"https:\/\/api.w.org\/{rel}","templated":true}]}}