{"id":103259,"date":"2024-12-27T18:11:41","date_gmt":"2024-12-27T18:11:41","guid":{"rendered":"https:\/\/berberedesign.com\/handmade-moroccan-green-raffia-sandals-unique-and-vibrant\/"},"modified":"2026-03-31T17:15:08","modified_gmt":"2026-03-31T17:15:08","slug":"sandales-en-raphia-marocain-vertes-faites-a-la-main-uniques-et-vibrantes","status":"publish","type":"product","link":"https:\/\/berberedesign.com\/fr\/sandales-en-raphia-marocain-vertes-faites-a-la-main-uniques-et-vibrantes\/","title":{"rendered":"Sandales marocaines en raphia vert faites \u00e0 la main - uniques et vibrantes"},"content":{"rendered":"<p>\n    Illuminez votre garde-robe estivale avec ces sandales marocaines en raphia faites \u00e0 la main, dans un ton vert luxuriant. Dot\u00e9es d'un design en raphia accrocheur, ces sandales associent l'artisanat marocain traditionnel \u00e0 une esth\u00e9tique audacieuse et vibrante. La couleur verte frappante ajoute une touche de fra\u00eecheur et de vivacit\u00e9 \u00e0 n'importe quelle tenue, ce qui en fait un choix remarquable pour les occasions par temps chaud.\n<\/p>\n<p>\n    Con\u00e7ues dans un souci de confort, ces sandales sont l\u00e9g\u00e8res et respirantes, parfaites pour les sorties d\u00e9contract\u00e9es, les journ\u00e9es \u00e0 la plage ou les rassemblements estivaux d\u00e9contract\u00e9s. Fabriqu\u00e9es de mani\u00e8re durable \u00e0 partir de mat\u00e9riaux de haute qualit\u00e9, elles incarnent un engagement en faveur d'une mode respectueuse de l'environnement tout en conservant leur durabilit\u00e9 et leur style.\n<\/p>\n<p>\n    Que vous soyez \u00e0 la recherche d'un ajout unique \u00e0 votre collection de chaussures ou d'un cadeau attentionn\u00e9, ces sandales artisanales apportent une touche de tradition marocaine et de modernit\u00e9 \u00e0 votre look. Entrez dans le confort et l'\u00e9l\u00e9gance avec cette paire exceptionnelle.\n<\/p>\n<p><img decoding=\"async\" src=\"https:\/\/berberedesign.com\/wp-content\/uploads\/2024\/12\/resized_image_batch4_2.jpg\" alt=\"Sandales marocaines en raphia vert faites \u00e0 la main\" style=\"width:100%;max-width:600px\" title=\"\"><\/p>","protected":false},"excerpt":{"rendered":"<p>Sandales en raphia marocain d'un vert \u00e9clatant, fabriqu\u00e9es \u00e0 la main pour le confort et le style. L\u00e9g\u00e8res et respirantes, elles sont parfaites pour la mode estivale.<\/p>","protected":false},"featured_media":103399,"comment_status":"open","ping_status":"closed","template":"","meta":[],"product_brand":[],"product_cat":[234,307,336],"product_tag":[],"class_list":{"0":"post-103259","1":"product","2":"type-product","3":"status-publish","4":"has-post-thumbnail","6":"product_cat-best-sellers","7":"product_cat-rafia","8":"product_cat-sandal","9":"description-off","11":"first","12":"instock","13":"sale","14":"featured","15":"shipping-taxable","16":"purchasable","17":"product-type-variable"},"jetpack_sharing_enabled":true,"_links":{"self":[{"href":"https:\/\/berberedesign.com\/fr\/wp-json\/wp\/v2\/product\/103259","targetHints":{"allow":["GET"]}}],"collection":[{"href":"https:\/\/berberedesign.com\/fr\/wp-json\/wp\/v2\/product"}],"about":[{"href":"https:\/\/berberedesign.com\/fr\/wp-json\/wp\/v2\/types\/product"}],"replies":[{"embeddable":true,"href":"https:\/\/berberedesign.com\/fr\/wp-json\/wp\/v2\/comments?post=103259"}],"version-history":[{"count":2,"href":"https:\/\/berberedesign.com\/fr\/wp-json\/wp\/v2\/product\/103259\/revisions"}],"predecessor-version":[{"id":106203,"href":"https:\/\/berberedesign.com\/fr\/wp-json\/wp\/v2\/product\/103259\/revisions\/106203"}],"wp:featuredmedia":[{"embeddable":true,"href":"https:\/\/berberedesign.com\/fr\/wp-json\/wp\/v2\/media\/103399"}],"wp:attachment":[{"href":"https:\/\/berberedesign.com\/fr\/wp-json\/wp\/v2\/media?parent=103259"}],"wp:term":[{"taxonomy":"product_brand","embeddable":true,"href":"https:\/\/berberedesign.com\/fr\/wp-json\/wp\/v2\/product_brand?post=103259"},{"taxonomy":"product_cat","embeddable":true,"href":"https:\/\/berberedesign.com\/fr\/wp-json\/wp\/v2\/product_cat?post=103259"},{"taxonomy":"product_tag","embeddable":true,"href":"https:\/\/berberedesign.com\/fr\/wp-json\/wp\/v2\/product_tag?post=103259"}],"curies":[{"name":"wp","href":"https:\/\/api.w.org\/{rel}","templated":true}]}}