{"id":103251,"date":"2024-12-27T18:11:39","date_gmt":"2024-12-27T18:11:39","guid":{"rendered":"https:\/\/berberedesign.com\/handmade-moroccan-raffia-sandals-in-peach-unique-and-stylish\/"},"modified":"2025-03-24T10:06:52","modified_gmt":"2025-03-24T10:06:52","slug":"sandales-en-raphia-marocain-faites-a-la-main-en-peche-uniques-et-elegantes","status":"publish","type":"product","link":"https:\/\/berberedesign.com\/fr\/sandales-en-raphia-marocain-faites-a-la-main-en-peche-uniques-et-elegantes\/","title":{"rendered":"Sandales en raphia marocain faites \u00e0 la main - uniques et \u00e9l\u00e9gantes"},"content":{"rendered":"<p>\n    Ajoutez une touche d'\u00e9l\u00e9gance ludique \u00e0 votre garde-robe avec ces sandales marocaines en raphia fabriqu\u00e9es \u00e0 la main dans une magnifique teinte p\u00eache. Dot\u00e9es de d\u00e9tails uniques en raphia, ces sandales artisanales allient le design marocain traditionnel \u00e0 l'esth\u00e9tique moderne. La douce couleur p\u00eache ajoute une touche de fra\u00eecheur et de dynamisme, parfaite pour toutes les tenues d'\u00e9t\u00e9.\n<\/p>\n<p>\n    Ces sandales sont l\u00e9g\u00e8res et respirantes, con\u00e7ues pour un confort tout au long de la journ\u00e9e. Id\u00e9ales pour les sorties \u00e0 la plage, les promenades d\u00e9contract\u00e9es ou les rassemblements estivaux, elles offrent un m\u00e9lange de fonctionnalit\u00e9 et de style. Fabriqu\u00e9es de mani\u00e8re durable \u00e0 partir de mat\u00e9riaux de haute qualit\u00e9, elles constituent un ajout \u00e0 la mode et respectueux de l'environnement \u00e0 votre collection.\n<\/p>\n<p>\n    Embrassez le charme de l'artisanat marocain et rehaussez votre style estival avec ces sandales chics et polyvalentes. Un choix parfait pour celles qui appr\u00e9cient les chaussures faites \u00e0 la main, de haute qualit\u00e9 et au style unique.\n<\/p>\n<p><img decoding=\"async\" src=\"https:\/\/berberedesign.com\/wp-content\/uploads\/2024\/12\/resized_image_batch3_2.jpg\" alt=\"Sandales en raphia marocain faites \u00e0 la main (p\u00eache)\" style=\"width:100%;max-width:600px;\" title=\"\"><\/p>","protected":false},"excerpt":{"rendered":"<p>\u00c9l\u00e9gantes sandales marocaines en raphia dans un doux ton de p\u00eache. L\u00e9g\u00e8res et respirantes, elles sont parfaites pour la mode estivale.<\/p>","protected":false},"featured_media":103392,"comment_status":"open","ping_status":"closed","template":"","meta":[],"product_brand":[],"product_cat":[307,336],"product_tag":[],"class_list":{"0":"post-103251","1":"product","2":"type-product","3":"status-publish","4":"has-post-thumbnail","6":"product_cat-rafia","7":"product_cat-sandal","8":"description-off","10":"first","11":"instock","12":"sale","13":"featured","14":"shipping-taxable","15":"purchasable","16":"product-type-variable"},"jetpack_sharing_enabled":true,"_links":{"self":[{"href":"https:\/\/berberedesign.com\/fr\/wp-json\/wp\/v2\/product\/103251","targetHints":{"allow":["GET"]}}],"collection":[{"href":"https:\/\/berberedesign.com\/fr\/wp-json\/wp\/v2\/product"}],"about":[{"href":"https:\/\/berberedesign.com\/fr\/wp-json\/wp\/v2\/types\/product"}],"replies":[{"embeddable":true,"href":"https:\/\/berberedesign.com\/fr\/wp-json\/wp\/v2\/comments?post=103251"}],"version-history":[{"count":1,"href":"https:\/\/berberedesign.com\/fr\/wp-json\/wp\/v2\/product\/103251\/revisions"}],"predecessor-version":[{"id":103365,"href":"https:\/\/berberedesign.com\/fr\/wp-json\/wp\/v2\/product\/103251\/revisions\/103365"}],"wp:featuredmedia":[{"embeddable":true,"href":"https:\/\/berberedesign.com\/fr\/wp-json\/wp\/v2\/media\/103392"}],"wp:attachment":[{"href":"https:\/\/berberedesign.com\/fr\/wp-json\/wp\/v2\/media?parent=103251"}],"wp:term":[{"taxonomy":"product_brand","embeddable":true,"href":"https:\/\/berberedesign.com\/fr\/wp-json\/wp\/v2\/product_brand?post=103251"},{"taxonomy":"product_cat","embeddable":true,"href":"https:\/\/berberedesign.com\/fr\/wp-json\/wp\/v2\/product_cat?post=103251"},{"taxonomy":"product_tag","embeddable":true,"href":"https:\/\/berberedesign.com\/fr\/wp-json\/wp\/v2\/product_tag?post=103251"}],"curies":[{"name":"wp","href":"https:\/\/api.w.org\/{rel}","templated":true}]}}