{"id":103153,"date":"2024-12-26T14:49:01","date_gmt":"2024-12-26T14:49:01","guid":{"rendered":"https:\/\/berberedesign.com\/handmade-moroccan-straw-wedge-sandals-natural-beige-with-elevated-comfort\/"},"modified":"2025-02-22T15:19:01","modified_gmt":"2025-02-22T15:19:01","slug":"sandales-compensees-en-paille-marocaine-faites-a-la-main-beige-naturel-avec-un-confort-eleve","status":"publish","type":"product","link":"https:\/\/berberedesign.com\/fr\/sandales-compensees-en-paille-marocaine-faites-a-la-main-beige-naturel-avec-un-confort-eleve\/","title":{"rendered":"Sandales \u00e0 semelle compens\u00e9e en paille marocaine faites \u00e0 la main - Natural Beige with Elevated Comfort"},"content":{"rendered":"<p>\n    Entrez dans l'\u00e9l\u00e9gance intemporelle avec ces sandales compens\u00e9es en paille marocaine fabriqu\u00e9es \u00e0 la main dans un ton beige naturel. M\u00e9ticuleusement fabriqu\u00e9es par des artisans qualifi\u00e9s, ces sandales allient la simplicit\u00e9 des mat\u00e9riaux naturels \u00e0 un design compens\u00e9 pour plus de confort et de sophistication. Le tissage complexe met en valeur la beaut\u00e9 de l'artisanat marocain traditionnel, rendant chaque paire unique.\n<\/p>\n<p>\n    Ces sandales sont l\u00e9g\u00e8res et respirantes, parfaites pour les chaudes journ\u00e9es d'\u00e9t\u00e9. Que vous vous promeniez sur un march\u00e9, que vous assistiez \u00e0 une r\u00e9union d\u00e9contract\u00e9e ou que vous profitiez d'une soir\u00e9e sur la plage, ces sandales compens\u00e9es fabriqu\u00e9es de mani\u00e8re artisanale offrent \u00e0 la fois praticit\u00e9 et style. Fabriqu\u00e9es \u00e0 partir de mat\u00e9riaux durables, elles constituent un choix parfait pour les amateurs de mode soucieux de l'environnement.\n<\/p>\n<p>\n    Ajoutez ces chaussures compens\u00e9es polyvalentes \u00e0 votre collection pour un m\u00e9lange de tradition, de confort et de charme contemporain. Ce sont les chaussures id\u00e9ales pour tous ceux qui appr\u00e9cient les mod\u00e8les de haute qualit\u00e9, faits \u00e0 la main, avec une touche d'art marocain.\n<\/p>\n<p><img decoding=\"async\" src=\"https:\/\/berberedesign.com\/wp-content\/uploads\/2024\/12\/DSC09099.jpg\" alt=\"Sandales \u00e0 semelles compens\u00e9es en paille marocaines faites \u00e0 la main - Vue de c\u00f4t\u00e9\" style=\"width:100%;max-width:600px\" title=\"\"><br \/>\n<img decoding=\"async\" src=\"https:\/\/berberedesign.com\/wp-content\/uploads\/2024\/12\/DSC09091.jpg\" alt=\"Sandales \u00e0 semelles compens\u00e9es en paille marocaines faites \u00e0 la main - Vue de face\" style=\"width:100%;max-width:600px\" title=\"\"><\/p>","protected":false},"excerpt":{"rendered":"<p>\u00c9l\u00e9gantes sandales marocaines compens\u00e9es en beige naturel. L\u00e9g\u00e8res, respirantes et con\u00e7ues pour le style et le confort.<\/p>","protected":false},"featured_media":103154,"comment_status":"open","ping_status":"closed","template":"","meta":[],"product_brand":[],"product_cat":[307,336],"product_tag":[],"class_list":{"0":"post-103153","1":"product","2":"type-product","3":"status-publish","4":"has-post-thumbnail","6":"product_cat-rafia","7":"product_cat-sandal","8":"description-off","10":"first","11":"instock","12":"sale","13":"featured","14":"shipping-taxable","15":"purchasable","16":"product-type-variable"},"jetpack_sharing_enabled":true,"_links":{"self":[{"href":"https:\/\/berberedesign.com\/fr\/wp-json\/wp\/v2\/product\/103153","targetHints":{"allow":["GET"]}}],"collection":[{"href":"https:\/\/berberedesign.com\/fr\/wp-json\/wp\/v2\/product"}],"about":[{"href":"https:\/\/berberedesign.com\/fr\/wp-json\/wp\/v2\/types\/product"}],"replies":[{"embeddable":true,"href":"https:\/\/berberedesign.com\/fr\/wp-json\/wp\/v2\/comments?post=103153"}],"version-history":[{"count":2,"href":"https:\/\/berberedesign.com\/fr\/wp-json\/wp\/v2\/product\/103153\/revisions"}],"predecessor-version":[{"id":106347,"href":"https:\/\/berberedesign.com\/fr\/wp-json\/wp\/v2\/product\/103153\/revisions\/106347"}],"wp:featuredmedia":[{"embeddable":true,"href":"https:\/\/berberedesign.com\/fr\/wp-json\/wp\/v2\/media\/103154"}],"wp:attachment":[{"href":"https:\/\/berberedesign.com\/fr\/wp-json\/wp\/v2\/media?parent=103153"}],"wp:term":[{"taxonomy":"product_brand","embeddable":true,"href":"https:\/\/berberedesign.com\/fr\/wp-json\/wp\/v2\/product_brand?post=103153"},{"taxonomy":"product_cat","embeddable":true,"href":"https:\/\/berberedesign.com\/fr\/wp-json\/wp\/v2\/product_cat?post=103153"},{"taxonomy":"product_tag","embeddable":true,"href":"https:\/\/berberedesign.com\/fr\/wp-json\/wp\/v2\/product_tag?post=103153"}],"curies":[{"name":"wp","href":"https:\/\/api.w.org\/{rel}","templated":true}]}}