{"id":103138,"date":"2024-12-26T14:48:58","date_gmt":"2024-12-26T14:48:58","guid":{"rendered":"https:\/\/berberedesign.com\/handmade-moroccan-purple-straw-sandals-lightweight-and-stylish\/"},"modified":"2024-12-27T19:46:56","modified_gmt":"2024-12-27T19:46:56","slug":"sandales-de-paille-marocaine-violette-faites-a-la-main-legeres-et-elegantes","status":"publish","type":"product","link":"https:\/\/berberedesign.com\/fr\/sandales-de-paille-marocaine-violette-faites-a-la-main-legeres-et-elegantes\/","title":{"rendered":"Sandales marocaines en paille violette faites \u00e0 la main - l\u00e9g\u00e8res et \u00e9l\u00e9gantes"},"content":{"rendered":"<p>\n    Rehaussez votre garde-robe estivale avec ces sandales marocaines en paille faites \u00e0 la main, d'un violet \u00e9clatant. Fabriqu\u00e9es avec soin par des artisans qualifi\u00e9s, ces sandales pr\u00e9sentent un design tiss\u00e9 unique qui allie les techniques marocaines traditionnelles \u00e0 la mode contemporaine. Le violet vibrant ajoute une touche audacieuse mais \u00e9l\u00e9gante, faisant de ces sandales un accessoire remarquable pour n'importe quelle tenue.\n<\/p>\n<p>\n    Ces sandales sont con\u00e7ues pour un maximum de confort, avec une structure l\u00e9g\u00e8re et respirante, parfaite pour les temps chauds. Que vous alliez \u00e0 la plage, que vous vous promeniez en ville ou que vous assistiez \u00e0 une r\u00e9union d\u00e9contract\u00e9e, ces sandales offrent \u00e0 la fois style et praticit\u00e9. Fabriqu\u00e9es avec des mat\u00e9riaux durables, elles t\u00e9moignent d'un engagement en faveur d'une mode respectueuse de l'environnement.\n<\/p>\n<p>\n    Ces sandales artisanales ne sont pas seulement durables, elles sont aussi un ajout intemporel \u00e0 toute collection de chaussures. C\u00e9l\u00e9brez la tradition marocaine et ajoutez une touche de sophistication \u00e0 votre look estival avec cette superbe paire.\n<\/p>\n<p><img decoding=\"async\" src=\"https:\/\/berberedesign.com\/wp-content\/uploads\/2024\/12\/resized_image_6.jpg\" alt=\"Sandales marocaines en paille violette faites \u00e0 la main\" style=\"width:100%;max-width:600px;\" title=\"\"><\/p>","protected":false},"excerpt":{"rendered":"<p>\u00c9l\u00e9gantes sandales marocaines en paille d'un violet \u00e9clatant. L\u00e9g\u00e8res et respirantes, elles sont parfaites pour les occasions estivales d\u00e9contract\u00e9es.<\/p>","protected":false},"featured_media":103139,"comment_status":"open","ping_status":"closed","template":"","meta":[],"product_brand":[],"product_cat":[307,336],"product_tag":[],"class_list":{"0":"post-103138","1":"product","2":"type-product","3":"status-publish","4":"has-post-thumbnail","6":"product_cat-rafia","7":"product_cat-sandal","8":"description-off","10":"first","11":"instock","12":"sale","13":"featured","14":"shipping-taxable","15":"purchasable","16":"product-type-variable"},"jetpack_sharing_enabled":true,"_links":{"self":[{"href":"https:\/\/berberedesign.com\/fr\/wp-json\/wp\/v2\/product\/103138","targetHints":{"allow":["GET"]}}],"collection":[{"href":"https:\/\/berberedesign.com\/fr\/wp-json\/wp\/v2\/product"}],"about":[{"href":"https:\/\/berberedesign.com\/fr\/wp-json\/wp\/v2\/types\/product"}],"replies":[{"embeddable":true,"href":"https:\/\/berberedesign.com\/fr\/wp-json\/wp\/v2\/comments?post=103138"}],"version-history":[{"count":1,"href":"https:\/\/berberedesign.com\/fr\/wp-json\/wp\/v2\/product\/103138\/revisions"}],"predecessor-version":[{"id":103199,"href":"https:\/\/berberedesign.com\/fr\/wp-json\/wp\/v2\/product\/103138\/revisions\/103199"}],"wp:featuredmedia":[{"embeddable":true,"href":"https:\/\/berberedesign.com\/fr\/wp-json\/wp\/v2\/media\/103139"}],"wp:attachment":[{"href":"https:\/\/berberedesign.com\/fr\/wp-json\/wp\/v2\/media?parent=103138"}],"wp:term":[{"taxonomy":"product_brand","embeddable":true,"href":"https:\/\/berberedesign.com\/fr\/wp-json\/wp\/v2\/product_brand?post=103138"},{"taxonomy":"product_cat","embeddable":true,"href":"https:\/\/berberedesign.com\/fr\/wp-json\/wp\/v2\/product_cat?post=103138"},{"taxonomy":"product_tag","embeddable":true,"href":"https:\/\/berberedesign.com\/fr\/wp-json\/wp\/v2\/product_tag?post=103138"}],"curies":[{"name":"wp","href":"https:\/\/api.w.org\/{rel}","templated":true}]}}