{"id":102502,"date":"2024-10-21T19:05:44","date_gmt":"2024-10-21T19:05:44","guid":{"rendered":"https:\/\/berberedesign.com\/full-white-leather-pouf-elegant-versatility-for-your-home\/"},"modified":"2025-02-28T16:43:32","modified_gmt":"2025-02-28T16:43:32","slug":"pouf-en-cuir-blanc-elegant-et-polyvalent-pour-la-maison","status":"publish","type":"product","link":"https:\/\/berberedesign.com\/fr\/pouf-en-cuir-blanc-elegant-et-polyvalent-pour-la-maison\/","title":{"rendered":"Pouf en cuir blanc : une polyvalence \u00e9l\u00e9gante pour votre int\u00e9rieur"},"content":{"rendered":"<div data-elementor-type=\"product-post\" data-elementor-id=\"102502\" class=\"elementor elementor-102502\" data-elementor-post-type=\"product\">\n\t\t\t\t<div class=\"elementor-element elementor-element-15ef188 e-flex e-con-boxed e-con e-parent\" data-id=\"15ef188\" data-element_type=\"container\">\n\t\t\t\t\t<div class=\"e-con-inner\">\n\t\t\t\t<div class=\"elementor-element elementor-element-4998f51 elementor-widget elementor-widget-text-editor\" data-id=\"4998f51\" data-element_type=\"widget\" data-widget_type=\"text-editor.default\">\n\t\t\t\t<div class=\"elementor-widget-container\">\n\t\t\t\t\t\t\t\t\t<p>Transformez votre espace de vie avec notre exquis pouf en cuir blanc, con\u00e7u pour ajouter une touche d'\u00e9l\u00e9gance et de polyvalence \u00e0 n'importe quelle pi\u00e8ce. Fabriqu\u00e9 en cuir durable de haute qualit\u00e9, ce pouf n'est pas seulement une pi\u00e8ce d'appoint \u00e9l\u00e9gante, il a aussi de multiples fonctions : il est parfait comme si\u00e8ge suppl\u00e9mentaire, comme repose-pieds confortable ou comme \u00e9l\u00e9ment d\u00e9coratif chic.<\/p><p>Caract\u00e9ristiques principales :<\/p><p>- Qualit\u00e9 sup\u00e9rieure : Fabriqu\u00e9 en cuir souple et doux, il offre \u00e0 la fois confort et durabilit\u00e9, ce qui lui permet de r\u00e9sister \u00e0 un usage quotidien.<\/p><p>- Design polyvalent : La finition blanche \u00e9l\u00e9gante s'harmonise parfaitement avec une vari\u00e9t\u00e9 de styles d'int\u00e9rieur, du moderne au minimaliste, ce qui en fait un compl\u00e9ment id\u00e9al \u00e0 votre d\u00e9coration int\u00e9rieure.<\/p><p>- Facile \u00e0 nettoyer : Nettoyez-le \u00e0 l'aide d'un chiffon humide pour pr\u00e9server son aspect impeccable, afin que votre pouf conserve sa fra\u00eecheur et son \u00e9clat.<\/p><p>Que vous souhaitiez embellir votre salon, votre chambre \u00e0 coucher ou votre espace ext\u00e9rieur, notre Pouf en cuir blanc est le choix id\u00e9al. Rehaussez votre d\u00e9coration int\u00e9rieure et cr\u00e9ez une atmosph\u00e8re \u00e9l\u00e9gante et accueillante avec cette pi\u00e8ce \u00e9l\u00e9gante.<\/p>\t\t\t\t\t\t\t\t<\/div>\n\t\t\t\t<\/div>\n\t\t\t\t\t<\/div>\n\t\t\t\t<\/div>\n\t\t\t\t<\/div>","protected":false},"excerpt":{"rendered":"<p>\u00c9levez votre espace avec notre Pouf en cuir blanc ! Fabriqu\u00e9 en cuir de haute qualit\u00e9, cette pi\u00e8ce chic et polyvalente sert de si\u00e8ge suppl\u00e9mentaire, de repose-pieds confortable ou d'accent \u00e9l\u00e9gant. Sa finition blanche \u00e9l\u00e9gante s'harmonise avec tous les styles de d\u00e9coration, ce qui en fait un ajout parfait \u00e0 votre maison. Transformez votre espace de vie avec ce pouf \u00e9l\u00e9gant et fonctionnel d\u00e8s aujourd'hui !<\/p>\n<p>https:\/\/www.youtube.com\/watch?v=c_10xM47nDw<\/p>","protected":false},"featured_media":102496,"comment_status":"open","ping_status":"closed","template":"","meta":[],"product_brand":[],"product_cat":[234,301,302,204,232,236],"product_tag":[],"class_list":{"0":"post-102502","1":"product","2":"type-product","3":"status-publish","4":"has-post-thumbnail","6":"product_cat-best-sellers","7":"product_cat-leather","8":"product_cat-leather-poufs","9":"product_cat-moroccan-poufs","10":"product_cat-new-arrivals","11":"product_cat-sale-items","13":"first","14":"instock","15":"sale","16":"shipping-taxable","17":"purchasable","18":"product-type-variable"},"jetpack_sharing_enabled":true,"_links":{"self":[{"href":"https:\/\/berberedesign.com\/fr\/wp-json\/wp\/v2\/product\/102502","targetHints":{"allow":["GET"]}}],"collection":[{"href":"https:\/\/berberedesign.com\/fr\/wp-json\/wp\/v2\/product"}],"about":[{"href":"https:\/\/berberedesign.com\/fr\/wp-json\/wp\/v2\/types\/product"}],"replies":[{"embeddable":true,"href":"https:\/\/berberedesign.com\/fr\/wp-json\/wp\/v2\/comments?post=102502"}],"version-history":[{"count":7,"href":"https:\/\/berberedesign.com\/fr\/wp-json\/wp\/v2\/product\/102502\/revisions"}],"predecessor-version":[{"id":106805,"href":"https:\/\/berberedesign.com\/fr\/wp-json\/wp\/v2\/product\/102502\/revisions\/106805"}],"wp:featuredmedia":[{"embeddable":true,"href":"https:\/\/berberedesign.com\/fr\/wp-json\/wp\/v2\/media\/102496"}],"wp:attachment":[{"href":"https:\/\/berberedesign.com\/fr\/wp-json\/wp\/v2\/media?parent=102502"}],"wp:term":[{"taxonomy":"product_brand","embeddable":true,"href":"https:\/\/berberedesign.com\/fr\/wp-json\/wp\/v2\/product_brand?post=102502"},{"taxonomy":"product_cat","embeddable":true,"href":"https:\/\/berberedesign.com\/fr\/wp-json\/wp\/v2\/product_cat?post=102502"},{"taxonomy":"product_tag","embeddable":true,"href":"https:\/\/berberedesign.com\/fr\/wp-json\/wp\/v2\/product_tag?post=102502"}],"curies":[{"name":"wp","href":"https:\/\/api.w.org\/{rel}","templated":true}]}}