{"id":102294,"date":"2024-04-12T00:12:02","date_gmt":"2024-04-12T00:12:02","guid":{"rendered":"https:\/\/berberedesign.com\/?post_type=product&#038;p=102294"},"modified":"2025-03-06T08:13:53","modified_gmt":"2025-03-06T08:13:53","slug":"pouf-rond-en-cuir-marocain-orange","status":"publish","type":"product","link":"https:\/\/berberedesign.com\/fr\/pouf-rond-en-cuir-marocain-orange\/","title":{"rendered":"Marmelade de Marrakech : Pouf marocain rond en cuir orange"},"content":{"rendered":"<p>D\u00e9voilez l'\u00e9clat du Maroc avec le Pouf Marrakech Marmelade : Pouf en cuir marocain rond orange. Fabriqu\u00e9 en cuir marocain de premi\u00e8re qualit\u00e9, ce pouf est un symbole de luxe et de confort. Avec sa teinte orange audacieuse et ses coutures exquises, il peut servir de si\u00e8ge, de repose-pieds ou de table. Durable et \u00e9l\u00e9gant, il apporte une touche d'\u00e9l\u00e9gance marocaine \u00e0 n'importe quelle pi\u00e8ce. Cet objet d'art fonctionnel vous permettra de vous d\u00e9marquer et d'ajouter une touche de chaleur \u00e0 votre d\u00e9cor.<\/p>\n<p><iframe title=\"Un talent artisanal marocain\" width=\"1200\" height=\"675\" src=\"https:\/\/www.youtube.com\/embed\/c_10xM47nDw?feature=oembed&#038;enablejsapi=1&#038;origin=https:\/\/berberedesign.com\" frameborder=\"0\" allow=\"accelerometer; autoplay; clipboard-write; encrypted-media; gyroscope; picture-in-picture; web-share\" referrerpolicy=\"strict-origin-when-cross-origin\" allowfullscreen><\/iframe><\/p>","protected":false},"excerpt":{"rendered":"<p>D\u00e9voilez l'\u00e9clat du Maroc avec le Pouf Marrakech Marmelade : Pouf en cuir marocain rond orange. Fabriqu\u00e9 en cuir marocain de premi\u00e8re qualit\u00e9, ce pouf est un symbole de luxe et de confort. Avec sa teinte orange audacieuse et ses coutures exquises, il peut servir de si\u00e8ge, de repose-pieds ou de table. Durable et \u00e9l\u00e9gant, il apporte une touche d'\u00e9l\u00e9gance marocaine \u00e0 n'importe quelle pi\u00e8ce. Cet objet d'art fonctionnel vous permettra de vous d\u00e9marquer et d'ajouter une touche de chaleur \u00e0 votre d\u00e9cor.<\/p>","protected":false},"featured_media":102426,"comment_status":"open","ping_status":"closed","template":"","meta":[],"product_brand":[],"product_cat":[234,202,302,204,232,236],"product_tag":[139,140],"class_list":{"0":"post-102294","1":"product","2":"type-product","3":"status-publish","4":"has-post-thumbnail","6":"product_cat-best-sellers","7":"product_cat-home-decor","8":"product_cat-leather-poufs","9":"product_cat-moroccan-poufs","10":"product_cat-new-arrivals","11":"product_cat-sale-items","12":"product_tag-moroccan-leather-pouf-cream","13":"product_tag-pouf-cream-moroccan-leather","14":"product_shipping_class-free","15":"description-off","17":"first","18":"instock","19":"sale","20":"shipping-taxable","21":"purchasable","22":"product-type-variable"},"jetpack_sharing_enabled":true,"_links":{"self":[{"href":"https:\/\/berberedesign.com\/fr\/wp-json\/wp\/v2\/product\/102294","targetHints":{"allow":["GET"]}}],"collection":[{"href":"https:\/\/berberedesign.com\/fr\/wp-json\/wp\/v2\/product"}],"about":[{"href":"https:\/\/berberedesign.com\/fr\/wp-json\/wp\/v2\/types\/product"}],"replies":[{"embeddable":true,"href":"https:\/\/berberedesign.com\/fr\/wp-json\/wp\/v2\/comments?post=102294"}],"version-history":[{"count":3,"href":"https:\/\/berberedesign.com\/fr\/wp-json\/wp\/v2\/product\/102294\/revisions"}],"predecessor-version":[{"id":106809,"href":"https:\/\/berberedesign.com\/fr\/wp-json\/wp\/v2\/product\/102294\/revisions\/106809"}],"wp:featuredmedia":[{"embeddable":true,"href":"https:\/\/berberedesign.com\/fr\/wp-json\/wp\/v2\/media\/102426"}],"wp:attachment":[{"href":"https:\/\/berberedesign.com\/fr\/wp-json\/wp\/v2\/media?parent=102294"}],"wp:term":[{"taxonomy":"product_brand","embeddable":true,"href":"https:\/\/berberedesign.com\/fr\/wp-json\/wp\/v2\/product_brand?post=102294"},{"taxonomy":"product_cat","embeddable":true,"href":"https:\/\/berberedesign.com\/fr\/wp-json\/wp\/v2\/product_cat?post=102294"},{"taxonomy":"product_tag","embeddable":true,"href":"https:\/\/berberedesign.com\/fr\/wp-json\/wp\/v2\/product_tag?post=102294"}],"curies":[{"name":"wp","href":"https:\/\/api.w.org\/{rel}","templated":true}]}}