{"id":102242,"date":"2024-03-31T20:16:16","date_gmt":"2024-03-31T20:16:16","guid":{"rendered":"https:\/\/berberedesign.com\/?post_type=product&#038;p=102242"},"modified":"2025-02-28T16:40:12","modified_gmt":"2025-02-28T16:40:12","slug":"authentique-pouf-en-cuir-marocain-jaune","status":"publish","type":"product","link":"https:\/\/berberedesign.com\/fr\/authentique-pouf-en-cuir-marocain-jaune\/","title":{"rendered":"Transformez votre espace : Authentique Pouf Marocain en Cuir Jaune"},"content":{"rendered":"<p>Ajoutez une touche de couleur \u00e0 votre int\u00e9rieur avec cet authentique pouf marocain en cuir fabriqu\u00e9 \u00e0 la main. Fabriqu\u00e9 en cuir v\u00e9ritable de premi\u00e8re qualit\u00e9, ce pouf jaune vif est m\u00e9ticuleusement con\u00e7u par des artisans qualifi\u00e9s pour apporter une touche de charme marocain \u00e0 n'importe quel espace. Parfait pour servir de repose-pieds, de si\u00e8ge suppl\u00e9mentaire ou d'accent d\u00e9coratif, il s'agit d'une pi\u00e8ce audacieuse pour votre int\u00e9rieur.<\/p>\n<ul>\n<li><strong>Artisanat authentique :<\/strong> Fabriqu\u00e9 \u00e0 la main par des artisans marocains utilisant des techniques traditionnelles et des mat\u00e9riaux de haute qualit\u00e9.<\/li>\n<li><strong>Couleur jaune vif :<\/strong> Une teinte audacieuse et joyeuse qui donne instantan\u00e9ment de la vie \u00e0 n'importe quelle pi\u00e8ce.<\/li>\n<li><strong>Fonctionnalit\u00e9 polyvalente :<\/strong> Utilisez-le comme repose-pieds, comme si\u00e8ge suppl\u00e9mentaire ou comme \u00e9l\u00e9ment d\u00e9coratif.<\/li>\n<li><strong>Durable et de longue dur\u00e9e :<\/strong> Fabriqu\u00e9 en cuir v\u00e9ritable robuste pour garantir des ann\u00e9es d'utilisation.<\/li>\n<li><strong>Le patrimoine culturel :<\/strong> Une belle combinaison de design marocain traditionnel et d'attrait moderne.<\/li>\n<\/ul>\n<p>Apportez l'\u00e9clat du design marocain dans votre maison avec ce pouf en cuir jaune, un m\u00e9lange parfait d'\u00e9l\u00e9gance, d'utilit\u00e9 et de tradition.<\/p>\n<p><iframe title=\"Un talent artisanal marocain\" width=\"1200\" height=\"675\" src=\"https:\/\/www.youtube.com\/embed\/c_10xM47nDw?feature=oembed&#038;enablejsapi=1&#038;origin=https:\/\/berberedesign.com\" frameborder=\"0\" allow=\"accelerometer; autoplay; clipboard-write; encrypted-media; gyroscope; picture-in-picture; web-share\" referrerpolicy=\"strict-origin-when-cross-origin\" allowfullscreen><\/iframe><\/p>","protected":false},"excerpt":{"rendered":"<p>Donnez \u00e0 votre maison une touche d'\u00e9l\u00e9gance exotique gr\u00e2ce \u00e0 notre <strong>Pouf marocain en cuir jaune<\/strong>. V\u00e9ritable t\u00e9moignage de l'artisanat marocain, ce pouf est m\u00e9ticuleusement fabriqu\u00e9 \u00e0 la main \u00e0 partir d'un mat\u00e9riau de qualit\u00e9. <strong>100% cuir pleine fleur<\/strong>Le cuir est une mati\u00e8re premi\u00e8re de qualit\u00e9, provenant directement des tanneries renomm\u00e9es de Marrakech et de F\u00e8s. Chaque pi\u00e8ce est unique, avec de subtiles variations qui t\u00e9moignent de son authenticit\u00e9 et de son charme.<\/p>","protected":false},"featured_media":102416,"comment_status":"open","ping_status":"closed","template":"","meta":[],"product_brand":[],"product_cat":[234,202,302,204,232,236],"product_tag":[139,140],"class_list":{"0":"post-102242","1":"product","2":"type-product","3":"status-publish","4":"has-post-thumbnail","6":"product_cat-best-sellers","7":"product_cat-home-decor","8":"product_cat-leather-poufs","9":"product_cat-moroccan-poufs","10":"product_cat-new-arrivals","11":"product_cat-sale-items","12":"product_tag-moroccan-leather-pouf-cream","13":"product_tag-pouf-cream-moroccan-leather","14":"product_shipping_class-free","15":"description-off","17":"first","18":"instock","19":"sale","20":"shipping-taxable","21":"purchasable","22":"product-type-variable"},"jetpack_sharing_enabled":true,"_links":{"self":[{"href":"https:\/\/berberedesign.com\/fr\/wp-json\/wp\/v2\/product\/102242","targetHints":{"allow":["GET"]}}],"collection":[{"href":"https:\/\/berberedesign.com\/fr\/wp-json\/wp\/v2\/product"}],"about":[{"href":"https:\/\/berberedesign.com\/fr\/wp-json\/wp\/v2\/types\/product"}],"replies":[{"embeddable":true,"href":"https:\/\/berberedesign.com\/fr\/wp-json\/wp\/v2\/comments?post=102242"}],"version-history":[{"count":2,"href":"https:\/\/berberedesign.com\/fr\/wp-json\/wp\/v2\/product\/102242\/revisions"}],"predecessor-version":[{"id":106812,"href":"https:\/\/berberedesign.com\/fr\/wp-json\/wp\/v2\/product\/102242\/revisions\/106812"}],"wp:featuredmedia":[{"embeddable":true,"href":"https:\/\/berberedesign.com\/fr\/wp-json\/wp\/v2\/media\/102416"}],"wp:attachment":[{"href":"https:\/\/berberedesign.com\/fr\/wp-json\/wp\/v2\/media?parent=102242"}],"wp:term":[{"taxonomy":"product_brand","embeddable":true,"href":"https:\/\/berberedesign.com\/fr\/wp-json\/wp\/v2\/product_brand?post=102242"},{"taxonomy":"product_cat","embeddable":true,"href":"https:\/\/berberedesign.com\/fr\/wp-json\/wp\/v2\/product_cat?post=102242"},{"taxonomy":"product_tag","embeddable":true,"href":"https:\/\/berberedesign.com\/fr\/wp-json\/wp\/v2\/product_tag?post=102242"}],"curies":[{"name":"wp","href":"https:\/\/api.w.org\/{rel}","templated":true}]}}