{"id":101926,"date":"2023-07-20T21:53:16","date_gmt":"2023-07-20T21:53:16","guid":{"rendered":"https:\/\/berberedesign.com\/?post_type=product&#038;p=101926"},"modified":"2024-12-16T03:29:40","modified_gmt":"2024-12-16T03:29:40","slug":"captivante-housse-de-coussin-berbere-marocain-rouge-vintage","status":"publish","type":"product","link":"https:\/\/berberedesign.com\/fr\/captivante-housse-de-coussin-berbere-marocain-rouge-vintage\/","title":{"rendered":"Captivante housse de coussin berb\u00e8re marocain rouge vintage"},"content":{"rendered":"<h1>Captivante housse de coussin berb\u00e8re marocain rouge vintage : \u00c9l\u00e9gance intemporelle et h\u00e9ritage culturel<\/h1>\n<p>La housse de coussin berb\u00e8re marocain Vintage Red est un accessoire unique et captivant qui apporte une touche d'histoire et d'h\u00e9ritage culturel \u00e0 votre espace de vie. Cette housse de coussin est m\u00e9ticuleusement fabriqu\u00e9e avec un m\u00e9lange de techniques et de mat\u00e9riaux traditionnels, capturant l'essence de l'art berb\u00e8re marocain. La housse pr\u00e9sente une nuance de rouge riche et profonde, ajoutant une touche de couleur vibrante \u00e0 votre d\u00e9cor. Son aspect vintage conf\u00e8re un sentiment de nostalgie et de caract\u00e8re \u00e0 n'importe quelle pi\u00e8ce. Les motifs complexes s'inspirent de la culture berb\u00e8re et int\u00e8grent des dessins g\u00e9om\u00e9triques, des symboles et des motifs qui ont une signification symbolique et racontent l'histoire de l'h\u00e9ritage de la r\u00e9gion.<\/p>\n<p><img fetchpriority=\"high\" decoding=\"async\" class=\"aligncenter wp-image-101012 size-large\" src=\"https:\/\/berberedesign.com\/wp-content\/uploads\/2023\/06\/NEW-Vintage-red-moroccan-berber-pillow-cover-1024x683.webp\" alt=\"NOUVEAU Taie d&#039;oreiller berb\u00e8re marocain rouge vintage\" width=\"1024\" height=\"683\" title=\"\" srcset=\"https:\/\/berberedesign.com\/wp-content\/uploads\/2023\/06\/NEW-Vintage-red-moroccan-berber-pillow-cover-1024x683.webp 1024w, https:\/\/berberedesign.com\/wp-content\/uploads\/2023\/06\/NEW-Vintage-red-moroccan-berber-pillow-cover-300x200.webp 300w, https:\/\/berberedesign.com\/wp-content\/uploads\/2023\/06\/NEW-Vintage-red-moroccan-berber-pillow-cover-768x512.webp 768w, https:\/\/berberedesign.com\/wp-content\/uploads\/2023\/06\/NEW-Vintage-red-moroccan-berber-pillow-cover-18x12.webp 18w, https:\/\/berberedesign.com\/wp-content\/uploads\/2023\/06\/NEW-Vintage-red-moroccan-berber-pillow-cover-1064x710.webp 1064w, https:\/\/berberedesign.com\/wp-content\/uploads\/2023\/06\/NEW-Vintage-red-moroccan-berber-pillow-cover-20x13.webp 20w, https:\/\/berberedesign.com\/wp-content\/uploads\/2023\/06\/NEW-Vintage-red-moroccan-berber-pillow-cover-64x43.webp 64w, https:\/\/berberedesign.com\/wp-content\/uploads\/2023\/06\/NEW-Vintage-red-moroccan-berber-pillow-cover-1080x721.webp 1080w, https:\/\/berberedesign.com\/wp-content\/uploads\/2023\/06\/NEW-Vintage-red-moroccan-berber-pillow-cover-980x654.webp 980w, https:\/\/berberedesign.com\/wp-content\/uploads\/2023\/06\/NEW-Vintage-red-moroccan-berber-pillow-cover-480x320.webp 480w, https:\/\/berberedesign.com\/wp-content\/uploads\/2023\/06\/NEW-Vintage-red-moroccan-berber-pillow-cover.webp 1280w\" sizes=\"(max-width: 1024px) 100vw, 1024px\"><\/p>\n<p>Fabriqu\u00e9e \u00e0 partir d'un tissu de haute qualit\u00e9, la housse de coussin se distingue par sa durabilit\u00e9 et sa texture. Elle est soigneusement tiss\u00e9e, brod\u00e9e ou peinte \u00e0 la main par des artisans qualifi\u00e9s, ce qui garantit que chaque pi\u00e8ce est unique et met en valeur le savoir-faire transmis de g\u00e9n\u00e9ration en g\u00e9n\u00e9ration. Cette housse d'oreiller polyvalente est con\u00e7ue pour s'adapter \u00e0 des oreillers de taille standard, ce qui permet de l'int\u00e9grer facilement \u00e0 votre d\u00e9cor existant. Elle peut \u00eatre utilis\u00e9e pour rehausser l'aspect de votre canap\u00e9, de votre lit ou de votre fauteuil, transformant instantan\u00e9ment l'ambiance de la pi\u00e8ce.<\/p>\n<p>La housse de coussin berb\u00e8re marocain rouge vintage est une belle pi\u00e8ce d'apparat et un sujet de conversation. Son attrait intemporel et sa signification culturelle en font un ajout pr\u00e9cieux \u00e0 votre int\u00e9rieur, \u00e9voquant un charme exotique et une chaleur invitante.<\/p>\n<p><img decoding=\"async\" class=\"aligncenter wp-image-101013 size-large\" src=\"https:\/\/berberedesign.com\/wp-content\/uploads\/2023\/06\/THE-NEW-Vintage-red-moroccan-berber-pillow-cover-1024x683.webp\" alt=\"NOUVEAU Coussin berb\u00e8re marocain rouge vintage\" width=\"1024\" height=\"683\" title=\"\" srcset=\"https:\/\/berberedesign.com\/wp-content\/uploads\/2023\/06\/THE-NEW-Vintage-red-moroccan-berber-pillow-cover-1024x683.webp 1024w, https:\/\/berberedesign.com\/wp-content\/uploads\/2023\/06\/THE-NEW-Vintage-red-moroccan-berber-pillow-cover-300x200.webp 300w, https:\/\/berberedesign.com\/wp-content\/uploads\/2023\/06\/THE-NEW-Vintage-red-moroccan-berber-pillow-cover-768x512.webp 768w, https:\/\/berberedesign.com\/wp-content\/uploads\/2023\/06\/THE-NEW-Vintage-red-moroccan-berber-pillow-cover-18x12.webp 18w, https:\/\/berberedesign.com\/wp-content\/uploads\/2023\/06\/THE-NEW-Vintage-red-moroccan-berber-pillow-cover-1064x710.webp 1064w, https:\/\/berberedesign.com\/wp-content\/uploads\/2023\/06\/THE-NEW-Vintage-red-moroccan-berber-pillow-cover-20x13.webp 20w, https:\/\/berberedesign.com\/wp-content\/uploads\/2023\/06\/THE-NEW-Vintage-red-moroccan-berber-pillow-cover-64x43.webp 64w, https:\/\/berberedesign.com\/wp-content\/uploads\/2023\/06\/THE-NEW-Vintage-red-moroccan-berber-pillow-cover-1080x721.webp 1080w, https:\/\/berberedesign.com\/wp-content\/uploads\/2023\/06\/THE-NEW-Vintage-red-moroccan-berber-pillow-cover-980x654.webp 980w, https:\/\/berberedesign.com\/wp-content\/uploads\/2023\/06\/THE-NEW-Vintage-red-moroccan-berber-pillow-cover-480x320.webp 480w, https:\/\/berberedesign.com\/wp-content\/uploads\/2023\/06\/THE-NEW-Vintage-red-moroccan-berber-pillow-cover.webp 1280w\" sizes=\"(max-width: 1024px) 100vw, 1024px\"><\/p>\n<p>Veuillez noter que ce produit comprend uniquement la housse de l'oreiller et n'est pas accompagn\u00e9 d'une garniture. Il est recommand\u00e9 d'utiliser une taie d'oreiller de 45 x 45 cm (18 x 18 pouces) (ou similaire) pour obtenir un aspect confortable et complet.<\/p>","protected":false},"excerpt":{"rendered":"<p>La housse de coussin berb\u00e8re marocaine rouge vintage est un objet de d\u00e9coration intemporel et authentique qui met en valeur une riche couleur rouge et des motifs berb\u00e8res marocains traditionnels.<\/p>","protected":false},"featured_media":100949,"comment_status":"open","ping_status":"closed","template":"","meta":[],"product_brand":[],"product_cat":[234,198,197,199,232,196,200,236,201],"product_tag":[],"class_list":{"0":"post-101926","1":"product","2":"type-product","3":"status-publish","4":"has-post-thumbnail","6":"product_cat-best-sellers","7":"product_cat-embroidered-cushions","8":"product_cat-handwoven-berber-pillows","9":"product_cat-kilim-pillow-covers","10":"product_cat-new-arrivals","11":"product_cat-pillows-and-cushions","12":"product_cat-pom-pom-cushions","13":"product_cat-sale-items","14":"product_cat-vintage-berber-pillows","15":"product_shipping_class-free","16":"description-off","18":"first","19":"instock","20":"featured","21":"shipping-taxable","22":"purchasable","23":"product-type-simple"},"jetpack_sharing_enabled":true,"_links":{"self":[{"href":"https:\/\/berberedesign.com\/fr\/wp-json\/wp\/v2\/product\/101926","targetHints":{"allow":["GET"]}}],"collection":[{"href":"https:\/\/berberedesign.com\/fr\/wp-json\/wp\/v2\/product"}],"about":[{"href":"https:\/\/berberedesign.com\/fr\/wp-json\/wp\/v2\/types\/product"}],"replies":[{"embeddable":true,"href":"https:\/\/berberedesign.com\/fr\/wp-json\/wp\/v2\/comments?post=101926"}],"version-history":[{"count":0,"href":"https:\/\/berberedesign.com\/fr\/wp-json\/wp\/v2\/product\/101926\/revisions"}],"wp:featuredmedia":[{"embeddable":true,"href":"https:\/\/berberedesign.com\/fr\/wp-json\/wp\/v2\/media\/100949"}],"wp:attachment":[{"href":"https:\/\/berberedesign.com\/fr\/wp-json\/wp\/v2\/media?parent=101926"}],"wp:term":[{"taxonomy":"product_brand","embeddable":true,"href":"https:\/\/berberedesign.com\/fr\/wp-json\/wp\/v2\/product_brand?post=101926"},{"taxonomy":"product_cat","embeddable":true,"href":"https:\/\/berberedesign.com\/fr\/wp-json\/wp\/v2\/product_cat?post=101926"},{"taxonomy":"product_tag","embeddable":true,"href":"https:\/\/berberedesign.com\/fr\/wp-json\/wp\/v2\/product_tag?post=101926"}],"curies":[{"name":"wp","href":"https:\/\/api.w.org\/{rel}","templated":true}]}}