{"id":101918,"date":"2023-07-20T14:27:47","date_gmt":"2023-07-20T14:27:47","guid":{"rendered":"https:\/\/berberedesign.com\/?post_type=product&#038;p=101918"},"modified":"2025-02-28T16:43:41","modified_gmt":"2025-02-28T16:43:41","slug":"housses-de-coussin-marocaines-rouges-faites-a-la-main","status":"publish","type":"product","link":"https:\/\/berberedesign.com\/fr\/housses-de-coussin-marocaines-rouges-faites-a-la-main\/","title":{"rendered":"Housses de coussin marocaines rouges faites \u00e0 la main | Shop Custom Throw Pillows"},"content":{"rendered":"<p>Nous vous pr\u00e9sentons notre collection exquise de housses de coussin rouges marocaines faites \u00e0 la main, le compl\u00e9ment id\u00e9al pour rehausser votre d\u00e9coration int\u00e9rieure. Ces housses uniques au design complexe sont m\u00e9ticuleusement fabriqu\u00e9es par des artisans qualifi\u00e9s et refl\u00e8tent le riche h\u00e9ritage culturel du Maroc. Que vous souhaitiez ajouter une touche d'\u00e9l\u00e9gance \u00e0 votre salon, votre chambre \u00e0 coucher ou tout autre espace, nos coussins personnalis\u00e9s sont le choix id\u00e9al.<\/p>\n<p>Chaque housse de coussin est fabriqu\u00e9e \u00e0 la main \u00e0 l'aide de mat\u00e9riaux de premi\u00e8re qualit\u00e9, soigneusement s\u00e9lectionn\u00e9s pour garantir sa durabilit\u00e9 et sa long\u00e9vit\u00e9. Le savoir-faire artisanal est \u00e9vident dans les moindres d\u00e9tails, notamment les broderies complexes, les couleurs vives et les motifs traditionnels qui mettent en valeur la beaut\u00e9 de l'art marocain. Ces housses sont un v\u00e9ritable t\u00e9moignage du talent et du d\u00e9vouement de nos artisans.<\/p>\n<p><img fetchpriority=\"high\" decoding=\"async\" class=\"aligncenter wp-image-101921 size-large\" src=\"https:\/\/berberedesign.com\/wp-content\/uploads\/2023\/07\/Handmade-Moroccan-Red-Cushion-Covers--1024x683.webp\" alt=\"Housses de coussin marocaines rouges faites \u00e0 la main \" width=\"1024\" height=\"683\" title=\"\"><\/p>\n<p>Nos housses de coussin marocaines sont non seulement visuellement attrayantes, mais elles offrent \u00e9galement un confort et un soutien exceptionnels. Elles sont con\u00e7ues pour s'adapter \u00e0 des coussins de taille standard, ce qui permet de transformer facilement vos coussins existants en pi\u00e8ces d'apparat captivantes. La texture douce et moelleuse des housses ajoute un \u00e9l\u00e9ment douillet et accueillant \u00e0 n'importe quelle pi\u00e8ce, vous permettant de vous d\u00e9tendre et de vous relaxer avec style.<\/p>\n<p>Nos housses de coussin marocaines faites \u00e0 la main se distinguent par leur polyvalence. Elles s'int\u00e8grent parfaitement \u00e0 un large \u00e9ventail de styles de d\u00e9coration, du moderne au contemporain en passant par le boh\u00e8me et l'\u00e9clectique. Que vous pr\u00e9f\u00e9riez une esth\u00e9tique minimaliste ou un look plus vibrant et \u00e9clectique, nos housses de coussin s'int\u00e8grent sans effort \u00e0 votre style personnel et \u00e0 la d\u00e9coration de votre maison.<\/p>\n<p>Dans notre magasin, nous donnons la priorit\u00e9 \u00e0 la personnalisation afin de r\u00e9pondre \u00e0 vos pr\u00e9f\u00e9rences uniques. Nous proposons un large choix de combinaisons de couleurs, de motifs et de tailles, afin que vous trouviez l'accord parfait avec votre vision de la d\u00e9coration d'int\u00e9rieur. Vous pouvez m\u00e9langer et assortir diff\u00e9rents motifs pour cr\u00e9er un ensemble captivant ou choisir une pi\u00e8ce unique qui deviendra le point central de votre espace.<\/p>\n<p>En achetant nos housses de coussin marocaines faites \u00e0 la main, vous n'investissez pas seulement dans un objet d\u00e9coratif, vous soutenez l'artisanat traditionnel et donnez du pouvoir aux artisans. Nous nous engageons \u00e0 respecter les pratiques du commerce \u00e9quitable, en veillant \u00e0 ce que nos artisans re\u00e7oivent une juste r\u00e9mun\u00e9ration pour leurs comp\u00e9tences exceptionnelles et leur travail acharn\u00e9.<\/p>\n<p><img decoding=\"async\" class=\"aligncenter wp-image-101924 size-large\" src=\"https:\/\/berberedesign.com\/wp-content\/uploads\/2023\/07\/Handmade-Moroccan-Cushion-1024x683.webp\" alt=\"Coussin marocain fait main\" width=\"1024\" height=\"683\" title=\"\"><\/p>\n<p>Revitalisez votre int\u00e9rieur avec l'\u00e9l\u00e9gance intemporelle du design marocain en ajoutant nos housses de coussin marocaines faites \u00e0 la main \u00e0 votre collection. Avec leur fabrication exquise, leur qualit\u00e9 sup\u00e9rieure et leurs options personnalisables, ces housses de coussin sont un must pour tous ceux qui cherchent \u00e0 cr\u00e9er une ambiance chaleureuse et accueillante dans leur espace de vie. Achetez maintenant et d\u00e9couvrez la beaut\u00e9 de l'art marocain dans le confort de votre maison.<\/p>","protected":false},"excerpt":{"rendered":"<p>Rehaussez votre d\u00e9coration int\u00e9rieure avec nos housses de coussin marocaines faites \u00e0 la main. Ces housses de coussin personnalis\u00e9es pr\u00e9sentent des broderies complexes, des couleurs vives et des motifs traditionnels qui capturent la beaut\u00e9 de l'art marocain. Fabriqu\u00e9es avec des mat\u00e9riaux de qualit\u00e9 sup\u00e9rieure, elles offrent \u00e0 la fois confort et style, et s'int\u00e8grent sans effort \u00e0 n'importe quelle d\u00e9coration int\u00e9rieure. Choisissez parmi une vari\u00e9t\u00e9 de couleurs, de motifs et de tailles pour cr\u00e9er un look personnalis\u00e9. Soutenez les pratiques du commerce \u00e9quitable et donnez du pouvoir aux artisans \u00e0 chaque achat. Transformez votre espace avec l'\u00e9l\u00e9gance intemporelle de nos housses de coussin marocaines faites \u00e0 la main. Achetez d\u00e8s maintenant et faites entrer le charme du Maroc dans votre maison.<\/p>","protected":false},"featured_media":101919,"comment_status":"open","ping_status":"closed","template":"","meta":[],"product_brand":[],"product_cat":[234,198,197,199,232,196,200,236,201],"product_tag":[],"class_list":{"0":"post-101918","1":"product","2":"type-product","3":"status-publish","4":"has-post-thumbnail","6":"product_cat-best-sellers","7":"product_cat-embroidered-cushions","8":"product_cat-handwoven-berber-pillows","9":"product_cat-kilim-pillow-covers","10":"product_cat-new-arrivals","11":"product_cat-pillows-and-cushions","12":"product_cat-pom-pom-cushions","13":"product_cat-sale-items","14":"product_cat-vintage-berber-pillows","15":"product_shipping_class-free","16":"description-off","18":"first","19":"instock","20":"featured","21":"shipping-taxable","22":"purchasable","23":"product-type-simple"},"jetpack_sharing_enabled":true,"_links":{"self":[{"href":"https:\/\/berberedesign.com\/fr\/wp-json\/wp\/v2\/product\/101918","targetHints":{"allow":["GET"]}}],"collection":[{"href":"https:\/\/berberedesign.com\/fr\/wp-json\/wp\/v2\/product"}],"about":[{"href":"https:\/\/berberedesign.com\/fr\/wp-json\/wp\/v2\/types\/product"}],"replies":[{"embeddable":true,"href":"https:\/\/berberedesign.com\/fr\/wp-json\/wp\/v2\/comments?post=101918"}],"version-history":[{"count":0,"href":"https:\/\/berberedesign.com\/fr\/wp-json\/wp\/v2\/product\/101918\/revisions"}],"wp:featuredmedia":[{"embeddable":true,"href":"https:\/\/berberedesign.com\/fr\/wp-json\/wp\/v2\/media\/101919"}],"wp:attachment":[{"href":"https:\/\/berberedesign.com\/fr\/wp-json\/wp\/v2\/media?parent=101918"}],"wp:term":[{"taxonomy":"product_brand","embeddable":true,"href":"https:\/\/berberedesign.com\/fr\/wp-json\/wp\/v2\/product_brand?post=101918"},{"taxonomy":"product_cat","embeddable":true,"href":"https:\/\/berberedesign.com\/fr\/wp-json\/wp\/v2\/product_cat?post=101918"},{"taxonomy":"product_tag","embeddable":true,"href":"https:\/\/berberedesign.com\/fr\/wp-json\/wp\/v2\/product_tag?post=101918"}],"curies":[{"name":"wp","href":"https:\/\/api.w.org\/{rel}","templated":true}]}}