{"id":101909,"date":"2023-07-20T13:21:25","date_gmt":"2023-07-20T13:21:25","guid":{"rendered":"https:\/\/berberedesign.com\/?post_type=product&#038;p=101909"},"modified":"2023-11-11T10:30:34","modified_gmt":"2023-11-11T10:30:34","slug":"housse-de-coussin-marocaine-rouge-faite-a-la-main","status":"publish","type":"product","link":"https:\/\/berberedesign.com\/fr\/housse-de-coussin-marocaine-rouge-faite-a-la-main\/","title":{"rendered":"Housse de coussin marocaine rouge faite \u00e0 la main - Coussin en soie sabra"},"content":{"rendered":"<p>Offrez \u00e0 votre int\u00e9rieur une touche de couleur vibrante et d'allure exotique avec notre housse de coussin rouge marocaine faite \u00e0 la main, tiss\u00e9e \u00e0 partir de la luxueuse soie de Sabra. Ce charmant accessoire provient du c\u0153ur du Maroc, un pays r\u00e9put\u00e9 pour son riche patrimoine et son art textile in\u00e9gal\u00e9.<\/p>\n<p>Fabriqu\u00e9e par des artisans locaux, cette housse de coussin pr\u00e9sente la quintessence de l'esth\u00e9tique marocaine. Elle est teint\u00e9e dans une nuance de rouge frappante, rappelant les couchers de soleil ardents de Marrakech, et ne manquera pas d'ajouter une touche unique et accrocheuse \u00e0 n'importe quelle pi\u00e8ce. Le rouge est consid\u00e9r\u00e9 comme un symbole de vie et de joie dans la culture marocaine, ce qui donne encore plus de profondeur \u00e0 ce magnifique objet fabriqu\u00e9 \u00e0 la main.<\/p>\n<p><img fetchpriority=\"high\" decoding=\"async\" class=\"aligncenter wp-image-101913 size-large\" src=\"https:\/\/berberedesign.com\/wp-content\/uploads\/2023\/07\/Moroccan-Red-Cushion-Cover-1024x683.webp\" alt=\"Housse de coussin rouge marocain\" width=\"1024\" height=\"683\" title=\"\"><\/p>\n<p>Les motifs complexes, inspir\u00e9s de symboles berb\u00e8res s\u00e9culaires, sont m\u00e9ticuleusement cousus \u00e0 la main, ajoutant une couche de texture et de richesse. La soie Sabra utilis\u00e9e est en fait une forme de soie de cactus, \u00e9galement connue sous le nom de \"soie v\u00e9g\u00e9tale\". Elle est incroyablement douce, durable et hypoallerg\u00e9nique, ce qui en fait un excellent choix pour les m\u00e9nages sensibles aux allerg\u00e8nes.<\/p>\n<p>Notre housse de coussin mesure 18 x 18 pouces, une taille parfaite pour les oreillers standard. Elle est dot\u00e9e d'une fermeture \u00e0 glissi\u00e8re cach\u00e9e, ce qui permet de retirer et d'ins\u00e9rer facilement la garniture de votre oreiller. Veuillez noter qu'il s'agit d'un produit fait \u00e0 la main et qu'il faut s'attendre \u00e0 de l\u00e9g\u00e8res variations dans le design, la couleur et la taille, ce qui fait que chaque housse est vraiment unique.<\/p>\n<p>Les instructions d'entretien sont simples : lavage \u00e0 la main ou nettoyage \u00e0 sec uniquement. Repasser \u00e0 chaud. Ne pas blanchir. Ce soin permet de conserver la couleur et le travail de broderie complexe.<\/p>\n<p><img decoding=\"async\" class=\"aligncenter wp-image-101915 size-large\" src=\"https:\/\/berberedesign.com\/wp-content\/uploads\/2023\/07\/red-Sabra-Silk-Pillow-1024x683.webp\" alt=\"Oreiller en soie rouge Sabra\" width=\"1024\" height=\"683\" title=\"\"><\/p>\n<p>La housse de coussin rouge marocaine faite \u00e0 la main : Sabra Silk Pillow n'offre pas seulement du confort, mais raconte une histoire riche en traditions et en art. C'est plus qu'un simple accessoire d\u00e9coratif, c'est un morceau du patrimoine marocain apport\u00e9 directement dans votre maison. Alors, pourquoi attendre ? Ajoutez ce splendide accessoire \u00e0 votre d\u00e9cor et laissez son \u00e9clat et son essence culturelle rehausser votre int\u00e9rieur.<\/p>","protected":false},"excerpt":{"rendered":"<p>Plongez dans l'essence de la tradition marocaine avec notre housse de coussin rouge marocaine fabriqu\u00e9e \u00e0 la main. Tiss\u00e9 \u00e0 partir de la luxueuse soie Sabra par des artisans qualifi\u00e9s, cet accessoire vibrant, teint\u00e9 dans une nuance de rouge vif, ajoute une touche d'exotisme \u00e0 n'importe quelle pi\u00e8ce. Dot\u00e9e de motifs berb\u00e8res complexes cousus \u00e0 la main et d'une fermeture \u00e0 glissi\u00e8re cach\u00e9e, cette housse n'est pas seulement une pi\u00e8ce d\u00e9corative, c'est aussi une tranche d'h\u00e9ritage marocain dans votre maison. Il mesure 18 x 18 pouces et s'adapte \u00e0 des coussins standard.<\/p>","protected":false},"featured_media":101911,"comment_status":"open","ping_status":"closed","template":"","meta":[],"product_brand":[],"product_cat":[234,198,197,199,232,196,200,236,201],"product_tag":[],"class_list":{"0":"post-101909","1":"product","2":"type-product","3":"status-publish","4":"has-post-thumbnail","6":"product_cat-best-sellers","7":"product_cat-embroidered-cushions","8":"product_cat-handwoven-berber-pillows","9":"product_cat-kilim-pillow-covers","10":"product_cat-new-arrivals","11":"product_cat-pillows-and-cushions","12":"product_cat-pom-pom-cushions","13":"product_cat-sale-items","14":"product_cat-vintage-berber-pillows","15":"product_shipping_class-free","16":"description-off","18":"first","19":"instock","20":"featured","21":"shipping-taxable","22":"purchasable","23":"product-type-simple"},"jetpack_sharing_enabled":true,"_links":{"self":[{"href":"https:\/\/berberedesign.com\/fr\/wp-json\/wp\/v2\/product\/101909","targetHints":{"allow":["GET"]}}],"collection":[{"href":"https:\/\/berberedesign.com\/fr\/wp-json\/wp\/v2\/product"}],"about":[{"href":"https:\/\/berberedesign.com\/fr\/wp-json\/wp\/v2\/types\/product"}],"replies":[{"embeddable":true,"href":"https:\/\/berberedesign.com\/fr\/wp-json\/wp\/v2\/comments?post=101909"}],"version-history":[{"count":1,"href":"https:\/\/berberedesign.com\/fr\/wp-json\/wp\/v2\/product\/101909\/revisions"}],"predecessor-version":[{"id":105329,"href":"https:\/\/berberedesign.com\/fr\/wp-json\/wp\/v2\/product\/101909\/revisions\/105329"}],"wp:featuredmedia":[{"embeddable":true,"href":"https:\/\/berberedesign.com\/fr\/wp-json\/wp\/v2\/media\/101911"}],"wp:attachment":[{"href":"https:\/\/berberedesign.com\/fr\/wp-json\/wp\/v2\/media?parent=101909"}],"wp:term":[{"taxonomy":"product_brand","embeddable":true,"href":"https:\/\/berberedesign.com\/fr\/wp-json\/wp\/v2\/product_brand?post=101909"},{"taxonomy":"product_cat","embeddable":true,"href":"https:\/\/berberedesign.com\/fr\/wp-json\/wp\/v2\/product_cat?post=101909"},{"taxonomy":"product_tag","embeddable":true,"href":"https:\/\/berberedesign.com\/fr\/wp-json\/wp\/v2\/product_tag?post=101909"}],"curies":[{"name":"wp","href":"https:\/\/api.w.org\/{rel}","templated":true}]}}