{"id":101897,"date":"2023-07-17T13:58:03","date_gmt":"2023-07-17T13:58:03","guid":{"rendered":"https:\/\/berberedesign.com\/?post_type=product&#038;p=101897"},"modified":"2023-11-11T10:30:42","modified_gmt":"2023-11-11T10:30:42","slug":"couverture-a-pompons-marocaine","status":"publish","type":"product","link":"https:\/\/berberedesign.com\/fr\/couverture-a-pompons-marocaine\/","title":{"rendered":"Couverture \u00e0 pompons marocaine stylis\u00e9e | Rayures noir et blanc"},"content":{"rendered":"<p>[et_pb_section fb_built=\"1\u2033 _builder_version=\"4.16\u2033 custom_padding=\"0px||||false|false\" global_colors_info=\"{}\"][et_pb_row _builder_version=\"4.16\u2033 background_size=\"initial\" background_position=\"top_left\" background_repeat=\"repeat\" width=\"100%\" custom_padding=\"0px||0px|false|false\" global_colors_info=\"{}\"][et_pb_column type=\"4_4\u2033 _builder_version=\"4.16\u2033 custom_padding=\"|||\" global_colors_info=\"{}\" custom_padding__hover=\"|||\"][et_pb_wc_breadcrumb _builder_version=\"4.16\u2033 global_colors_info=\"{}\"][\/et_pb_wc_breadcrumb][et_pb_wc_cart_notice _builder_version=\"4.16\u2033 global_colors_info=\"{}\"][\/et_pb_wc_cart_notice][\/et_pb_column][\/et_pb_row][et_pb_row column_structure=\"1_2,1_2\u2033 _builder_version=\"4.16\u2033 background_size=\"initial\" background_position=\"top_left\" background_repeat=\"repeat\" width=\"100%\" custom_padding=\"0px||||false|false\" global_colors_info=\"{}\"][et_pb_column type=\"1_2\u2033 _builder_version=\"4.16\u2033 custom_padding=\"|||\" global_colors_info=\"{}\" custom_padding__hover=\"|||\"][et_pb_wc_images _builder_version=\"4.16\u2033 global_colors_info=\"{}\"][\/et_pb_wc_images][\/et_pb_column][et_pb_column type=\"1_2\u2033 _builder_version=\"4.16\u2033 custom_padding=\"|||\" global_colors_info=\"{}\" custom_padding__hover=\"|||\"][et_pb_wc_title _builder_version=\"4.16\u2033 global_colors_info=\"{}\"][\/et_pb_wc_title][et_pb_wc_rating _builder_version=\"4.16\u2033 global_colors_info=\"{}\"][\/et_pb_wc_rating][et_pb_wc_price _builder_version=\"4.16\u2033 global_colors_info=\"{}\"][\/et_pb_wc_price][et_pb_wc_description _builder_version=\"4.16\u2033 global_colors_info=\"{}\"][\/et_pb_wc_description][et_pb_wc_add_to_cart _builder_version=\"4.16\u2033 global_colors_info=\"{}\"][\/et_pb_wc_add_to_cart][et_pb_wc_meta _builder_version=\"4.16\u2033 global_colors_info=\"{}\"][\/et_pb_wc_meta][\/et_pb_column][\/et_pb_row][et_pb_row _builder_version=\"4.16\u2033 background_size=\"initial\" background_position=\"top_left\" background_repeat=\"repeat\" width=\"100%\" global_colors_info=\"{}\"][et_pb_column type=\"4_4\u2033 _builder_version=\"4.16\u2033 custom_padding=\"|||\" global_colors_info=\"{}\" custom_padding__hover=\"|||\"][et_pb_wc_tabs _builder_version=\"4.16\u2033 global_colors_info=\"{}\"] [\/et_pb_wc_tabs][et_pb_wc_upsells _builder_version=\"4.16\u2033 global_colors_info=\"{}\"][\/et_pb_wc_upsells][et_pb_wc_related_products _builder_version=\"4.16\u2033 global_colors_info=\"{}\"][\/et_pb_wc_related_products][\/et_pb_column][\/et_pb_row][\/et_pb_section]<\/p>","protected":false},"excerpt":{"rendered":"<p>Pr\u00e9sentation de notre exquise <strong>Couverture \u00e0 pompons marocaine<\/strong>La collection de v\u00eatements de sport de l'Universit\u00e9 du Qu\u00e9bec \u00e0 Montr\u00e9al (UQAM) est un m\u00e9lange parfait de style et de confort. Laissez-vous s\u00e9duire par les rayures classiques noires et blanches en vous blottissant dans leur douce \u00e9treinte. Rehaussez votre d\u00e9coration int\u00e9rieure avec cette pi\u00e8ce intemporelle qui s'int\u00e8gre sans effort dans n'importe quel int\u00e9rieur. Avec son design chic et ses <strong>pompon<\/strong> Cette couverture est un compl\u00e9ment indispensable \u00e0 votre espace de vie. Offrez-vous le luxe et transformez votre maison en un havre de sophistication. Obtenez votre couverture marocaine <strong>Couverture \u00e0 pompons<\/strong> et d\u00e9couvrez le summum de l'\u00e9l\u00e9gance et du confort.<\/p>","protected":false},"featured_media":101898,"comment_status":"open","ping_status":"closed","template":"","meta":[],"product_brand":[],"product_cat":[202,203,234,232,236],"product_tag":[],"class_list":{"0":"post-101897","1":"product","2":"type-product","3":"status-publish","4":"has-post-thumbnail","6":"product_cat-home-decor","7":"product_cat-berber-blankets-and-throws","8":"product_cat-best-sellers","9":"product_cat-new-arrivals","10":"product_cat-sale-items","11":"product_shipping_class-free","12":"description-off","14":"first","15":"instock","16":"featured","17":"shipping-taxable","18":"purchasable","19":"product-type-simple"},"jetpack_sharing_enabled":true,"_links":{"self":[{"href":"https:\/\/berberedesign.com\/fr\/wp-json\/wp\/v2\/product\/101897","targetHints":{"allow":["GET"]}}],"collection":[{"href":"https:\/\/berberedesign.com\/fr\/wp-json\/wp\/v2\/product"}],"about":[{"href":"https:\/\/berberedesign.com\/fr\/wp-json\/wp\/v2\/types\/product"}],"replies":[{"embeddable":true,"href":"https:\/\/berberedesign.com\/fr\/wp-json\/wp\/v2\/comments?post=101897"}],"version-history":[{"count":0,"href":"https:\/\/berberedesign.com\/fr\/wp-json\/wp\/v2\/product\/101897\/revisions"}],"wp:featuredmedia":[{"embeddable":true,"href":"https:\/\/berberedesign.com\/fr\/wp-json\/wp\/v2\/media\/101898"}],"wp:attachment":[{"href":"https:\/\/berberedesign.com\/fr\/wp-json\/wp\/v2\/media?parent=101897"}],"wp:term":[{"taxonomy":"product_brand","embeddable":true,"href":"https:\/\/berberedesign.com\/fr\/wp-json\/wp\/v2\/product_brand?post=101897"},{"taxonomy":"product_cat","embeddable":true,"href":"https:\/\/berberedesign.com\/fr\/wp-json\/wp\/v2\/product_cat?post=101897"},{"taxonomy":"product_tag","embeddable":true,"href":"https:\/\/berberedesign.com\/fr\/wp-json\/wp\/v2\/product_tag?post=101897"}],"curies":[{"name":"wp","href":"https:\/\/api.w.org\/{rel}","templated":true}]}}