{"id":101314,"date":"2023-06-15T19:03:15","date_gmt":"2023-06-15T19:03:15","guid":{"rendered":"https:\/\/berberedesign.com\/?post_type=product&#038;p=101314"},"modified":"2025-02-22T14:57:19","modified_gmt":"2025-02-22T14:57:19","slug":"pouf-en-cuir-marocain-creme","status":"publish","type":"product","link":"https:\/\/berberedesign.com\/fr\/pouf-en-cuir-marocain-creme\/","title":{"rendered":"Opulent Pouf en cuir marocain cr\u00e8me"},"content":{"rendered":"<h1>Laissez-vous s\u00e9duire par l'\u00e9l\u00e9gance intemporelle de notre Pouf en cuir marocain cr\u00e8me rond.<\/h1>\n<p>M\u00e9ticuleusement fabriqu\u00e9 \u00e0 la main par des artisans qualifi\u00e9s, ce pouf exquis t\u00e9moigne de la beaut\u00e9 de l'artisanat marocain. Fabriqu\u00e9 en cuir de haute qualit\u00e9, il d\u00e9gage une impression de luxe et de raffinement. Le cuir de couleur cr\u00e8me s'harmonise avec une vari\u00e9t\u00e9 de styles d'int\u00e9rieur, du traditionnel au contemporain, ce qui en fait un ajout polyvalent \u00e0 votre espace de vie. Sa forme ronde ajoute une touche charmante et invitante, cr\u00e9ant une option d'assise confortable ou un repose-pieds \u00e9l\u00e9gant.<\/p>\n<p>Ce pouf sert non seulement de meuble fonctionnel, mais aussi d'\u00e9l\u00e9ment d\u00e9coratif. Les coutures complexes et l'attention port\u00e9e aux d\u00e9tails t\u00e9moignent du savoir-faire de l'artisan, tandis que les variations naturelles du cuir ajoutent du caract\u00e8re et de l'originalit\u00e9 \u00e0 chaque pouf. Avec sa taille g\u00e9n\u00e9reuse et son rembourrage moelleux, le pouf offre une assise confortable et une exp\u00e9rience relaxante. Que vous le placiez dans le salon, la chambre \u00e0 coucher ou m\u00eame dans un coin lecture confortable, il rehausse sans effort l'ambiance de n'importe quel espace.<\/p>\n<p>&nbsp;<\/p>\n<p>Ajoutez une touche de luxe artisanal \u00e0 votre int\u00e9rieur avec notre Pouf marocain rond en cuir cr\u00e8me. D\u00e9couvrez la beaut\u00e9, le confort et le charme durable qu'il apporte \u00e0 votre espace de vie, vous invitant \u00e0 vous d\u00e9tendre et \u00e0 vous offrir un moment de pure relaxation.<\/p>\n<p><iframe title=\"Un talent artisanal marocain\" width=\"1200\" height=\"675\" src=\"https:\/\/www.youtube.com\/embed\/c_10xM47nDw?feature=oembed&#038;enablejsapi=1&#038;origin=https:\/\/berberedesign.com\" frameborder=\"0\" allow=\"accelerometer; autoplay; clipboard-write; encrypted-media; gyroscope; picture-in-picture; web-share\" referrerpolicy=\"strict-origin-when-cross-origin\" allowfullscreen><\/iframe><\/p>\n<h3><strong>Informations compl\u00e9mentaires :\u00a0<\/strong><\/h3>\n<ul>\n<li>Type de produit : Pouf en cuir<\/li>\n<li>Mati\u00e8re : Cuir v\u00e9ritable<\/li>\n<li>\u00c9thiquement : Fait \u00e0 la main, brod\u00e9 et cousu au Maroc dans le respect de l'\u00e9thique.<\/li>\n<li>Origine : Maroc<\/li>\n<li>Couleur : Cr\u00e8me<\/li>\n<li>Dimensions 53 x 53 x 32 cm<\/li>\n<li>Condition : Nos poufs en cuir ne sont pas remplis et sont pr\u00eats \u00e0 l'emploi.<\/li>\n<\/ul>","protected":false},"excerpt":{"rendered":"<p>Rehaussez votre espace de vie avec notre Pouf en cuir marocain cr\u00e8me rond. Ce pouf fabriqu\u00e9 \u00e0 la main allie \u00e9l\u00e9gance intemporelle et confort luxueux, ajoutant une touche de sophistication \u00e0 n'importe quelle pi\u00e8ce.<\/p>","protected":false},"featured_media":102387,"comment_status":"open","ping_status":"closed","template":"","meta":[],"product_brand":[],"product_cat":[234,202,302,204,232,236],"product_tag":[139,140],"class_list":{"0":"post-101314","1":"product","2":"type-product","3":"status-publish","4":"has-post-thumbnail","6":"product_cat-best-sellers","7":"product_cat-home-decor","8":"product_cat-leather-poufs","9":"product_cat-moroccan-poufs","10":"product_cat-new-arrivals","11":"product_cat-sale-items","12":"product_tag-moroccan-leather-pouf-cream","13":"product_tag-pouf-cream-moroccan-leather","14":"product_shipping_class-free","15":"description-off","17":"first","18":"instock","19":"sale","20":"shipping-taxable","21":"purchasable","22":"product-type-variable"},"jetpack_sharing_enabled":true,"_links":{"self":[{"href":"https:\/\/berberedesign.com\/fr\/wp-json\/wp\/v2\/product\/101314","targetHints":{"allow":["GET"]}}],"collection":[{"href":"https:\/\/berberedesign.com\/fr\/wp-json\/wp\/v2\/product"}],"about":[{"href":"https:\/\/berberedesign.com\/fr\/wp-json\/wp\/v2\/types\/product"}],"replies":[{"embeddable":true,"href":"https:\/\/berberedesign.com\/fr\/wp-json\/wp\/v2\/comments?post=101314"}],"version-history":[{"count":3,"href":"https:\/\/berberedesign.com\/fr\/wp-json\/wp\/v2\/product\/101314\/revisions"}],"predecessor-version":[{"id":106813,"href":"https:\/\/berberedesign.com\/fr\/wp-json\/wp\/v2\/product\/101314\/revisions\/106813"}],"wp:featuredmedia":[{"embeddable":true,"href":"https:\/\/berberedesign.com\/fr\/wp-json\/wp\/v2\/media\/102387"}],"wp:attachment":[{"href":"https:\/\/berberedesign.com\/fr\/wp-json\/wp\/v2\/media?parent=101314"}],"wp:term":[{"taxonomy":"product_brand","embeddable":true,"href":"https:\/\/berberedesign.com\/fr\/wp-json\/wp\/v2\/product_brand?post=101314"},{"taxonomy":"product_cat","embeddable":true,"href":"https:\/\/berberedesign.com\/fr\/wp-json\/wp\/v2\/product_cat?post=101314"},{"taxonomy":"product_tag","embeddable":true,"href":"https:\/\/berberedesign.com\/fr\/wp-json\/wp\/v2\/product_tag?post=101314"}],"curies":[{"name":"wp","href":"https:\/\/api.w.org\/{rel}","templated":true}]}}