{"id":101255,"date":"2023-06-15T11:20:22","date_gmt":"2023-06-15T11:20:22","guid":{"rendered":"https:\/\/berberedesign.com\/?post_type=product&#038;p=101255"},"modified":"2025-06-22T03:13:13","modified_gmt":"2025-06-22T03:13:13","slug":"tapis-marocain-bleu-beni-ourain","status":"publish","type":"product","link":"https:\/\/berberedesign.com\/fr\/tapis-marocain-bleu-beni-ourain\/","title":{"rendered":"Captivant tapis marocain bleu Beni Ourain"},"content":{"rendered":"<h1>Plongez dans l'allure du tapis marocain bleu captivant de Beni Ourain.<\/h1>\n<p>M\u00e9ticuleusement fabriqu\u00e9 \u00e0 la main par des artisans qualifi\u00e9s au c\u0153ur du Maroc, ce tapis met en valeur la beaut\u00e9 intemporelle et l'art de la tribu des Beni Ourain. La teinte bleue captivante de ce tapis \u00e9voque un sentiment de tranquillit\u00e9 et de s\u00e9r\u00e9nit\u00e9, insufflant \u00e0 votre espace une ambiance rafra\u00eechissante. Ses motifs g\u00e9om\u00e9triques complexes et ses motifs symboliques racontent une histoire unique, refl\u00e9tant le riche h\u00e9ritage culturel et le savoir-faire artisanal qui se cachent derri\u00e8re chaque chef-d'\u0153uvre tiss\u00e9 \u00e0 la main.<\/p>\n<p>Fabriqu\u00e9 en laine de premi\u00e8re qualit\u00e9, le tapis offre une texture somptueusement douce et moelleuse sous les pieds, cr\u00e9ant un havre de paix dans votre salon, votre chambre ou votre bureau. Les variations naturelles de la couleur et de la texture de la laine renforcent l'attrait organique du tapis, tout en garantissant sa durabilit\u00e9 et sa long\u00e9vit\u00e9.<\/p>\n<p><img fetchpriority=\"high\" decoding=\"async\" class=\"aligncenter wp-image-101260 size-large\" src=\"https:\/\/berberedesign.com\/wp-content\/uploads\/2023\/06\/Blue-Moroccan-Rug-Beni-Ourain-design-1024x683.webp\" alt=\"Tapis marocain bleu Beni Ourain design\" width=\"1024\" height=\"683\" title=\"\" srcset=\"https:\/\/berberedesign.com\/wp-content\/uploads\/2023\/06\/Blue-Moroccan-Rug-Beni-Ourain-design-1024x683.webp 1024w, https:\/\/berberedesign.com\/wp-content\/uploads\/2023\/06\/Blue-Moroccan-Rug-Beni-Ourain-design-300x200.webp 300w, https:\/\/berberedesign.com\/wp-content\/uploads\/2023\/06\/Blue-Moroccan-Rug-Beni-Ourain-design-768x512.webp 768w, https:\/\/berberedesign.com\/wp-content\/uploads\/2023\/06\/Blue-Moroccan-Rug-Beni-Ourain-design-18x12.webp 18w, https:\/\/berberedesign.com\/wp-content\/uploads\/2023\/06\/Blue-Moroccan-Rug-Beni-Ourain-design-1064x710.webp 1064w, https:\/\/berberedesign.com\/wp-content\/uploads\/2023\/06\/Blue-Moroccan-Rug-Beni-Ourain-design-20x13.webp 20w, https:\/\/berberedesign.com\/wp-content\/uploads\/2023\/06\/Blue-Moroccan-Rug-Beni-Ourain-design-64x43.webp 64w, https:\/\/berberedesign.com\/wp-content\/uploads\/2023\/06\/Blue-Moroccan-Rug-Beni-Ourain-design-1080x721.webp 1080w, https:\/\/berberedesign.com\/wp-content\/uploads\/2023\/06\/Blue-Moroccan-Rug-Beni-Ourain-design-980x654.webp 980w, https:\/\/berberedesign.com\/wp-content\/uploads\/2023\/06\/Blue-Moroccan-Rug-Beni-Ourain-design-480x320.webp 480w, https:\/\/berberedesign.com\/wp-content\/uploads\/2023\/06\/Blue-Moroccan-Rug-Beni-Ourain-design.webp 1280w\" sizes=\"(max-width: 1024px) 100vw, 1024px\"><\/p>\n<p>Le captivant tapis marocain bleu Beni Ourain compl\u00e8te sans effort une vari\u00e9t\u00e9 de styles de d\u00e9coration int\u00e9rieure, du contemporain au boh\u00e8me et tout ce qui se trouve entre les deux. Sa taille g\u00e9n\u00e9reuse lui permet d'ancrer la pi\u00e8ce et de servir de point focal captivant qui enflamme la conversation et capte l'attention.<\/p>\n<p>Rehaussez votre d\u00e9coration int\u00e9rieure avec l'extraordinaire beaut\u00e9 du tapis marocain bleu captivant Beni Ourain. Son artisanat exquis et son \u00e9l\u00e9gance intemporelle rehaussent l'esth\u00e9tique de votre espace, cr\u00e9ant un m\u00e9lange harmonieux de style et de culture.<\/p>\n<h3><strong>Informations compl\u00e9mentaires :\u00a0<\/strong><\/h3>\n<p>Type de produit : Tapis fait \u00e0 la main<\/p>\n<p>Mati\u00e8re : Laine<\/p>\n<p>Composition : 100% Laine<\/p>\n<p>Style : Beni ourain<\/p>\n<p>Couleur : bleu et blanc<\/p>\n<p>Taille : 6,56 x 9,84 ft \/ 200\u00d7300 cm<\/p>\n<p>Remarque : chaque tapis \u00e9tant tiss\u00e9 \u00e0 la main, il peut y avoir de l\u00e9g\u00e8res variations dans les dimensions et le poids, ce qui ajoute au caract\u00e8re unique du produit.<\/p>\n<p>Si vous avez besoin de poids et de dimensions sp\u00e9cifiques pour un tapis marocain bleu captivant Beni Ourain, veuillez indiquer la taille ou le mod\u00e8le d\u00e9sir\u00e9 et je me ferai un plaisir de vous aider.<\/p>","protected":false},"excerpt":{"rendered":"<p>Transformez votre espace avec le Captivant Tapis Marocain Bleu Beni Ourain. Ce tapis exquis associe l'artisanat marocain traditionnel \u00e0 une palette de couleurs bleues envo\u00fbtantes, cr\u00e9ant ainsi une pi\u00e8ce qui ajoute de la profondeur et du charme \u00e0 n'importe quelle pi\u00e8ce.<\/p>","protected":false},"featured_media":101863,"comment_status":"open","ping_status":"closed","template":"","meta":[],"product_brand":[],"product_cat":[232,192,234,190,319,318],"product_tag":[132,131,128,133,130,134,129],"class_list":{"0":"post-101255","1":"product","2":"type-product","3":"status-publish","4":"has-post-thumbnail","6":"product_cat-new-arrivals","7":"product_cat-beni-ourain-rugs","8":"product_cat-best-sellers","9":"product_cat-rugs","10":"product_cat-rugs-wool-handcrafted-benches","11":"product_cat-wool","12":"product_tag-beni-ourain-rug","13":"product_tag-checkered-rug","14":"product_tag-green-and-white-checkered-rug","15":"product_tag-green-berber-rug","16":"product_tag-green-moroccan-rug","17":"product_tag-green-shag-rug","18":"product_tag-sage-green-moroccan-rug-beni-ourain","19":"product_shipping_class-free","20":"description-off","22":"first","23":"outofstock","24":"featured","25":"shipping-taxable","26":"purchasable","27":"product-type-simple"},"jetpack_sharing_enabled":true,"_links":{"self":[{"href":"https:\/\/berberedesign.com\/fr\/wp-json\/wp\/v2\/product\/101255","targetHints":{"allow":["GET"]}}],"collection":[{"href":"https:\/\/berberedesign.com\/fr\/wp-json\/wp\/v2\/product"}],"about":[{"href":"https:\/\/berberedesign.com\/fr\/wp-json\/wp\/v2\/types\/product"}],"replies":[{"embeddable":true,"href":"https:\/\/berberedesign.com\/fr\/wp-json\/wp\/v2\/comments?post=101255"}],"version-history":[{"count":1,"href":"https:\/\/berberedesign.com\/fr\/wp-json\/wp\/v2\/product\/101255\/revisions"}],"predecessor-version":[{"id":105319,"href":"https:\/\/berberedesign.com\/fr\/wp-json\/wp\/v2\/product\/101255\/revisions\/105319"}],"wp:featuredmedia":[{"embeddable":true,"href":"https:\/\/berberedesign.com\/fr\/wp-json\/wp\/v2\/media\/101863"}],"wp:attachment":[{"href":"https:\/\/berberedesign.com\/fr\/wp-json\/wp\/v2\/media?parent=101255"}],"wp:term":[{"taxonomy":"product_brand","embeddable":true,"href":"https:\/\/berberedesign.com\/fr\/wp-json\/wp\/v2\/product_brand?post=101255"},{"taxonomy":"product_cat","embeddable":true,"href":"https:\/\/berberedesign.com\/fr\/wp-json\/wp\/v2\/product_cat?post=101255"},{"taxonomy":"product_tag","embeddable":true,"href":"https:\/\/berberedesign.com\/fr\/wp-json\/wp\/v2\/product_tag?post=101255"}],"curies":[{"name":"wp","href":"https:\/\/api.w.org\/{rel}","templated":true}]}}