{"id":100993,"date":"2023-06-13T22:55:51","date_gmt":"2023-06-13T22:55:51","guid":{"rendered":"https:\/\/berberedesign.com\/?post_type=product&#038;p=100993"},"modified":"2026-03-31T17:32:44","modified_gmt":"2026-03-31T17:32:44","slug":"coussin-marocain-orange-vibrant","status":"publish","type":"product","link":"https:\/\/berberedesign.com\/fr\/coussin-marocain-orange-vibrant\/","title":{"rendered":"Oreiller marocain orange vif"},"content":{"rendered":"<h1>Oreiller marocain orange, ajoutez de l'\u00e9l\u00e9gance et de l'\u00e9nergie \u00e0 votre espace :<\/h1>\n<p>L'oreiller marocain orange est un accessoire de d\u00e9coration int\u00e9rieure \u00e9tonnant qui ajoute de l'\u00e9l\u00e9gance et une touche culturelle \u00e0 n'importe quel espace de vie. Fabriqu\u00e9 dans un tissu doux de haute qualit\u00e9, ce coussin rectangulaire mesure environ 45 x 45 cm. Il pr\u00e9sente un motif captivant d'inspiration marocaine avec des formes g\u00e9om\u00e9triques complexes, des motifs orn\u00e9s et des d\u00e9tails d\u00e9licats, le tout dans une nuance orange vibrante. Le choix de cette couleur audacieuse en fait un point focal accrocheur qui apporte chaleur et \u00e9nergie \u00e0 n'importe quelle pi\u00e8ce.<\/p>\n<p><img fetchpriority=\"high\" decoding=\"async\" class=\"aligncenter wp-image-100995 size-large\" src=\"https:\/\/berberedesign.com\/wp-content\/uploads\/2023\/06\/orange-moroccan-throw-pillows-1024x683.webp\" alt=\"Coussins marocains orange\" width=\"1024\" height=\"683\" title=\"\" srcset=\"https:\/\/berberedesign.com\/wp-content\/uploads\/2023\/06\/orange-moroccan-throw-pillows-1024x683.webp 1024w, https:\/\/berberedesign.com\/wp-content\/uploads\/2023\/06\/orange-moroccan-throw-pillows-300x200.webp 300w, https:\/\/berberedesign.com\/wp-content\/uploads\/2023\/06\/orange-moroccan-throw-pillows-768x512.webp 768w, https:\/\/berberedesign.com\/wp-content\/uploads\/2023\/06\/orange-moroccan-throw-pillows-18x12.webp 18w, https:\/\/berberedesign.com\/wp-content\/uploads\/2023\/06\/orange-moroccan-throw-pillows-1064x710.webp 1064w, https:\/\/berberedesign.com\/wp-content\/uploads\/2023\/06\/orange-moroccan-throw-pillows-20x13.webp 20w, https:\/\/berberedesign.com\/wp-content\/uploads\/2023\/06\/orange-moroccan-throw-pillows-64x43.webp 64w, https:\/\/berberedesign.com\/wp-content\/uploads\/2023\/06\/orange-moroccan-throw-pillows-1080x721.webp 1080w, https:\/\/berberedesign.com\/wp-content\/uploads\/2023\/06\/orange-moroccan-throw-pillows-980x654.webp 980w, https:\/\/berberedesign.com\/wp-content\/uploads\/2023\/06\/orange-moroccan-throw-pillows-480x320.webp 480w, https:\/\/berberedesign.com\/wp-content\/uploads\/2023\/06\/orange-moroccan-throw-pillows.webp 1280w\" sizes=\"(max-width: 1024px) 100vw, 1024px\"><\/p>\n<p>Ce coussin est con\u00e7u pour \u00eatre \u00e0 la fois esth\u00e9tique et confortable, offrant une sensation de peluche et d'accueil. Son rembourrage g\u00e9n\u00e9reux offre un soutien important, ce qui le rend parfait pour se d\u00e9tendre, se relaxer ou comme accent d\u00e9coratif sur un canap\u00e9, un lit ou un fauteuil. Le coussin Orange Moroccan Throw Pillow s'adapte sans effort \u00e0 diff\u00e9rents styles de d\u00e9coration int\u00e9rieure, du contemporain au boh\u00e8me, et ajoute une touche de charme et de caract\u00e8re \u00e0 n'importe quel espace. Qu'il soit utilis\u00e9 seul ou associ\u00e9 \u00e0 d'autres coussins aux couleurs compl\u00e9mentaires, cet accessoire vibrant rehausse instantan\u00e9ment l'ambiance d'une pi\u00e8ce.<\/p>\n<p><img decoding=\"async\" class=\"aligncenter wp-image-100996 size-large\" src=\"https:\/\/berberedesign.com\/wp-content\/uploads\/2023\/06\/the-orange-moroccan-throw-pillow-1024x683.webp\" alt=\"le coussin marocain orange\" width=\"1024\" height=\"683\" title=\"\" srcset=\"https:\/\/berberedesign.com\/wp-content\/uploads\/2023\/06\/the-orange-moroccan-throw-pillow-1024x683.webp 1024w, https:\/\/berberedesign.com\/wp-content\/uploads\/2023\/06\/the-orange-moroccan-throw-pillow-300x200.webp 300w, https:\/\/berberedesign.com\/wp-content\/uploads\/2023\/06\/the-orange-moroccan-throw-pillow-768x512.webp 768w, https:\/\/berberedesign.com\/wp-content\/uploads\/2023\/06\/the-orange-moroccan-throw-pillow-18x12.webp 18w, https:\/\/berberedesign.com\/wp-content\/uploads\/2023\/06\/the-orange-moroccan-throw-pillow-1064x710.webp 1064w, https:\/\/berberedesign.com\/wp-content\/uploads\/2023\/06\/the-orange-moroccan-throw-pillow-20x13.webp 20w, https:\/\/berberedesign.com\/wp-content\/uploads\/2023\/06\/the-orange-moroccan-throw-pillow-64x43.webp 64w, https:\/\/berberedesign.com\/wp-content\/uploads\/2023\/06\/the-orange-moroccan-throw-pillow-1080x721.webp 1080w, https:\/\/berberedesign.com\/wp-content\/uploads\/2023\/06\/the-orange-moroccan-throw-pillow-980x654.webp 980w, https:\/\/berberedesign.com\/wp-content\/uploads\/2023\/06\/the-orange-moroccan-throw-pillow-480x320.webp 480w, https:\/\/berberedesign.com\/wp-content\/uploads\/2023\/06\/the-orange-moroccan-throw-pillow.webp 1280w\" sizes=\"(max-width: 1024px) 100vw, 1024px\"><\/p>\n<p>Avec son design captivant et sa fabrication haut de gamme, le coussin marocain Orange est un ajout polyvalent et \u00e9l\u00e9gant \u00e0 votre collection de d\u00e9coration d'int\u00e9rieur. Il apporte une explosion de couleurs et d'inspiration culturelle \u00e0 vos espaces de vie, cr\u00e9ant une atmosph\u00e8re visuellement frappante et invitante.<\/p>","protected":false},"excerpt":{"rendered":"<p>Le coussin d'appoint marocain orange est un coussin d'appoint vibrant et d\u00e9coratif qui pr\u00e9sente un motif d'inspiration marocaine dans une nuance d'orange frappante.<\/p>","protected":false},"featured_media":100994,"comment_status":"open","ping_status":"closed","template":"","meta":[],"product_brand":[],"product_cat":[234,198,197,199,232,196,200,236,201],"product_tag":[],"class_list":{"0":"post-100993","1":"product","2":"type-product","3":"status-publish","4":"has-post-thumbnail","6":"product_cat-best-sellers","7":"product_cat-embroidered-cushions","8":"product_cat-handwoven-berber-pillows","9":"product_cat-kilim-pillow-covers","10":"product_cat-new-arrivals","11":"product_cat-pillows-and-cushions","12":"product_cat-pom-pom-cushions","13":"product_cat-sale-items","14":"product_cat-vintage-berber-pillows","15":"product_shipping_class-free","16":"description-off","18":"first","19":"outofstock","20":"featured","21":"shipping-taxable","22":"purchasable","23":"product-type-simple"},"jetpack_sharing_enabled":true,"_links":{"self":[{"href":"https:\/\/berberedesign.com\/fr\/wp-json\/wp\/v2\/product\/100993","targetHints":{"allow":["GET"]}}],"collection":[{"href":"https:\/\/berberedesign.com\/fr\/wp-json\/wp\/v2\/product"}],"about":[{"href":"https:\/\/berberedesign.com\/fr\/wp-json\/wp\/v2\/types\/product"}],"replies":[{"embeddable":true,"href":"https:\/\/berberedesign.com\/fr\/wp-json\/wp\/v2\/comments?post=100993"}],"version-history":[{"count":0,"href":"https:\/\/berberedesign.com\/fr\/wp-json\/wp\/v2\/product\/100993\/revisions"}],"wp:featuredmedia":[{"embeddable":true,"href":"https:\/\/berberedesign.com\/fr\/wp-json\/wp\/v2\/media\/100994"}],"wp:attachment":[{"href":"https:\/\/berberedesign.com\/fr\/wp-json\/wp\/v2\/media?parent=100993"}],"wp:term":[{"taxonomy":"product_brand","embeddable":true,"href":"https:\/\/berberedesign.com\/fr\/wp-json\/wp\/v2\/product_brand?post=100993"},{"taxonomy":"product_cat","embeddable":true,"href":"https:\/\/berberedesign.com\/fr\/wp-json\/wp\/v2\/product_cat?post=100993"},{"taxonomy":"product_tag","embeddable":true,"href":"https:\/\/berberedesign.com\/fr\/wp-json\/wp\/v2\/product_tag?post=100993"}],"curies":[{"name":"wp","href":"https:\/\/api.w.org\/{rel}","templated":true}]}}